{"id":1031,"date":"2020-04-05T18:11:36","date_gmt":"2020-04-05T16:11:36","guid":{"rendered":"http:\/\/xn--praxis-lemke-eckernfrde-rlc.de\/?page_id=1031"},"modified":"2022-08-06T12:11:33","modified_gmt":"2022-08-06T10:11:33","slug":"integrative-onkologie","status":"publish","type":"page","link":"https:\/\/xn--praxis-lemke-eckernfrde-rlc.de\/?page_id=1031","title":{"rendered":"Integrative Onkologie &#8211; Begleitung bei Tumor &#8211; und Krebserkrankungen"},"content":{"rendered":"\n<p>Die von mir praktizierte Integrative Onkologie versteht sich als Erg\u00e4nzung zu schulmedizinischen Therapiestrategien. <\/p>\n\n\n\n<p>Geschult in den gut recherchierten Verfahren <strong>Yair Maimons*<\/strong> (Israel) et al. unterst\u00fctze ich Sie im besten aller Sinne beim Bew\u00e4ltigen Ihrer Erkrankung im k\u00f6rperlichen wie psychischen Sinne und ggf. bei bestehenden Nebenwirkungen durch Ihre leitlinienbasierte schulmedizinische Therapie.<\/p>\n\n\n\n<p>Akupunktur bei \u00dcbelkeit, Schmerz etc. hat sich oft bew\u00e4hrt und dar\u00fcber hinaus empfohlen sind spezifische Kr\u00e4uterkombinationen. Folgende &#8222;links&#8220; f\u00fchren Sie zu Artikeln in pubmed \u00fcber eine der recht gut untersuchten Rezepturen und deren m\u00f6glicher Vorteile &#8211; wenden Sie sich bei Fragen gerne an mich:<\/p>\n\n\n\n<p>Botanical Formula LCS101: <strong>A Multi-Targeted Approach to Cancer Care   <\/strong><\/p>\n\n\n\n<p>Integr Cancer Ther..<a href=\"https:\/\/www.ncbi.nlm.nih.gov\/nlmcatalog?term=%22Integr+Cancer+Ther%22%5BTitle+Abbreviation%5D\"><\/a>.&nbsp;2018 Dec;17(4):1020-1026.&nbsp;doi: 10.1177\/1534735418801528.&nbsp;Epub 2018 Oct 10.<\/p>\n\n\n\n<p><strong><a href=\"https:\/\/pubmed.ncbi.nlm.nih.gov\/30303021\/\" target=\"_blank\" rel=\"noreferrer noopener\">https:\/\/pubmed.ncbi.nlm.nih.gov\/30303021\/<\/a>     *<\/strong><\/p>\n\n\n\n<p><\/p>\n\n\n\n<p><strong>Selective anticancer effects and protection from chemotherapy by the botanical compound<\/strong> LCS101: Implications for cancer treatment<\/p>\n\n\n\n<p>Int J Oncol. 2015 Jan;46(1):308-16. doi: 10.3892\/ijo.2014.2711. Epub 2014 Oct 17.<\/p>\n\n\n\n<p><strong><a href=\"https:\/\/pubmed.ncbi.nlm.nih.gov\/25333773\/\" target=\"_blank\" rel=\"noreferrer noopener\">https:\/\/pubmed.ncbi.nlm.nih.gov\/25333773\/<\/a>     *<\/strong><\/p>\n\n\n\n<p><\/p>\n\n\n\n<p><strong>Effect of the botanical formula LCS101 on the anti-cancer effects of radiation therapy<\/strong><\/p>\n\n\n\n<p>J Cancer Res Clin Oncol. 2019 Mar;145(3):609-613. doi: 10.1007\/s00432-018-2812-4. Epub 2018 Dec 6.<\/p>\n\n\n\n<p><strong><a href=\"https:\/\/pubmed.ncbi.nlm.nih.gov\/30523409\/\" target=\"_blank\" rel=\"noreferrer noopener\">https:\/\/pubmed.ncbi.nlm.nih.gov\/30523409\/<\/a>     *<\/strong><\/p>\n\n\n\n<p><\/p>\n\n\n\n<p><strong>A prospective, controlled study of the botanical compound mixture LCS101 for chemotherapy-induced hematological complications in breast cancer<\/strong><\/p>\n\n\n\n<p>Randomized Controlled Trial Oncologist. 2011;16(9):1197-202.<\/p>\n\n\n\n<p><strong><a href=\"https:\/\/pubmed.ncbi.nlm.nih.gov\/21712486\/\" target=\"_blank\" rel=\"noreferrer noopener\">https:\/\/pubmed.ncbi.nlm.nih.gov\/21712486\/<\/a>     *<\/strong><\/p>\n\n\n\n<p><\/p>\n\n\n\n<p><strong>*die Moderne verlangt es darauf hinzuweisen, dass f\u00fcr links zu externen Quellen &amp; Inhalten keinerlei Verantwortung \u00fcbernommen wird.<\/strong><\/p>\n","protected":false},"excerpt":{"rendered":"<p>Die von mir praktizierte Integrative Onkologie versteht sich als Erg\u00e4nzung zu schulmedizinischen Therapiestrategien. Geschult in den gut recherchierten Verfahren Yair Maimons* (Israel) et al. unterst\u00fctze ich Sie im besten aller Sinne beim Bew\u00e4ltigen Ihrer Erkrankung im k\u00f6rperlichen wie psychischen Sinne [&hellip;]<\/p>\n","protected":false},"author":1,"featured_media":0,"parent":0,"menu_order":0,"comment_status":"closed","ping_status":"closed","template":"","meta":{"footnotes":""},"class_list":["post-1031","page","type-page","status-publish","hentry","clearfix"],"yoast_head":"<!-- This site is optimized with the Yoast SEO plugin v25.6 - https:\/\/yoast.com\/wordpress\/plugins\/seo\/ -->\n<title>Integrative Onkologie - Begleitung bei Tumor - und Krebserkrankungen - Dr. med. Harald Lemke<\/title>\n<meta name=\"robots\" content=\"index, follow, max-snippet:-1, max-image-preview:large, max-video-preview:-1\" \/>\n<link rel=\"canonical\" href=\"https:\/\/xn--praxis-lemke-eckernfrde-rlc.de\/?page_id=1031\" \/>\n<meta property=\"og:locale\" content=\"de_DE\" \/>\n<meta property=\"og:type\" content=\"article\" \/>\n<meta property=\"og:title\" content=\"Integrative Onkologie - Begleitung bei Tumor - und Krebserkrankungen - Dr. med. Harald Lemke\" \/>\n<meta property=\"og:description\" content=\"Die von mir praktizierte Integrative Onkologie versteht sich als Erg\u00e4nzung zu schulmedizinischen Therapiestrategien. Geschult in den gut recherchierten Verfahren Yair Maimons* (Israel) et al. unterst\u00fctze ich Sie im besten aller Sinne beim Bew\u00e4ltigen Ihrer Erkrankung im k\u00f6rperlichen wie psychischen Sinne [&hellip;]\" \/>\n<meta property=\"og:url\" content=\"https:\/\/xn--praxis-lemke-eckernfrde-rlc.de\/?page_id=1031\" \/>\n<meta property=\"og:site_name\" content=\"Dr. med. Harald Lemke\" \/>\n<meta property=\"article:modified_time\" content=\"2022-08-06T10:11:33+00:00\" \/>\n<meta name=\"twitter:card\" content=\"summary_large_image\" \/>\n<meta name=\"twitter:label1\" content=\"Gesch\u00e4tzte Lesezeit\" \/>\n\t<meta name=\"twitter:data1\" content=\"2\u00a0Minuten\" \/>\n<script type=\"application\/ld+json\" class=\"yoast-schema-graph\">{\"@context\":\"https:\/\/schema.org\",\"@graph\":[{\"@type\":\"WebPage\",\"@id\":\"https:\/\/xn--praxis-lemke-eckernfrde-rlc.de\/?page_id=1031\",\"url\":\"https:\/\/xn--praxis-lemke-eckernfrde-rlc.de\/?page_id=1031\",\"name\":\"Integrative Onkologie - Begleitung bei Tumor - und Krebserkrankungen - Dr. med. Harald Lemke\",\"isPartOf\":{\"@id\":\"https:\/\/xn--praxis-lemke-eckernfrde-rlc.de\/#website\"},\"datePublished\":\"2020-04-05T16:11:36+00:00\",\"dateModified\":\"2022-08-06T10:11:33+00:00\",\"breadcrumb\":{\"@id\":\"https:\/\/xn--praxis-lemke-eckernfrde-rlc.de\/?page_id=1031#breadcrumb\"},\"inLanguage\":\"de\",\"potentialAction\":[{\"@type\":\"ReadAction\",\"target\":[\"https:\/\/xn--praxis-lemke-eckernfrde-rlc.de\/?page_id=1031\"]}]},{\"@type\":\"BreadcrumbList\",\"@id\":\"https:\/\/xn--praxis-lemke-eckernfrde-rlc.de\/?page_id=1031#breadcrumb\",\"itemListElement\":[{\"@type\":\"ListItem\",\"position\":1,\"name\":\"Startseite\",\"item\":\"https:\/\/xn--praxis-lemke-eckernfrde-rlc.de\/\"},{\"@type\":\"ListItem\",\"position\":2,\"name\":\"Integrative Onkologie &#8211; Begleitung bei Tumor &#8211; und Krebserkrankungen\"}]},{\"@type\":\"WebSite\",\"@id\":\"https:\/\/xn--praxis-lemke-eckernfrde-rlc.de\/#website\",\"url\":\"https:\/\/xn--praxis-lemke-eckernfrde-rlc.de\/\",\"name\":\"https:\/\/xn--praxis-lemke-eckernfrde-rlc.de\/\",\"description\":\"Praxis f\u00fcr Ostasiatische Heilverfahren &amp; Integrative Medizin\",\"potentialAction\":[{\"@type\":\"SearchAction\",\"target\":{\"@type\":\"EntryPoint\",\"urlTemplate\":\"https:\/\/xn--praxis-lemke-eckernfrde-rlc.de\/?s={search_term_string}\"},\"query-input\":{\"@type\":\"PropertyValueSpecification\",\"valueRequired\":true,\"valueName\":\"search_term_string\"}}],\"inLanguage\":\"de\"}]}<\/script>\n<!-- \/ Yoast SEO plugin. -->","yoast_head_json":{"title":"Integrative Onkologie - Begleitung bei Tumor - und Krebserkrankungen - Dr. med. Harald Lemke","robots":{"index":"index","follow":"follow","max-snippet":"max-snippet:-1","max-image-preview":"max-image-preview:large","max-video-preview":"max-video-preview:-1"},"canonical":"https:\/\/xn--praxis-lemke-eckernfrde-rlc.de\/?page_id=1031","og_locale":"de_DE","og_type":"article","og_title":"Integrative Onkologie - Begleitung bei Tumor - und Krebserkrankungen - Dr. med. Harald Lemke","og_description":"Die von mir praktizierte Integrative Onkologie versteht sich als Erg\u00e4nzung zu schulmedizinischen Therapiestrategien. Geschult in den gut recherchierten Verfahren Yair Maimons* (Israel) et al. unterst\u00fctze ich Sie im besten aller Sinne beim Bew\u00e4ltigen Ihrer Erkrankung im k\u00f6rperlichen wie psychischen Sinne [&hellip;]","og_url":"https:\/\/xn--praxis-lemke-eckernfrde-rlc.de\/?page_id=1031","og_site_name":"Dr. med. Harald Lemke","article_modified_time":"2022-08-06T10:11:33+00:00","twitter_card":"summary_large_image","twitter_misc":{"Gesch\u00e4tzte Lesezeit":"2\u00a0Minuten"},"schema":{"@context":"https:\/\/schema.org","@graph":[{"@type":"WebPage","@id":"https:\/\/xn--praxis-lemke-eckernfrde-rlc.de\/?page_id=1031","url":"https:\/\/xn--praxis-lemke-eckernfrde-rlc.de\/?page_id=1031","name":"Integrative Onkologie - Begleitung bei Tumor - und Krebserkrankungen - Dr. med. Harald Lemke","isPartOf":{"@id":"https:\/\/xn--praxis-lemke-eckernfrde-rlc.de\/#website"},"datePublished":"2020-04-05T16:11:36+00:00","dateModified":"2022-08-06T10:11:33+00:00","breadcrumb":{"@id":"https:\/\/xn--praxis-lemke-eckernfrde-rlc.de\/?page_id=1031#breadcrumb"},"inLanguage":"de","potentialAction":[{"@type":"ReadAction","target":["https:\/\/xn--praxis-lemke-eckernfrde-rlc.de\/?page_id=1031"]}]},{"@type":"BreadcrumbList","@id":"https:\/\/xn--praxis-lemke-eckernfrde-rlc.de\/?page_id=1031#breadcrumb","itemListElement":[{"@type":"ListItem","position":1,"name":"Startseite","item":"https:\/\/xn--praxis-lemke-eckernfrde-rlc.de\/"},{"@type":"ListItem","position":2,"name":"Integrative Onkologie &#8211; Begleitung bei Tumor &#8211; und Krebserkrankungen"}]},{"@type":"WebSite","@id":"https:\/\/xn--praxis-lemke-eckernfrde-rlc.de\/#website","url":"https:\/\/xn--praxis-lemke-eckernfrde-rlc.de\/","name":"https:\/\/xn--praxis-lemke-eckernfrde-rlc.de\/","description":"Praxis f\u00fcr Ostasiatische Heilverfahren &amp; Integrative Medizin","potentialAction":[{"@type":"SearchAction","target":{"@type":"EntryPoint","urlTemplate":"https:\/\/xn--praxis-lemke-eckernfrde-rlc.de\/?s={search_term_string}"},"query-input":{"@type":"PropertyValueSpecification","valueRequired":true,"valueName":"search_term_string"}}],"inLanguage":"de"}]}},"_links":{"self":[{"href":"https:\/\/xn--praxis-lemke-eckernfrde-rlc.de\/index.php?rest_route=\/wp\/v2\/pages\/1031"}],"collection":[{"href":"https:\/\/xn--praxis-lemke-eckernfrde-rlc.de\/index.php?rest_route=\/wp\/v2\/pages"}],"about":[{"href":"https:\/\/xn--praxis-lemke-eckernfrde-rlc.de\/index.php?rest_route=\/wp\/v2\/types\/page"}],"author":[{"embeddable":true,"href":"https:\/\/xn--praxis-lemke-eckernfrde-rlc.de\/index.php?rest_route=\/wp\/v2\/users\/1"}],"replies":[{"embeddable":true,"href":"https:\/\/xn--praxis-lemke-eckernfrde-rlc.de\/index.php?rest_route=%2Fwp%2Fv2%2Fcomments&post=1031"}],"version-history":[{"count":15,"href":"https:\/\/xn--praxis-lemke-eckernfrde-rlc.de\/index.php?rest_route=\/wp\/v2\/pages\/1031\/revisions"}],"predecessor-version":[{"id":1487,"href":"https:\/\/xn--praxis-lemke-eckernfrde-rlc.de\/index.php?rest_route=\/wp\/v2\/pages\/1031\/revisions\/1487"}],"wp:attachment":[{"href":"https:\/\/xn--praxis-lemke-eckernfrde-rlc.de\/index.php?rest_route=%2Fwp%2Fv2%2Fmedia&parent=1031"}],"curies":[{"name":"wp","href":"https:\/\/api.w.org\/{rel}","templated":true}]}}