{"id":1081,"date":"2020-05-06T10:54:09","date_gmt":"2020-05-06T08:54:09","guid":{"rendered":"https:\/\/xn--praxis-lemke-eckernfrde-rlc.de\/?page_id=1081"},"modified":"2022-08-06T12:48:29","modified_gmt":"2022-08-06T10:48:29","slug":"allergiebehandlung-mit-axomera","status":"publish","type":"page","link":"https:\/\/xn--praxis-lemke-eckernfrde-rlc.de\/?page_id=1081","title":{"rendered":"Allergiebehandlung mit AXOMERA"},"content":{"rendered":"\n<p>Die Axomera Therapie nach Prof. Dr. Molsberger wird nicht nur bei orthop\u00e4dischen Beschwerden oder in der Kopfschmerz Behandlung (inclusive Clusterkopfschmerz, Migr\u00e4ne) eingesetzt sondern auch in der Behandlung spezifischer Allergien (teilweise assoziiert mit allergischem Asthma)<\/p>\n\n\n\n<p><strong>Akuttherapie:<\/strong> 3 Tage nach der ersten Axomera-Behandlung bemerkt der Patient oft eine deutliche Besserung. Nach insgesamt 3 Axomera-Behandlungen bessern sich oft die Beschwerden f\u00fcr Nase, Auge und Lunge anhaltend um mindestens 50% (average). Im Ergebis werden weniger Medikamente jeglicher Art ben\u00f6tigt.<\/p>\n\n\n\n<p><strong>Prophylaxe:<\/strong> Werden 3 Axomera Behandlungen im symptomfreien Zeitraum VOR Saisonbeginn durchgef\u00fchrt, so haben die Patienten \u00fcber das gesamte Jahr hinweg in der klinisch praktischen Erfahrung bis zu 50% weniger Beschwerden und nehmen bis zu 70% weniger Tabletten.<\/p>\n\n\n\n<p>Wenn Sie mehr Informationen zur Axomeratherapie erhalten und erfahren m\u00f6chten, ob jene f\u00fcr Ihr Beschwerdebild geeignet sein k\u00f6nnte, finden Sie mit einer einfachen Google Suche beider Begriffe ( Axomera + &#8222;Ihr Beschwerdebild&#8220; ) oftmals schon diverse Fallbeispiele.<\/p>\n","protected":false},"excerpt":{"rendered":"<p>Die Axomera Therapie nach Prof. Dr. Molsberger wird nicht nur bei orthop\u00e4dischen Beschwerden oder in der Kopfschmerz Behandlung (inclusive Clusterkopfschmerz, Migr\u00e4ne) eingesetzt sondern auch in der Behandlung spezifischer Allergien (teilweise assoziiert mit allergischem Asthma) Akuttherapie: 3 Tage nach der ersten [&hellip;]<\/p>\n","protected":false},"author":1,"featured_media":0,"parent":0,"menu_order":0,"comment_status":"closed","ping_status":"closed","template":"","meta":{"footnotes":""},"class_list":["post-1081","page","type-page","status-publish","hentry","clearfix"],"yoast_head":"<!-- This site is optimized with the Yoast SEO plugin v25.6 - https:\/\/yoast.com\/wordpress\/plugins\/seo\/ -->\n<title>Allergiebehandlung mit AXOMERA - Dr. med. Harald Lemke<\/title>\n<meta name=\"robots\" content=\"index, follow, max-snippet:-1, max-image-preview:large, max-video-preview:-1\" \/>\n<link rel=\"canonical\" href=\"https:\/\/xn--praxis-lemke-eckernfrde-rlc.de\/?page_id=1081\" \/>\n<meta property=\"og:locale\" content=\"de_DE\" \/>\n<meta property=\"og:type\" content=\"article\" \/>\n<meta property=\"og:title\" content=\"Allergiebehandlung mit AXOMERA - Dr. med. Harald Lemke\" \/>\n<meta property=\"og:description\" content=\"Die Axomera Therapie nach Prof. Dr. Molsberger wird nicht nur bei orthop\u00e4dischen Beschwerden oder in der Kopfschmerz Behandlung (inclusive Clusterkopfschmerz, Migr\u00e4ne) eingesetzt sondern auch in der Behandlung spezifischer Allergien (teilweise assoziiert mit allergischem Asthma) Akuttherapie: 3 Tage nach der ersten [&hellip;]\" \/>\n<meta property=\"og:url\" content=\"https:\/\/xn--praxis-lemke-eckernfrde-rlc.de\/?page_id=1081\" \/>\n<meta property=\"og:site_name\" content=\"Dr. med. Harald Lemke\" \/>\n<meta property=\"article:modified_time\" content=\"2022-08-06T10:48:29+00:00\" \/>\n<meta name=\"twitter:card\" content=\"summary_large_image\" \/>\n<meta name=\"twitter:label1\" content=\"Gesch\u00e4tzte Lesezeit\" \/>\n\t<meta name=\"twitter:data1\" content=\"1\u00a0Minute\" \/>\n<script type=\"application\/ld+json\" class=\"yoast-schema-graph\">{\"@context\":\"https:\/\/schema.org\",\"@graph\":[{\"@type\":\"WebPage\",\"@id\":\"https:\/\/xn--praxis-lemke-eckernfrde-rlc.de\/?page_id=1081\",\"url\":\"https:\/\/xn--praxis-lemke-eckernfrde-rlc.de\/?page_id=1081\",\"name\":\"Allergiebehandlung mit AXOMERA - Dr. med. Harald Lemke\",\"isPartOf\":{\"@id\":\"https:\/\/xn--praxis-lemke-eckernfrde-rlc.de\/#website\"},\"datePublished\":\"2020-05-06T08:54:09+00:00\",\"dateModified\":\"2022-08-06T10:48:29+00:00\",\"breadcrumb\":{\"@id\":\"https:\/\/xn--praxis-lemke-eckernfrde-rlc.de\/?page_id=1081#breadcrumb\"},\"inLanguage\":\"de\",\"potentialAction\":[{\"@type\":\"ReadAction\",\"target\":[\"https:\/\/xn--praxis-lemke-eckernfrde-rlc.de\/?page_id=1081\"]}]},{\"@type\":\"BreadcrumbList\",\"@id\":\"https:\/\/xn--praxis-lemke-eckernfrde-rlc.de\/?page_id=1081#breadcrumb\",\"itemListElement\":[{\"@type\":\"ListItem\",\"position\":1,\"name\":\"Startseite\",\"item\":\"https:\/\/xn--praxis-lemke-eckernfrde-rlc.de\/\"},{\"@type\":\"ListItem\",\"position\":2,\"name\":\"Allergiebehandlung mit AXOMERA\"}]},{\"@type\":\"WebSite\",\"@id\":\"https:\/\/xn--praxis-lemke-eckernfrde-rlc.de\/#website\",\"url\":\"https:\/\/xn--praxis-lemke-eckernfrde-rlc.de\/\",\"name\":\"https:\/\/xn--praxis-lemke-eckernfrde-rlc.de\/\",\"description\":\"Praxis f\u00fcr Ostasiatische Heilverfahren &amp; Integrative Medizin\",\"potentialAction\":[{\"@type\":\"SearchAction\",\"target\":{\"@type\":\"EntryPoint\",\"urlTemplate\":\"https:\/\/xn--praxis-lemke-eckernfrde-rlc.de\/?s={search_term_string}\"},\"query-input\":{\"@type\":\"PropertyValueSpecification\",\"valueRequired\":true,\"valueName\":\"search_term_string\"}}],\"inLanguage\":\"de\"}]}<\/script>\n<!-- \/ Yoast SEO plugin. -->","yoast_head_json":{"title":"Allergiebehandlung mit AXOMERA - Dr. med. Harald Lemke","robots":{"index":"index","follow":"follow","max-snippet":"max-snippet:-1","max-image-preview":"max-image-preview:large","max-video-preview":"max-video-preview:-1"},"canonical":"https:\/\/xn--praxis-lemke-eckernfrde-rlc.de\/?page_id=1081","og_locale":"de_DE","og_type":"article","og_title":"Allergiebehandlung mit AXOMERA - Dr. med. Harald Lemke","og_description":"Die Axomera Therapie nach Prof. Dr. Molsberger wird nicht nur bei orthop\u00e4dischen Beschwerden oder in der Kopfschmerz Behandlung (inclusive Clusterkopfschmerz, Migr\u00e4ne) eingesetzt sondern auch in der Behandlung spezifischer Allergien (teilweise assoziiert mit allergischem Asthma) Akuttherapie: 3 Tage nach der ersten [&hellip;]","og_url":"https:\/\/xn--praxis-lemke-eckernfrde-rlc.de\/?page_id=1081","og_site_name":"Dr. med. Harald Lemke","article_modified_time":"2022-08-06T10:48:29+00:00","twitter_card":"summary_large_image","twitter_misc":{"Gesch\u00e4tzte Lesezeit":"1\u00a0Minute"},"schema":{"@context":"https:\/\/schema.org","@graph":[{"@type":"WebPage","@id":"https:\/\/xn--praxis-lemke-eckernfrde-rlc.de\/?page_id=1081","url":"https:\/\/xn--praxis-lemke-eckernfrde-rlc.de\/?page_id=1081","name":"Allergiebehandlung mit AXOMERA - Dr. med. Harald Lemke","isPartOf":{"@id":"https:\/\/xn--praxis-lemke-eckernfrde-rlc.de\/#website"},"datePublished":"2020-05-06T08:54:09+00:00","dateModified":"2022-08-06T10:48:29+00:00","breadcrumb":{"@id":"https:\/\/xn--praxis-lemke-eckernfrde-rlc.de\/?page_id=1081#breadcrumb"},"inLanguage":"de","potentialAction":[{"@type":"ReadAction","target":["https:\/\/xn--praxis-lemke-eckernfrde-rlc.de\/?page_id=1081"]}]},{"@type":"BreadcrumbList","@id":"https:\/\/xn--praxis-lemke-eckernfrde-rlc.de\/?page_id=1081#breadcrumb","itemListElement":[{"@type":"ListItem","position":1,"name":"Startseite","item":"https:\/\/xn--praxis-lemke-eckernfrde-rlc.de\/"},{"@type":"ListItem","position":2,"name":"Allergiebehandlung mit AXOMERA"}]},{"@type":"WebSite","@id":"https:\/\/xn--praxis-lemke-eckernfrde-rlc.de\/#website","url":"https:\/\/xn--praxis-lemke-eckernfrde-rlc.de\/","name":"https:\/\/xn--praxis-lemke-eckernfrde-rlc.de\/","description":"Praxis f\u00fcr Ostasiatische Heilverfahren &amp; Integrative Medizin","potentialAction":[{"@type":"SearchAction","target":{"@type":"EntryPoint","urlTemplate":"https:\/\/xn--praxis-lemke-eckernfrde-rlc.de\/?s={search_term_string}"},"query-input":{"@type":"PropertyValueSpecification","valueRequired":true,"valueName":"search_term_string"}}],"inLanguage":"de"}]}},"_links":{"self":[{"href":"https:\/\/xn--praxis-lemke-eckernfrde-rlc.de\/index.php?rest_route=\/wp\/v2\/pages\/1081"}],"collection":[{"href":"https:\/\/xn--praxis-lemke-eckernfrde-rlc.de\/index.php?rest_route=\/wp\/v2\/pages"}],"about":[{"href":"https:\/\/xn--praxis-lemke-eckernfrde-rlc.de\/index.php?rest_route=\/wp\/v2\/types\/page"}],"author":[{"embeddable":true,"href":"https:\/\/xn--praxis-lemke-eckernfrde-rlc.de\/index.php?rest_route=\/wp\/v2\/users\/1"}],"replies":[{"embeddable":true,"href":"https:\/\/xn--praxis-lemke-eckernfrde-rlc.de\/index.php?rest_route=%2Fwp%2Fv2%2Fcomments&post=1081"}],"version-history":[{"count":4,"href":"https:\/\/xn--praxis-lemke-eckernfrde-rlc.de\/index.php?rest_route=\/wp\/v2\/pages\/1081\/revisions"}],"predecessor-version":[{"id":1498,"href":"https:\/\/xn--praxis-lemke-eckernfrde-rlc.de\/index.php?rest_route=\/wp\/v2\/pages\/1081\/revisions\/1498"}],"wp:attachment":[{"href":"https:\/\/xn--praxis-lemke-eckernfrde-rlc.de\/index.php?rest_route=%2Fwp%2Fv2%2Fmedia&parent=1081"}],"curies":[{"name":"wp","href":"https:\/\/api.w.org\/{rel}","templated":true}]}}