{"id":1082,"date":"2020-05-06T10:54:09","date_gmt":"2020-05-06T08:54:09","guid":{"rendered":"https:\/\/xn--praxis-lemke-eckernfrde-rlc.de\/?page_id=1082"},"modified":"2022-08-06T12:48:00","modified_gmt":"2022-08-06T10:48:00","slug":"kopfschmerzbehandlung-mit-axomera","status":"publish","type":"page","link":"https:\/\/xn--praxis-lemke-eckernfrde-rlc.de\/?page_id=1082","title":{"rendered":"Kopfschmerzbehandlung mit AXOMERA"},"content":{"rendered":"\n<p>Das AXOMERA Therapieverfahren nach Prof. Dr. Molsberger et al., zuvor NSM Therapie oder auch Neurostimulation nach Prof. Molsberger genannt, habe ich in meine Behandlungsoptionen aufgenommen, nachdem mich die Pr\u00e4sentationen zu erfolgreicher Behandlung des Clusterkopfschmerzes \u00fcberzeugt hatten.<\/p>\n\n\n\n<p>Seitdem setze ich es bei vielen bislang nicht kurierbaren Schmerzen jeglicher Art ein. <strong>*<\/strong><\/p>\n\n\n\n<p>Wenn Sie mehr Informationen zur Axomeratherapie erhalten und erfahren m\u00f6chten, ob jene f\u00fcr Ihr Beschwerdebild geeignet sein k\u00f6nnte, finden Sie mit einer einfachen Google Suche beider Begriffe ( Axomera + &#8222;Ihr Beschwerdebild&#8220; ) oftmals schon diverse Fallbeispiele.<\/p>\n\n\n\n<hr class=\"wp-block-separator has-css-opacity\"\/>\n\n\n\n<p>*Kein Verfahren kann f\u00fcr sich in Anspruch nehmen f\u00fcr jeden geeignet zu sein.<\/p>\n","protected":false},"excerpt":{"rendered":"<p>Das AXOMERA Therapieverfahren nach Prof. Dr. Molsberger et al., zuvor NSM Therapie oder auch Neurostimulation nach Prof. Molsberger genannt, habe ich in meine Behandlungsoptionen aufgenommen, nachdem mich die Pr\u00e4sentationen zu erfolgreicher Behandlung des Clusterkopfschmerzes \u00fcberzeugt hatten. Seitdem setze ich es [&hellip;]<\/p>\n","protected":false},"author":1,"featured_media":0,"parent":0,"menu_order":0,"comment_status":"closed","ping_status":"closed","template":"","meta":{"footnotes":""},"class_list":["post-1082","page","type-page","status-publish","hentry","clearfix"],"yoast_head":"<!-- This site is optimized with the Yoast SEO plugin v25.6 - https:\/\/yoast.com\/wordpress\/plugins\/seo\/ -->\n<title>Kopfschmerzbehandlung mit AXOMERA - Dr. med. Harald Lemke<\/title>\n<meta name=\"robots\" content=\"index, follow, max-snippet:-1, max-image-preview:large, max-video-preview:-1\" \/>\n<link rel=\"canonical\" href=\"https:\/\/xn--praxis-lemke-eckernfrde-rlc.de\/?page_id=1082\" \/>\n<meta property=\"og:locale\" content=\"de_DE\" \/>\n<meta property=\"og:type\" content=\"article\" \/>\n<meta property=\"og:title\" content=\"Kopfschmerzbehandlung mit AXOMERA - Dr. med. Harald Lemke\" \/>\n<meta property=\"og:description\" content=\"Das AXOMERA Therapieverfahren nach Prof. Dr. Molsberger et al., zuvor NSM Therapie oder auch Neurostimulation nach Prof. Molsberger genannt, habe ich in meine Behandlungsoptionen aufgenommen, nachdem mich die Pr\u00e4sentationen zu erfolgreicher Behandlung des Clusterkopfschmerzes \u00fcberzeugt hatten. Seitdem setze ich es [&hellip;]\" \/>\n<meta property=\"og:url\" content=\"https:\/\/xn--praxis-lemke-eckernfrde-rlc.de\/?page_id=1082\" \/>\n<meta property=\"og:site_name\" content=\"Dr. med. Harald Lemke\" \/>\n<meta property=\"article:modified_time\" content=\"2022-08-06T10:48:00+00:00\" \/>\n<meta name=\"twitter:card\" content=\"summary_large_image\" \/>\n<meta name=\"twitter:label1\" content=\"Gesch\u00e4tzte Lesezeit\" \/>\n\t<meta name=\"twitter:data1\" content=\"1\u00a0Minute\" \/>\n<script type=\"application\/ld+json\" class=\"yoast-schema-graph\">{\"@context\":\"https:\/\/schema.org\",\"@graph\":[{\"@type\":\"WebPage\",\"@id\":\"https:\/\/xn--praxis-lemke-eckernfrde-rlc.de\/?page_id=1082\",\"url\":\"https:\/\/xn--praxis-lemke-eckernfrde-rlc.de\/?page_id=1082\",\"name\":\"Kopfschmerzbehandlung mit AXOMERA - Dr. med. Harald Lemke\",\"isPartOf\":{\"@id\":\"https:\/\/xn--praxis-lemke-eckernfrde-rlc.de\/#website\"},\"datePublished\":\"2020-05-06T08:54:09+00:00\",\"dateModified\":\"2022-08-06T10:48:00+00:00\",\"breadcrumb\":{\"@id\":\"https:\/\/xn--praxis-lemke-eckernfrde-rlc.de\/?page_id=1082#breadcrumb\"},\"inLanguage\":\"de\",\"potentialAction\":[{\"@type\":\"ReadAction\",\"target\":[\"https:\/\/xn--praxis-lemke-eckernfrde-rlc.de\/?page_id=1082\"]}]},{\"@type\":\"BreadcrumbList\",\"@id\":\"https:\/\/xn--praxis-lemke-eckernfrde-rlc.de\/?page_id=1082#breadcrumb\",\"itemListElement\":[{\"@type\":\"ListItem\",\"position\":1,\"name\":\"Startseite\",\"item\":\"https:\/\/xn--praxis-lemke-eckernfrde-rlc.de\/\"},{\"@type\":\"ListItem\",\"position\":2,\"name\":\"Kopfschmerzbehandlung mit AXOMERA\"}]},{\"@type\":\"WebSite\",\"@id\":\"https:\/\/xn--praxis-lemke-eckernfrde-rlc.de\/#website\",\"url\":\"https:\/\/xn--praxis-lemke-eckernfrde-rlc.de\/\",\"name\":\"https:\/\/xn--praxis-lemke-eckernfrde-rlc.de\/\",\"description\":\"Praxis f\u00fcr Ostasiatische Heilverfahren &amp; Integrative Medizin\",\"potentialAction\":[{\"@type\":\"SearchAction\",\"target\":{\"@type\":\"EntryPoint\",\"urlTemplate\":\"https:\/\/xn--praxis-lemke-eckernfrde-rlc.de\/?s={search_term_string}\"},\"query-input\":{\"@type\":\"PropertyValueSpecification\",\"valueRequired\":true,\"valueName\":\"search_term_string\"}}],\"inLanguage\":\"de\"}]}<\/script>\n<!-- \/ Yoast SEO plugin. -->","yoast_head_json":{"title":"Kopfschmerzbehandlung mit AXOMERA - Dr. med. Harald Lemke","robots":{"index":"index","follow":"follow","max-snippet":"max-snippet:-1","max-image-preview":"max-image-preview:large","max-video-preview":"max-video-preview:-1"},"canonical":"https:\/\/xn--praxis-lemke-eckernfrde-rlc.de\/?page_id=1082","og_locale":"de_DE","og_type":"article","og_title":"Kopfschmerzbehandlung mit AXOMERA - Dr. med. Harald Lemke","og_description":"Das AXOMERA Therapieverfahren nach Prof. Dr. Molsberger et al., zuvor NSM Therapie oder auch Neurostimulation nach Prof. Molsberger genannt, habe ich in meine Behandlungsoptionen aufgenommen, nachdem mich die Pr\u00e4sentationen zu erfolgreicher Behandlung des Clusterkopfschmerzes \u00fcberzeugt hatten. Seitdem setze ich es [&hellip;]","og_url":"https:\/\/xn--praxis-lemke-eckernfrde-rlc.de\/?page_id=1082","og_site_name":"Dr. med. Harald Lemke","article_modified_time":"2022-08-06T10:48:00+00:00","twitter_card":"summary_large_image","twitter_misc":{"Gesch\u00e4tzte Lesezeit":"1\u00a0Minute"},"schema":{"@context":"https:\/\/schema.org","@graph":[{"@type":"WebPage","@id":"https:\/\/xn--praxis-lemke-eckernfrde-rlc.de\/?page_id=1082","url":"https:\/\/xn--praxis-lemke-eckernfrde-rlc.de\/?page_id=1082","name":"Kopfschmerzbehandlung mit AXOMERA - Dr. med. Harald Lemke","isPartOf":{"@id":"https:\/\/xn--praxis-lemke-eckernfrde-rlc.de\/#website"},"datePublished":"2020-05-06T08:54:09+00:00","dateModified":"2022-08-06T10:48:00+00:00","breadcrumb":{"@id":"https:\/\/xn--praxis-lemke-eckernfrde-rlc.de\/?page_id=1082#breadcrumb"},"inLanguage":"de","potentialAction":[{"@type":"ReadAction","target":["https:\/\/xn--praxis-lemke-eckernfrde-rlc.de\/?page_id=1082"]}]},{"@type":"BreadcrumbList","@id":"https:\/\/xn--praxis-lemke-eckernfrde-rlc.de\/?page_id=1082#breadcrumb","itemListElement":[{"@type":"ListItem","position":1,"name":"Startseite","item":"https:\/\/xn--praxis-lemke-eckernfrde-rlc.de\/"},{"@type":"ListItem","position":2,"name":"Kopfschmerzbehandlung mit AXOMERA"}]},{"@type":"WebSite","@id":"https:\/\/xn--praxis-lemke-eckernfrde-rlc.de\/#website","url":"https:\/\/xn--praxis-lemke-eckernfrde-rlc.de\/","name":"https:\/\/xn--praxis-lemke-eckernfrde-rlc.de\/","description":"Praxis f\u00fcr Ostasiatische Heilverfahren &amp; Integrative Medizin","potentialAction":[{"@type":"SearchAction","target":{"@type":"EntryPoint","urlTemplate":"https:\/\/xn--praxis-lemke-eckernfrde-rlc.de\/?s={search_term_string}"},"query-input":{"@type":"PropertyValueSpecification","valueRequired":true,"valueName":"search_term_string"}}],"inLanguage":"de"}]}},"_links":{"self":[{"href":"https:\/\/xn--praxis-lemke-eckernfrde-rlc.de\/index.php?rest_route=\/wp\/v2\/pages\/1082"}],"collection":[{"href":"https:\/\/xn--praxis-lemke-eckernfrde-rlc.de\/index.php?rest_route=\/wp\/v2\/pages"}],"about":[{"href":"https:\/\/xn--praxis-lemke-eckernfrde-rlc.de\/index.php?rest_route=\/wp\/v2\/types\/page"}],"author":[{"embeddable":true,"href":"https:\/\/xn--praxis-lemke-eckernfrde-rlc.de\/index.php?rest_route=\/wp\/v2\/users\/1"}],"replies":[{"embeddable":true,"href":"https:\/\/xn--praxis-lemke-eckernfrde-rlc.de\/index.php?rest_route=%2Fwp%2Fv2%2Fcomments&post=1082"}],"version-history":[{"count":9,"href":"https:\/\/xn--praxis-lemke-eckernfrde-rlc.de\/index.php?rest_route=\/wp\/v2\/pages\/1082\/revisions"}],"predecessor-version":[{"id":1497,"href":"https:\/\/xn--praxis-lemke-eckernfrde-rlc.de\/index.php?rest_route=\/wp\/v2\/pages\/1082\/revisions\/1497"}],"wp:attachment":[{"href":"https:\/\/xn--praxis-lemke-eckernfrde-rlc.de\/index.php?rest_route=%2Fwp%2Fv2%2Fmedia&parent=1082"}],"curies":[{"name":"wp","href":"https:\/\/api.w.org\/{rel}","templated":true}]}}