{"id":1218,"date":"2021-04-03T17:41:37","date_gmt":"2021-04-03T15:41:37","guid":{"rendered":"https:\/\/xn--praxis-lemke-eckernfrde-rlc.de\/?page_id=1218"},"modified":"2021-05-16T21:37:28","modified_gmt":"2021-05-16T19:37:28","slug":"axomera","status":"publish","type":"page","link":"https:\/\/xn--praxis-lemke-eckernfrde-rlc.de\/?page_id=1218","title":{"rendered":"AXOMERA"},"content":{"rendered":"\n<p>Seit dem 2. Juli 2018 ist die\u00a0<em>Praxis f\u00fcr\u00a0Ostasiatische Heilverfahren &amp; Integrative Medizin<\/em>\u00a0die dritte NSM \u2013 Schwerpunktpraxis Schleswig-Holsteins (neben Kolleginnen und Kollegen in Uetersen und Schenefeld). Auch im Mai 2021 hat sich daran noch nichts ge\u00e4ndert. Von nun an jedoch als<strong> Axomera \u2013 Schwerpunktpraxis<\/strong>.<\/p>\n\n\n\n<p>\u201c Neue Schmerztherapie \u201c \u2013 neu 3.12.2019: Die\u00a0<strong>NSM-Therapie<\/strong>\u00a0wurde im Jahr 2019 von\u00a0<strong>NSM Therapie<\/strong>\u00a0in \u201c\u00a0<strong>Axomera<\/strong>\u00a0\u201c\u00a0 offiziell umbenannt, mit dem wissenschaftlichen Namen \u201cPercutaneous Bioelectric Current Stimulation\u201c, so wie in der Publikation der Erstbeschreibung. Hierzu hei\u00dft es: \u201ebekanntlich ist der mexikanische Schwanzlurch Axolotl (Ambystoma mexicanum) in der Lage, seine Gliedma\u00dfen und seine Organe \u2013 selbst Teile des Herzens und Gehirns \u2013 nach Verletzungen vollst\u00e4ndig zu erneuern.\u00a0 \u2013 Hierbei entstehen spezifische bioelektrische Felder.\u00a0<em><strong>Wir nutzen genau solche bioelektrischen Felder zur Schmerztherapie und Stimulation der Regeneration von Sehnen, B\u00e4ndern, Muskeln und Nerven.<\/strong><\/em>\u00a0Deswegen ist unser Name ab jetzt\u2026\u00a0<strong>axomera<\/strong>\u00a0.\u201c<\/p>\n\n\n\n<p>Die NSM \u2013 Therapie (NSM = Neurostimulation, die \u201eNeue Schmerztherapie\u201c )&nbsp;nach Prof. Dr. med. Albrecht Molsberger, dem Begr\u00fcnder der Forschungsgruppe Akupunktur (1994), zeigt ein sich st\u00e4ndig erweiterndes Einsatzspektrum und kommt als \u201eNeue Schmerztherapie\u201c u.a. bei vielen orthop\u00e4dischen und auch neurologischen Beschwerden, insbesondere bei Schmerzen, sowie in der Therapie spezifischer Allergie \u2013 Formen zur Anwendung. R\u00fcckenschmerzen, Nervenschmerzen, spezifische Kopfschmerzen (z.B. Clusterkopfschmerz und Migr\u00e4ne), Erkrankungen der Sehnen und Gelenke, einige allergische Erkrankungen sind im Einzelnen zu benennen. Insgesamt wird derzeit das Gebiet der Sportmedizin, Neurologie und Orthop\u00e4die ergr\u00fcndet. \u2013 Wie aber vertr\u00e4gt sich eine solch moderne Therapie mit klassischer Akupunktur?&nbsp;<\/p>\n\n\n\n<p>Bereits im Kapitel 1 des Chinesischen Medizinklassikers Lingshu \u201eVon den 9 Nadeln und den 12 Quellpunkten\u201c hei\u00dft es: Der Gelbe Kaiser wandte sich an Qi Bo und sprach: \u201eIch liebe mein Volk und bin um sein Wohlergehen besorgt [\u2026] und deshalb bin ich mit [\u2026] dem Einsatz von Nadeln aus Stein allein nicht zufrieden und halte daher auch die Verwendung kleiner\/d\u00fcnner Nadeln f\u00fcr notwendig\u2026\u201c* \u2013 In dem wohl bekanntesten Klassiker zur Akupunktur ist damit bereits der Wunsch und die Notwendigkeit nach Weiterentwicklung als Grundstein erkennbar. Die NSM , die \u201c Neue Schmerztherapie \u201c auf dem Wege der \u201c Neurostimulation \u201c greift diesen Gedanken in moderner Umsetzung auf und stellt eine Weiterentwicklung im besten Sinne dar. In der&nbsp;<em>Praxis f\u00fcr Ostasiatische Heilverfahren &amp; Integrative Medizin<\/em>&nbsp;wird die NSM in Ihrem Sinne in das Gesamtbehandlungskonzept synergistisch integriert und ausschlie\u00dflich durch mich selbst durchgef\u00fchrt und nicht delegiert.<\/p>\n\n\n\n<p>*viademica Verlag, Autor: Wolfgang G.A. Schmidt: \u201eDer Klassiker des Gelben Kaisers zur Inneren Medizin\u201c<\/p>\n\n\n\n<p>Eine Axoemera-Behandlung nimmt zw. 30 bis zu 45 Minuten in Anspruch und wird nach aktueller \u00e4rztlicher Geb\u00fchrendordnung je nach Fall basierend auf regul\u00e4ren Ziffern der aktuellen \u00c4rztlichen Geb\u00fchrenordnung sowie analog entsprechend der Empfehlungen wie folgt honoriert:<\/p>\n\n\n\n<p>je Axomera-Behandlung zw. \u20ac 157,25 und \u20ac 240<\/p>\n","protected":false},"excerpt":{"rendered":"<p>Seit dem 2. Juli 2018 ist die\u00a0Praxis f\u00fcr\u00a0Ostasiatische Heilverfahren &amp; Integrative Medizin\u00a0die dritte NSM \u2013 Schwerpunktpraxis Schleswig-Holsteins (neben Kolleginnen und Kollegen in Uetersen und Schenefeld). Auch im Mai 2021 hat sich daran noch nichts ge\u00e4ndert. Von nun an jedoch als [&hellip;]<\/p>\n","protected":false},"author":1,"featured_media":0,"parent":0,"menu_order":0,"comment_status":"closed","ping_status":"closed","template":"","meta":{"footnotes":""},"class_list":["post-1218","page","type-page","status-publish","hentry","clearfix"],"yoast_head":"<!-- This site is optimized with the Yoast SEO plugin v25.6 - https:\/\/yoast.com\/wordpress\/plugins\/seo\/ -->\n<title>AXOMERA - Dr. med. Harald Lemke<\/title>\n<meta name=\"robots\" content=\"index, follow, max-snippet:-1, max-image-preview:large, max-video-preview:-1\" \/>\n<link rel=\"canonical\" href=\"https:\/\/xn--praxis-lemke-eckernfrde-rlc.de\/?page_id=1218\" \/>\n<meta property=\"og:locale\" content=\"de_DE\" \/>\n<meta property=\"og:type\" content=\"article\" \/>\n<meta property=\"og:title\" content=\"AXOMERA - Dr. med. Harald Lemke\" \/>\n<meta property=\"og:description\" content=\"Seit dem 2. Juli 2018 ist die\u00a0Praxis f\u00fcr\u00a0Ostasiatische Heilverfahren &amp; Integrative Medizin\u00a0die dritte NSM \u2013 Schwerpunktpraxis Schleswig-Holsteins (neben Kolleginnen und Kollegen in Uetersen und Schenefeld). Auch im Mai 2021 hat sich daran noch nichts ge\u00e4ndert. Von nun an jedoch als [&hellip;]\" \/>\n<meta property=\"og:url\" content=\"https:\/\/xn--praxis-lemke-eckernfrde-rlc.de\/?page_id=1218\" \/>\n<meta property=\"og:site_name\" content=\"Dr. med. Harald Lemke\" \/>\n<meta property=\"article:modified_time\" content=\"2021-05-16T19:37:28+00:00\" \/>\n<meta name=\"twitter:card\" content=\"summary_large_image\" \/>\n<meta name=\"twitter:label1\" content=\"Gesch\u00e4tzte Lesezeit\" \/>\n\t<meta name=\"twitter:data1\" content=\"2\u00a0Minuten\" \/>\n<script type=\"application\/ld+json\" class=\"yoast-schema-graph\">{\"@context\":\"https:\/\/schema.org\",\"@graph\":[{\"@type\":\"WebPage\",\"@id\":\"https:\/\/xn--praxis-lemke-eckernfrde-rlc.de\/?page_id=1218\",\"url\":\"https:\/\/xn--praxis-lemke-eckernfrde-rlc.de\/?page_id=1218\",\"name\":\"AXOMERA - Dr. med. Harald Lemke\",\"isPartOf\":{\"@id\":\"https:\/\/xn--praxis-lemke-eckernfrde-rlc.de\/#website\"},\"datePublished\":\"2021-04-03T15:41:37+00:00\",\"dateModified\":\"2021-05-16T19:37:28+00:00\",\"breadcrumb\":{\"@id\":\"https:\/\/xn--praxis-lemke-eckernfrde-rlc.de\/?page_id=1218#breadcrumb\"},\"inLanguage\":\"de\",\"potentialAction\":[{\"@type\":\"ReadAction\",\"target\":[\"https:\/\/xn--praxis-lemke-eckernfrde-rlc.de\/?page_id=1218\"]}]},{\"@type\":\"BreadcrumbList\",\"@id\":\"https:\/\/xn--praxis-lemke-eckernfrde-rlc.de\/?page_id=1218#breadcrumb\",\"itemListElement\":[{\"@type\":\"ListItem\",\"position\":1,\"name\":\"Startseite\",\"item\":\"https:\/\/xn--praxis-lemke-eckernfrde-rlc.de\/\"},{\"@type\":\"ListItem\",\"position\":2,\"name\":\"AXOMERA\"}]},{\"@type\":\"WebSite\",\"@id\":\"https:\/\/xn--praxis-lemke-eckernfrde-rlc.de\/#website\",\"url\":\"https:\/\/xn--praxis-lemke-eckernfrde-rlc.de\/\",\"name\":\"https:\/\/xn--praxis-lemke-eckernfrde-rlc.de\/\",\"description\":\"Praxis f\u00fcr Ostasiatische Heilverfahren &amp; Integrative Medizin\",\"potentialAction\":[{\"@type\":\"SearchAction\",\"target\":{\"@type\":\"EntryPoint\",\"urlTemplate\":\"https:\/\/xn--praxis-lemke-eckernfrde-rlc.de\/?s={search_term_string}\"},\"query-input\":{\"@type\":\"PropertyValueSpecification\",\"valueRequired\":true,\"valueName\":\"search_term_string\"}}],\"inLanguage\":\"de\"}]}<\/script>\n<!-- \/ Yoast SEO plugin. -->","yoast_head_json":{"title":"AXOMERA - Dr. med. Harald Lemke","robots":{"index":"index","follow":"follow","max-snippet":"max-snippet:-1","max-image-preview":"max-image-preview:large","max-video-preview":"max-video-preview:-1"},"canonical":"https:\/\/xn--praxis-lemke-eckernfrde-rlc.de\/?page_id=1218","og_locale":"de_DE","og_type":"article","og_title":"AXOMERA - Dr. med. Harald Lemke","og_description":"Seit dem 2. Juli 2018 ist die\u00a0Praxis f\u00fcr\u00a0Ostasiatische Heilverfahren &amp; Integrative Medizin\u00a0die dritte NSM \u2013 Schwerpunktpraxis Schleswig-Holsteins (neben Kolleginnen und Kollegen in Uetersen und Schenefeld). Auch im Mai 2021 hat sich daran noch nichts ge\u00e4ndert. Von nun an jedoch als [&hellip;]","og_url":"https:\/\/xn--praxis-lemke-eckernfrde-rlc.de\/?page_id=1218","og_site_name":"Dr. med. Harald Lemke","article_modified_time":"2021-05-16T19:37:28+00:00","twitter_card":"summary_large_image","twitter_misc":{"Gesch\u00e4tzte Lesezeit":"2\u00a0Minuten"},"schema":{"@context":"https:\/\/schema.org","@graph":[{"@type":"WebPage","@id":"https:\/\/xn--praxis-lemke-eckernfrde-rlc.de\/?page_id=1218","url":"https:\/\/xn--praxis-lemke-eckernfrde-rlc.de\/?page_id=1218","name":"AXOMERA - Dr. med. Harald Lemke","isPartOf":{"@id":"https:\/\/xn--praxis-lemke-eckernfrde-rlc.de\/#website"},"datePublished":"2021-04-03T15:41:37+00:00","dateModified":"2021-05-16T19:37:28+00:00","breadcrumb":{"@id":"https:\/\/xn--praxis-lemke-eckernfrde-rlc.de\/?page_id=1218#breadcrumb"},"inLanguage":"de","potentialAction":[{"@type":"ReadAction","target":["https:\/\/xn--praxis-lemke-eckernfrde-rlc.de\/?page_id=1218"]}]},{"@type":"BreadcrumbList","@id":"https:\/\/xn--praxis-lemke-eckernfrde-rlc.de\/?page_id=1218#breadcrumb","itemListElement":[{"@type":"ListItem","position":1,"name":"Startseite","item":"https:\/\/xn--praxis-lemke-eckernfrde-rlc.de\/"},{"@type":"ListItem","position":2,"name":"AXOMERA"}]},{"@type":"WebSite","@id":"https:\/\/xn--praxis-lemke-eckernfrde-rlc.de\/#website","url":"https:\/\/xn--praxis-lemke-eckernfrde-rlc.de\/","name":"https:\/\/xn--praxis-lemke-eckernfrde-rlc.de\/","description":"Praxis f\u00fcr Ostasiatische Heilverfahren &amp; Integrative Medizin","potentialAction":[{"@type":"SearchAction","target":{"@type":"EntryPoint","urlTemplate":"https:\/\/xn--praxis-lemke-eckernfrde-rlc.de\/?s={search_term_string}"},"query-input":{"@type":"PropertyValueSpecification","valueRequired":true,"valueName":"search_term_string"}}],"inLanguage":"de"}]}},"_links":{"self":[{"href":"https:\/\/xn--praxis-lemke-eckernfrde-rlc.de\/index.php?rest_route=\/wp\/v2\/pages\/1218"}],"collection":[{"href":"https:\/\/xn--praxis-lemke-eckernfrde-rlc.de\/index.php?rest_route=\/wp\/v2\/pages"}],"about":[{"href":"https:\/\/xn--praxis-lemke-eckernfrde-rlc.de\/index.php?rest_route=\/wp\/v2\/types\/page"}],"author":[{"embeddable":true,"href":"https:\/\/xn--praxis-lemke-eckernfrde-rlc.de\/index.php?rest_route=\/wp\/v2\/users\/1"}],"replies":[{"embeddable":true,"href":"https:\/\/xn--praxis-lemke-eckernfrde-rlc.de\/index.php?rest_route=%2Fwp%2Fv2%2Fcomments&post=1218"}],"version-history":[{"count":6,"href":"https:\/\/xn--praxis-lemke-eckernfrde-rlc.de\/index.php?rest_route=\/wp\/v2\/pages\/1218\/revisions"}],"predecessor-version":[{"id":1358,"href":"https:\/\/xn--praxis-lemke-eckernfrde-rlc.de\/index.php?rest_route=\/wp\/v2\/pages\/1218\/revisions\/1358"}],"wp:attachment":[{"href":"https:\/\/xn--praxis-lemke-eckernfrde-rlc.de\/index.php?rest_route=%2Fwp%2Fv2%2Fmedia&parent=1218"}],"curies":[{"name":"wp","href":"https:\/\/api.w.org\/{rel}","templated":true}]}}