{"id":1219,"date":"2021-04-03T17:41:37","date_gmt":"2021-04-03T15:41:37","guid":{"rendered":"https:\/\/xn--praxis-lemke-eckernfrde-rlc.de\/?page_id=1219"},"modified":"2021-05-17T08:42:11","modified_gmt":"2021-05-17T06:42:11","slug":"tiefenoszillation","status":"publish","type":"page","link":"https:\/\/xn--praxis-lemke-eckernfrde-rlc.de\/?page_id=1219","title":{"rendered":"TIEFENOSZILLATION"},"content":{"rendered":"\n<p>DEEP OSCILLATION\u00ae ist ein patentiertes Therapieverfahren das mittels elektrostatischer Anziehung und Reibung Schwingungen mit biologischer Tiefenwirkung (schonend und bis zu 8 cm tief) im zu behandelnden Gewebe erzeugt. Hierbei kann Einflu\u00df auf alle Schichten: Haut, leitendes Gewebe, subkutanes Fettgewebe, Muskeln, Blut und Lymphgef\u00e4sse genommen werden. Als evidenzbasierte Behandlungsmethode sind folgende physiologische Wirkungen durch die Therapie mit DEEP OSCILLATION\u00ae berichtet:<\/p>\n\n\n\n<p><br>Schmerzreduktion<br>Antiinflammatorische Wirkung<br>\u00d6demresorption<br>Wundheilungsf\u00f6rderung<br>Antifibrotische Wirkung<br>Trophikverbesserung<br>Hautr\u00f6tungsminderung<br>Entgiftung<br>Verbesserung der Gewebequalit\u00e4t<\/p>\n\n\n\n<p><br>Der Einsatz auch fr\u00fch nach Verletzungen und bereits vom ersten Tag an nach postoperativen Eingriffen ist nur einer der wesentlichen Vorteile dieses Behandlungsverfahrens &#8211; auch bei chronischen Erkrankungen ist sein Einsatz aufgrund seiner Sanftheit und berichteter klinisch-praktischer Ergebnisse empfehlenswert.<\/p>\n","protected":false},"excerpt":{"rendered":"<p>DEEP OSCILLATION\u00ae ist ein patentiertes Therapieverfahren das mittels elektrostatischer Anziehung und Reibung Schwingungen mit biologischer Tiefenwirkung (schonend und bis zu 8 cm tief) im zu behandelnden Gewebe erzeugt. Hierbei kann Einflu\u00df auf alle Schichten: Haut, leitendes Gewebe, subkutanes Fettgewebe, Muskeln, [&hellip;]<\/p>\n","protected":false},"author":1,"featured_media":0,"parent":0,"menu_order":0,"comment_status":"closed","ping_status":"closed","template":"","meta":{"footnotes":""},"class_list":["post-1219","page","type-page","status-publish","hentry","clearfix"],"yoast_head":"<!-- This site is optimized with the Yoast SEO plugin v25.6 - https:\/\/yoast.com\/wordpress\/plugins\/seo\/ -->\n<title>TIEFENOSZILLATION - Dr. med. Harald Lemke<\/title>\n<meta name=\"robots\" content=\"index, follow, max-snippet:-1, max-image-preview:large, max-video-preview:-1\" \/>\n<link rel=\"canonical\" href=\"https:\/\/xn--praxis-lemke-eckernfrde-rlc.de\/?page_id=1219\" \/>\n<meta property=\"og:locale\" content=\"de_DE\" \/>\n<meta property=\"og:type\" content=\"article\" \/>\n<meta property=\"og:title\" content=\"TIEFENOSZILLATION - Dr. med. Harald Lemke\" \/>\n<meta property=\"og:description\" content=\"DEEP OSCILLATION\u00ae ist ein patentiertes Therapieverfahren das mittels elektrostatischer Anziehung und Reibung Schwingungen mit biologischer Tiefenwirkung (schonend und bis zu 8 cm tief) im zu behandelnden Gewebe erzeugt. Hierbei kann Einflu\u00df auf alle Schichten: Haut, leitendes Gewebe, subkutanes Fettgewebe, Muskeln, [&hellip;]\" \/>\n<meta property=\"og:url\" content=\"https:\/\/xn--praxis-lemke-eckernfrde-rlc.de\/?page_id=1219\" \/>\n<meta property=\"og:site_name\" content=\"Dr. med. Harald Lemke\" \/>\n<meta property=\"article:modified_time\" content=\"2021-05-17T06:42:11+00:00\" \/>\n<meta name=\"twitter:card\" content=\"summary_large_image\" \/>\n<meta name=\"twitter:label1\" content=\"Gesch\u00e4tzte Lesezeit\" \/>\n\t<meta name=\"twitter:data1\" content=\"1\u00a0Minute\" \/>\n<script type=\"application\/ld+json\" class=\"yoast-schema-graph\">{\"@context\":\"https:\/\/schema.org\",\"@graph\":[{\"@type\":\"WebPage\",\"@id\":\"https:\/\/xn--praxis-lemke-eckernfrde-rlc.de\/?page_id=1219\",\"url\":\"https:\/\/xn--praxis-lemke-eckernfrde-rlc.de\/?page_id=1219\",\"name\":\"TIEFENOSZILLATION - Dr. med. Harald Lemke\",\"isPartOf\":{\"@id\":\"https:\/\/xn--praxis-lemke-eckernfrde-rlc.de\/#website\"},\"datePublished\":\"2021-04-03T15:41:37+00:00\",\"dateModified\":\"2021-05-17T06:42:11+00:00\",\"breadcrumb\":{\"@id\":\"https:\/\/xn--praxis-lemke-eckernfrde-rlc.de\/?page_id=1219#breadcrumb\"},\"inLanguage\":\"de\",\"potentialAction\":[{\"@type\":\"ReadAction\",\"target\":[\"https:\/\/xn--praxis-lemke-eckernfrde-rlc.de\/?page_id=1219\"]}]},{\"@type\":\"BreadcrumbList\",\"@id\":\"https:\/\/xn--praxis-lemke-eckernfrde-rlc.de\/?page_id=1219#breadcrumb\",\"itemListElement\":[{\"@type\":\"ListItem\",\"position\":1,\"name\":\"Startseite\",\"item\":\"https:\/\/xn--praxis-lemke-eckernfrde-rlc.de\/\"},{\"@type\":\"ListItem\",\"position\":2,\"name\":\"TIEFENOSZILLATION\"}]},{\"@type\":\"WebSite\",\"@id\":\"https:\/\/xn--praxis-lemke-eckernfrde-rlc.de\/#website\",\"url\":\"https:\/\/xn--praxis-lemke-eckernfrde-rlc.de\/\",\"name\":\"https:\/\/xn--praxis-lemke-eckernfrde-rlc.de\/\",\"description\":\"Praxis f\u00fcr Ostasiatische Heilverfahren &amp; Integrative Medizin\",\"potentialAction\":[{\"@type\":\"SearchAction\",\"target\":{\"@type\":\"EntryPoint\",\"urlTemplate\":\"https:\/\/xn--praxis-lemke-eckernfrde-rlc.de\/?s={search_term_string}\"},\"query-input\":{\"@type\":\"PropertyValueSpecification\",\"valueRequired\":true,\"valueName\":\"search_term_string\"}}],\"inLanguage\":\"de\"}]}<\/script>\n<!-- \/ Yoast SEO plugin. -->","yoast_head_json":{"title":"TIEFENOSZILLATION - Dr. med. Harald Lemke","robots":{"index":"index","follow":"follow","max-snippet":"max-snippet:-1","max-image-preview":"max-image-preview:large","max-video-preview":"max-video-preview:-1"},"canonical":"https:\/\/xn--praxis-lemke-eckernfrde-rlc.de\/?page_id=1219","og_locale":"de_DE","og_type":"article","og_title":"TIEFENOSZILLATION - Dr. med. Harald Lemke","og_description":"DEEP OSCILLATION\u00ae ist ein patentiertes Therapieverfahren das mittels elektrostatischer Anziehung und Reibung Schwingungen mit biologischer Tiefenwirkung (schonend und bis zu 8 cm tief) im zu behandelnden Gewebe erzeugt. Hierbei kann Einflu\u00df auf alle Schichten: Haut, leitendes Gewebe, subkutanes Fettgewebe, Muskeln, [&hellip;]","og_url":"https:\/\/xn--praxis-lemke-eckernfrde-rlc.de\/?page_id=1219","og_site_name":"Dr. med. Harald Lemke","article_modified_time":"2021-05-17T06:42:11+00:00","twitter_card":"summary_large_image","twitter_misc":{"Gesch\u00e4tzte Lesezeit":"1\u00a0Minute"},"schema":{"@context":"https:\/\/schema.org","@graph":[{"@type":"WebPage","@id":"https:\/\/xn--praxis-lemke-eckernfrde-rlc.de\/?page_id=1219","url":"https:\/\/xn--praxis-lemke-eckernfrde-rlc.de\/?page_id=1219","name":"TIEFENOSZILLATION - Dr. med. Harald Lemke","isPartOf":{"@id":"https:\/\/xn--praxis-lemke-eckernfrde-rlc.de\/#website"},"datePublished":"2021-04-03T15:41:37+00:00","dateModified":"2021-05-17T06:42:11+00:00","breadcrumb":{"@id":"https:\/\/xn--praxis-lemke-eckernfrde-rlc.de\/?page_id=1219#breadcrumb"},"inLanguage":"de","potentialAction":[{"@type":"ReadAction","target":["https:\/\/xn--praxis-lemke-eckernfrde-rlc.de\/?page_id=1219"]}]},{"@type":"BreadcrumbList","@id":"https:\/\/xn--praxis-lemke-eckernfrde-rlc.de\/?page_id=1219#breadcrumb","itemListElement":[{"@type":"ListItem","position":1,"name":"Startseite","item":"https:\/\/xn--praxis-lemke-eckernfrde-rlc.de\/"},{"@type":"ListItem","position":2,"name":"TIEFENOSZILLATION"}]},{"@type":"WebSite","@id":"https:\/\/xn--praxis-lemke-eckernfrde-rlc.de\/#website","url":"https:\/\/xn--praxis-lemke-eckernfrde-rlc.de\/","name":"https:\/\/xn--praxis-lemke-eckernfrde-rlc.de\/","description":"Praxis f\u00fcr Ostasiatische Heilverfahren &amp; Integrative Medizin","potentialAction":[{"@type":"SearchAction","target":{"@type":"EntryPoint","urlTemplate":"https:\/\/xn--praxis-lemke-eckernfrde-rlc.de\/?s={search_term_string}"},"query-input":{"@type":"PropertyValueSpecification","valueRequired":true,"valueName":"search_term_string"}}],"inLanguage":"de"}]}},"_links":{"self":[{"href":"https:\/\/xn--praxis-lemke-eckernfrde-rlc.de\/index.php?rest_route=\/wp\/v2\/pages\/1219"}],"collection":[{"href":"https:\/\/xn--praxis-lemke-eckernfrde-rlc.de\/index.php?rest_route=\/wp\/v2\/pages"}],"about":[{"href":"https:\/\/xn--praxis-lemke-eckernfrde-rlc.de\/index.php?rest_route=\/wp\/v2\/types\/page"}],"author":[{"embeddable":true,"href":"https:\/\/xn--praxis-lemke-eckernfrde-rlc.de\/index.php?rest_route=\/wp\/v2\/users\/1"}],"replies":[{"embeddable":true,"href":"https:\/\/xn--praxis-lemke-eckernfrde-rlc.de\/index.php?rest_route=%2Fwp%2Fv2%2Fcomments&post=1219"}],"version-history":[{"count":7,"href":"https:\/\/xn--praxis-lemke-eckernfrde-rlc.de\/index.php?rest_route=\/wp\/v2\/pages\/1219\/revisions"}],"predecessor-version":[{"id":1403,"href":"https:\/\/xn--praxis-lemke-eckernfrde-rlc.de\/index.php?rest_route=\/wp\/v2\/pages\/1219\/revisions\/1403"}],"wp:attachment":[{"href":"https:\/\/xn--praxis-lemke-eckernfrde-rlc.de\/index.php?rest_route=%2Fwp%2Fv2%2Fmedia&parent=1219"}],"curies":[{"name":"wp","href":"https:\/\/api.w.org\/{rel}","templated":true}]}}