{"id":1237,"date":"2021-04-03T17:53:16","date_gmt":"2021-04-03T15:53:16","guid":{"rendered":"https:\/\/xn--praxis-lemke-eckernfrde-rlc.de\/?page_id=1237"},"modified":"2021-05-17T08:44:39","modified_gmt":"2021-05-17T06:44:39","slug":"carboxytherapie","status":"publish","type":"page","link":"https:\/\/xn--praxis-lemke-eckernfrde-rlc.de\/?page_id=1237","title":{"rendered":"CARBOXYTHERAPIE"},"content":{"rendered":"\n<p>Bei dieser Therapieform werden sehr feine Mesotherapienadeln verwendet und durch die Mikroinjektionen applizierbaren Kohlendioxids in die Haut multiple Gewebe-Mechanismen angesto\u00dfen:<\/p>\n\n\n\n<p>u.a. weiten sich die Gef\u00e4\u00dfe, Sauerstoff- und N\u00e4hrstoffversorgung werden gesteigert und letztlich nicht nur der Zellstoffwechsel angeregt.<\/p>\n\n\n\n<p>So ist der Einsatz auch nicht nur begrenzt auf den \u00e4sthetischen Bereich (Hautelastizit\u00e4t, Hautf\u00e4ltchen, Dehnungs- und Schwangerschaftsstreifen, dunkle Augenringe\/Tr\u00e4nens\u00e4cke, lokale Fettdepots oder Cellulite). Die Carboxy-Therapie findet klinisch-praktisch weit dar\u00fcber hinaus ihren Einsatz bei u.a.  Migr\u00e4ne, Myalgien, Tendopathien, bei Durchblutungsst\u00f6rungen, Akne, Ulcus cruris etc., Tinnitus, Schwindel und vielem mehr &#8211; im Vorangehenden wird hierbei weder der Anspruch auf Vollst\u00e4ndigkeit erhoben noch jener auf Wissenschaftlichkeit. Publizierte Artikel lassen sich in    https:\/\/pubmed.ncbi.nlm.nih.gov\/     einsehen. <\/p>\n\n\n\n<p>Der Vorteil der Carboxy-Therapie ist nicht nur, dass jene nebenwirkungsarm ist, sondern im wesentlichen dass keine Allergien ausgel\u00f6st werden. Alleine oder in Kombination mit anderen Therapieformen ist die Carboxytherapie eine effiziente und wirkungsvolle Methode, die ein breites Spektrum im medizinischen sowie \u00e4sthetischen Bereich findet.<\/p>\n\n\n\n<p>Eine Carboxybehandlung wird nach aktueller \u00e4rztlicher Geb\u00fchrenordnung je nach Fall mit<\/p>\n\n\n\n<p>zw. \u20ac 65,28  und  \u20ac 96,52 analog honoriert.<\/p>\n\n\n\n<p><br><\/p>\n\n\n\n<p><br><br><\/p>\n","protected":false},"excerpt":{"rendered":"<p>Bei dieser Therapieform werden sehr feine Mesotherapienadeln verwendet und durch die Mikroinjektionen applizierbaren Kohlendioxids in die Haut multiple Gewebe-Mechanismen angesto\u00dfen: u.a. weiten sich die Gef\u00e4\u00dfe, Sauerstoff- und N\u00e4hrstoffversorgung werden gesteigert und letztlich nicht nur der Zellstoffwechsel angeregt. So ist der [&hellip;]<\/p>\n","protected":false},"author":1,"featured_media":0,"parent":0,"menu_order":0,"comment_status":"closed","ping_status":"closed","template":"","meta":{"footnotes":""},"class_list":["post-1237","page","type-page","status-publish","hentry","clearfix"],"yoast_head":"<!-- This site is optimized with the Yoast SEO plugin v25.6 - https:\/\/yoast.com\/wordpress\/plugins\/seo\/ -->\n<title>CARBOXYTHERAPIE - Dr. med. Harald Lemke<\/title>\n<meta name=\"robots\" content=\"index, follow, max-snippet:-1, max-image-preview:large, max-video-preview:-1\" \/>\n<link rel=\"canonical\" href=\"https:\/\/xn--praxis-lemke-eckernfrde-rlc.de\/?page_id=1237\" \/>\n<meta property=\"og:locale\" content=\"de_DE\" \/>\n<meta property=\"og:type\" content=\"article\" \/>\n<meta property=\"og:title\" content=\"CARBOXYTHERAPIE - Dr. med. Harald Lemke\" \/>\n<meta property=\"og:description\" content=\"Bei dieser Therapieform werden sehr feine Mesotherapienadeln verwendet und durch die Mikroinjektionen applizierbaren Kohlendioxids in die Haut multiple Gewebe-Mechanismen angesto\u00dfen: u.a. weiten sich die Gef\u00e4\u00dfe, Sauerstoff- und N\u00e4hrstoffversorgung werden gesteigert und letztlich nicht nur der Zellstoffwechsel angeregt. So ist der [&hellip;]\" \/>\n<meta property=\"og:url\" content=\"https:\/\/xn--praxis-lemke-eckernfrde-rlc.de\/?page_id=1237\" \/>\n<meta property=\"og:site_name\" content=\"Dr. med. Harald Lemke\" \/>\n<meta property=\"article:modified_time\" content=\"2021-05-17T06:44:39+00:00\" \/>\n<meta name=\"twitter:card\" content=\"summary_large_image\" \/>\n<meta name=\"twitter:label1\" content=\"Gesch\u00e4tzte Lesezeit\" \/>\n\t<meta name=\"twitter:data1\" content=\"1\u00a0Minute\" \/>\n<script type=\"application\/ld+json\" class=\"yoast-schema-graph\">{\"@context\":\"https:\/\/schema.org\",\"@graph\":[{\"@type\":\"WebPage\",\"@id\":\"https:\/\/xn--praxis-lemke-eckernfrde-rlc.de\/?page_id=1237\",\"url\":\"https:\/\/xn--praxis-lemke-eckernfrde-rlc.de\/?page_id=1237\",\"name\":\"CARBOXYTHERAPIE - Dr. med. Harald Lemke\",\"isPartOf\":{\"@id\":\"https:\/\/xn--praxis-lemke-eckernfrde-rlc.de\/#website\"},\"datePublished\":\"2021-04-03T15:53:16+00:00\",\"dateModified\":\"2021-05-17T06:44:39+00:00\",\"breadcrumb\":{\"@id\":\"https:\/\/xn--praxis-lemke-eckernfrde-rlc.de\/?page_id=1237#breadcrumb\"},\"inLanguage\":\"de\",\"potentialAction\":[{\"@type\":\"ReadAction\",\"target\":[\"https:\/\/xn--praxis-lemke-eckernfrde-rlc.de\/?page_id=1237\"]}]},{\"@type\":\"BreadcrumbList\",\"@id\":\"https:\/\/xn--praxis-lemke-eckernfrde-rlc.de\/?page_id=1237#breadcrumb\",\"itemListElement\":[{\"@type\":\"ListItem\",\"position\":1,\"name\":\"Startseite\",\"item\":\"https:\/\/xn--praxis-lemke-eckernfrde-rlc.de\/\"},{\"@type\":\"ListItem\",\"position\":2,\"name\":\"CARBOXYTHERAPIE\"}]},{\"@type\":\"WebSite\",\"@id\":\"https:\/\/xn--praxis-lemke-eckernfrde-rlc.de\/#website\",\"url\":\"https:\/\/xn--praxis-lemke-eckernfrde-rlc.de\/\",\"name\":\"https:\/\/xn--praxis-lemke-eckernfrde-rlc.de\/\",\"description\":\"Praxis f\u00fcr Ostasiatische Heilverfahren &amp; Integrative Medizin\",\"potentialAction\":[{\"@type\":\"SearchAction\",\"target\":{\"@type\":\"EntryPoint\",\"urlTemplate\":\"https:\/\/xn--praxis-lemke-eckernfrde-rlc.de\/?s={search_term_string}\"},\"query-input\":{\"@type\":\"PropertyValueSpecification\",\"valueRequired\":true,\"valueName\":\"search_term_string\"}}],\"inLanguage\":\"de\"}]}<\/script>\n<!-- \/ Yoast SEO plugin. -->","yoast_head_json":{"title":"CARBOXYTHERAPIE - Dr. med. Harald Lemke","robots":{"index":"index","follow":"follow","max-snippet":"max-snippet:-1","max-image-preview":"max-image-preview:large","max-video-preview":"max-video-preview:-1"},"canonical":"https:\/\/xn--praxis-lemke-eckernfrde-rlc.de\/?page_id=1237","og_locale":"de_DE","og_type":"article","og_title":"CARBOXYTHERAPIE - Dr. med. Harald Lemke","og_description":"Bei dieser Therapieform werden sehr feine Mesotherapienadeln verwendet und durch die Mikroinjektionen applizierbaren Kohlendioxids in die Haut multiple Gewebe-Mechanismen angesto\u00dfen: u.a. weiten sich die Gef\u00e4\u00dfe, Sauerstoff- und N\u00e4hrstoffversorgung werden gesteigert und letztlich nicht nur der Zellstoffwechsel angeregt. So ist der [&hellip;]","og_url":"https:\/\/xn--praxis-lemke-eckernfrde-rlc.de\/?page_id=1237","og_site_name":"Dr. med. Harald Lemke","article_modified_time":"2021-05-17T06:44:39+00:00","twitter_card":"summary_large_image","twitter_misc":{"Gesch\u00e4tzte Lesezeit":"1\u00a0Minute"},"schema":{"@context":"https:\/\/schema.org","@graph":[{"@type":"WebPage","@id":"https:\/\/xn--praxis-lemke-eckernfrde-rlc.de\/?page_id=1237","url":"https:\/\/xn--praxis-lemke-eckernfrde-rlc.de\/?page_id=1237","name":"CARBOXYTHERAPIE - Dr. med. Harald Lemke","isPartOf":{"@id":"https:\/\/xn--praxis-lemke-eckernfrde-rlc.de\/#website"},"datePublished":"2021-04-03T15:53:16+00:00","dateModified":"2021-05-17T06:44:39+00:00","breadcrumb":{"@id":"https:\/\/xn--praxis-lemke-eckernfrde-rlc.de\/?page_id=1237#breadcrumb"},"inLanguage":"de","potentialAction":[{"@type":"ReadAction","target":["https:\/\/xn--praxis-lemke-eckernfrde-rlc.de\/?page_id=1237"]}]},{"@type":"BreadcrumbList","@id":"https:\/\/xn--praxis-lemke-eckernfrde-rlc.de\/?page_id=1237#breadcrumb","itemListElement":[{"@type":"ListItem","position":1,"name":"Startseite","item":"https:\/\/xn--praxis-lemke-eckernfrde-rlc.de\/"},{"@type":"ListItem","position":2,"name":"CARBOXYTHERAPIE"}]},{"@type":"WebSite","@id":"https:\/\/xn--praxis-lemke-eckernfrde-rlc.de\/#website","url":"https:\/\/xn--praxis-lemke-eckernfrde-rlc.de\/","name":"https:\/\/xn--praxis-lemke-eckernfrde-rlc.de\/","description":"Praxis f\u00fcr Ostasiatische Heilverfahren &amp; Integrative Medizin","potentialAction":[{"@type":"SearchAction","target":{"@type":"EntryPoint","urlTemplate":"https:\/\/xn--praxis-lemke-eckernfrde-rlc.de\/?s={search_term_string}"},"query-input":{"@type":"PropertyValueSpecification","valueRequired":true,"valueName":"search_term_string"}}],"inLanguage":"de"}]}},"_links":{"self":[{"href":"https:\/\/xn--praxis-lemke-eckernfrde-rlc.de\/index.php?rest_route=\/wp\/v2\/pages\/1237"}],"collection":[{"href":"https:\/\/xn--praxis-lemke-eckernfrde-rlc.de\/index.php?rest_route=\/wp\/v2\/pages"}],"about":[{"href":"https:\/\/xn--praxis-lemke-eckernfrde-rlc.de\/index.php?rest_route=\/wp\/v2\/types\/page"}],"author":[{"embeddable":true,"href":"https:\/\/xn--praxis-lemke-eckernfrde-rlc.de\/index.php?rest_route=\/wp\/v2\/users\/1"}],"replies":[{"embeddable":true,"href":"https:\/\/xn--praxis-lemke-eckernfrde-rlc.de\/index.php?rest_route=%2Fwp%2Fv2%2Fcomments&post=1237"}],"version-history":[{"count":8,"href":"https:\/\/xn--praxis-lemke-eckernfrde-rlc.de\/index.php?rest_route=\/wp\/v2\/pages\/1237\/revisions"}],"predecessor-version":[{"id":1412,"href":"https:\/\/xn--praxis-lemke-eckernfrde-rlc.de\/index.php?rest_route=\/wp\/v2\/pages\/1237\/revisions\/1412"}],"wp:attachment":[{"href":"https:\/\/xn--praxis-lemke-eckernfrde-rlc.de\/index.php?rest_route=%2Fwp%2Fv2%2Fmedia&parent=1237"}],"curies":[{"name":"wp","href":"https:\/\/api.w.org\/{rel}","templated":true}]}}