{"id":1457,"date":"2022-08-06T11:06:31","date_gmt":"2022-08-06T09:06:31","guid":{"rendered":"https:\/\/xn--praxis-lemke-eckernfrde-rlc.de\/?page_id=1457"},"modified":"2022-08-06T12:11:03","modified_gmt":"2022-08-06T10:11:03","slug":"neurologie","status":"publish","type":"page","link":"https:\/\/xn--praxis-lemke-eckernfrde-rlc.de\/?page_id=1457","title":{"rendered":"Neurologie"},"content":{"rendered":"\n<p>Neurologische Leiden jeglicher Art werden in meiner Praxis \u00fcber das Gebiet der Sch\u00e4delakupunktur ggf. in Erg\u00e4nzung mit Elektroakupunktur und\/oder der Tiefenoszillation sowie der Laserakupunktur abgedeckt.<\/p>\n\n\n\n<p>Suzanne Robidoux (Sch\u00e4delakupunktur), Dr. Jason Hao (USA) (Neuropuncture), Dr. Poney Chiang (CAN) (Neuroacupuncture), Dr. Jeremy Steiner (USA) (EAM = Electro-Acupuncture Medicine), Dr. Michael Weber (BRD) sind hier meine wesentlichsten Einfl\u00fcsse.<\/p>\n\n\n\n<p>Klinisch-praktisch zeigt sich, dass je fr\u00fcher im Erkrankungsprozess mit den begleitenden Behandlungen begonnen wird, die Erfolgschanchen h\u00f6her sind. Darin unterscheidet sich diese Behandlungsform nicht von vielen weiteren rehabilitativen Verfahren. Eine frische Facialisparese z.B. kann sich bedeutend schneller und vollst\u00e4ndiger r\u00fcckbilden (freilich gibt es in einigen F\u00e4llen auch spontane R\u00fcckbildungen) als eine bereits seit einem Jahr bestehende, aber auch hier gibt es F\u00e4lle deutlicher Erfolge. <\/p>\n\n\n\n<p>Eine Dame mit einer Facialisparese war es \u00fcbrigens, die einst in mir die Entscheidung reifen lie\u00df die Chinesische Medizin nicht parallel zu einem regul\u00e4r schulmedizinischen Betrieb laufen zu lassen. Ich setzte ihr die Nadeln und ging zur\u00fcck in die regul\u00e4re Sprechstunde, die derma\u00dfen eng getaktet war, dass ich die Zeit verga\u00df&#8230; irgendwann stand die Dame dann am Tresen mit den Nadeln in der Hand. Etwas, was nie wieder vorkommen sollte.<\/p>\n\n\n\n<p>Folgend finden Sie &#8222;links&#8220; zu einigen in pubmed gef\u00fchrten Ver\u00f6ffentlichungen, verschiedene Krankheitsbilder ber\u00fccksichtigend.<\/p>\n\n\n\n<p><strong>SCHLAGANFALL , APOPLEX , HIRNINFARKT<\/strong><\/p>\n\n\n\n<p><\/p>\n\n\n\n<p><strong>Efficacy of Scalp Acupuncture in Patients With Post-stroke Hemiparesis: Meta-Analysis of Randomized Controlled Trials<\/strong><\/p>\n\n\n\n<p>Front Neurol. 2021 Dec 9;12:746567. doi: 10.3389\/fneur.2021.746567. eCollection 2021.<\/p>\n\n\n\n<p><a href=\"https:\/\/pubmed.ncbi.nlm.nih.gov\/34956046\/\"><strong>https:\/\/pubmed.ncbi.nlm.nih.gov\/34956046\/<\/strong><\/a>   <strong> *<\/strong><\/p>\n\n\n\n<p><strong>Scalp acupuncture enhances local brain regions functional activities and functional connections between cerebral hemispheres in acute ischemic stroke patients<\/strong><\/p>\n\n\n\n<p>Randomized Controlled Trial Anat Rec (Hoboken). 2021 Nov;304(11):2538-2551. doi: 10.1002\/ar.24746. Epub 2021 Aug 25.<\/p>\n\n\n\n<p><a href=\"https:\/\/pubmed.ncbi.nlm.nih.gov\/34431612\/\"><strong>https:\/\/pubmed.ncbi.nlm.nih.gov\/34431612\/<\/strong><\/a>    <strong>*<\/strong><\/p>\n\n\n\n<p><strong>Scalp acupuncture therapy combined with exercise can improve the ability of stroke patients to participate in daily activities<\/strong><\/p>\n\n\n\n<p>Complement Ther Clin Pract. 2021 May;43:101343. doi: 10.1016\/j.ctcp.2021.101343. Epub 2021 Mar 3.<\/p>\n\n\n\n<p><a href=\"https:\/\/pubmed.ncbi.nlm.nih.gov\/33714169\/\"><strong>https:\/\/pubmed.ncbi.nlm.nih.gov\/33714169\/<\/strong><\/a>    <strong>*<\/strong><\/p>\n\n\n\n<p><\/p>\n\n\n\n<p><\/p>\n\n\n\n<p><strong>ZEREBRALPARESE<\/strong><\/p>\n\n\n\n<p><\/p>\n\n\n\n<p><strong>Chinese Scalp Acupuncture for Cerebral Palsy in a Child Diagnosed With Stroke in Utero<\/strong><\/p>\n\n\n\n<p>Glob Adv Health Med. 2012 Mar; 1(1): 14\u201317. Published online 2012 Mar 1.<\/p>\n\n\n\n<p><a href=\"https:\/\/www.ncbi.nlm.nih.gov\/pmc\/articles\/PMC3833473\/\" target=\"_blank\" rel=\"noreferrer noopener\"><strong>https:\/\/www.ncbi.nlm.nih.gov\/pmc\/articles\/PMC3833473\/<\/strong><\/a>     <strong> *<\/strong><\/p>\n\n\n\n<p><\/p>\n\n\n\n<p><strong>Acupuncture for cerebral palsy: a meta-analysis of randomized controlled trials<\/strong><\/p>\n\n\n\n<p>Neural Regen Res. 2018 Jun; 13(6): 1107\u20131117. doi: 10.4103\/1673-5374.233455<\/p>\n\n\n\n<p><strong><a href=\"https:\/\/www.ncbi.nlm.nih.gov\/pmc\/articles\/PMC6022466\/\">https:\/\/www.ncbi.nlm.nih.gov\/pmc\/articles\/PMC6022466\/<\/a>       *<\/strong><\/p>\n\n\n\n<p><\/p>\n\n\n\n<p><strong>weiteres in Arbeit&#8230;<\/strong><\/p>\n\n\n\n<p><strong>*die Moderne verlangt es darauf hinzuweisen, dass f\u00fcr links zu externen Quellen &amp; Inhalten keinerlei Verantwortung \u00fcbernommen wird.<\/strong><\/p>\n\n\n\n<p><\/p>\n","protected":false},"excerpt":{"rendered":"<p>Neurologische Leiden jeglicher Art werden in meiner Praxis \u00fcber das Gebiet der Sch\u00e4delakupunktur ggf. in Erg\u00e4nzung mit Elektroakupunktur und\/oder der Tiefenoszillation sowie der Laserakupunktur abgedeckt. Suzanne Robidoux (Sch\u00e4delakupunktur), Dr. Jason Hao (USA) (Neuropuncture), Dr. Poney Chiang (CAN) (Neuroacupuncture), Dr. Jeremy [&hellip;]<\/p>\n","protected":false},"author":1,"featured_media":0,"parent":0,"menu_order":0,"comment_status":"closed","ping_status":"closed","template":"","meta":{"footnotes":""},"class_list":["post-1457","page","type-page","status-publish","hentry","clearfix"],"yoast_head":"<!-- This site is optimized with the Yoast SEO plugin v25.6 - https:\/\/yoast.com\/wordpress\/plugins\/seo\/ -->\n<title>Neurologie - Dr. med. Harald Lemke<\/title>\n<meta name=\"robots\" content=\"index, follow, max-snippet:-1, max-image-preview:large, max-video-preview:-1\" \/>\n<link rel=\"canonical\" href=\"https:\/\/xn--praxis-lemke-eckernfrde-rlc.de\/?page_id=1457\" \/>\n<meta property=\"og:locale\" content=\"de_DE\" \/>\n<meta property=\"og:type\" content=\"article\" \/>\n<meta property=\"og:title\" content=\"Neurologie - Dr. med. Harald Lemke\" \/>\n<meta property=\"og:description\" content=\"Neurologische Leiden jeglicher Art werden in meiner Praxis \u00fcber das Gebiet der Sch\u00e4delakupunktur ggf. in Erg\u00e4nzung mit Elektroakupunktur und\/oder der Tiefenoszillation sowie der Laserakupunktur abgedeckt. Suzanne Robidoux (Sch\u00e4delakupunktur), Dr. Jason Hao (USA) (Neuropuncture), Dr. Poney Chiang (CAN) (Neuroacupuncture), Dr. Jeremy [&hellip;]\" \/>\n<meta property=\"og:url\" content=\"https:\/\/xn--praxis-lemke-eckernfrde-rlc.de\/?page_id=1457\" \/>\n<meta property=\"og:site_name\" content=\"Dr. med. Harald Lemke\" \/>\n<meta property=\"article:modified_time\" content=\"2022-08-06T10:11:03+00:00\" \/>\n<meta name=\"twitter:card\" content=\"summary_large_image\" \/>\n<meta name=\"twitter:label1\" content=\"Gesch\u00e4tzte Lesezeit\" \/>\n\t<meta name=\"twitter:data1\" content=\"3\u00a0Minuten\" \/>\n<script type=\"application\/ld+json\" class=\"yoast-schema-graph\">{\"@context\":\"https:\/\/schema.org\",\"@graph\":[{\"@type\":\"WebPage\",\"@id\":\"https:\/\/xn--praxis-lemke-eckernfrde-rlc.de\/?page_id=1457\",\"url\":\"https:\/\/xn--praxis-lemke-eckernfrde-rlc.de\/?page_id=1457\",\"name\":\"Neurologie - Dr. med. Harald Lemke\",\"isPartOf\":{\"@id\":\"https:\/\/xn--praxis-lemke-eckernfrde-rlc.de\/#website\"},\"datePublished\":\"2022-08-06T09:06:31+00:00\",\"dateModified\":\"2022-08-06T10:11:03+00:00\",\"breadcrumb\":{\"@id\":\"https:\/\/xn--praxis-lemke-eckernfrde-rlc.de\/?page_id=1457#breadcrumb\"},\"inLanguage\":\"de\",\"potentialAction\":[{\"@type\":\"ReadAction\",\"target\":[\"https:\/\/xn--praxis-lemke-eckernfrde-rlc.de\/?page_id=1457\"]}]},{\"@type\":\"BreadcrumbList\",\"@id\":\"https:\/\/xn--praxis-lemke-eckernfrde-rlc.de\/?page_id=1457#breadcrumb\",\"itemListElement\":[{\"@type\":\"ListItem\",\"position\":1,\"name\":\"Startseite\",\"item\":\"https:\/\/xn--praxis-lemke-eckernfrde-rlc.de\/\"},{\"@type\":\"ListItem\",\"position\":2,\"name\":\"Neurologie\"}]},{\"@type\":\"WebSite\",\"@id\":\"https:\/\/xn--praxis-lemke-eckernfrde-rlc.de\/#website\",\"url\":\"https:\/\/xn--praxis-lemke-eckernfrde-rlc.de\/\",\"name\":\"https:\/\/xn--praxis-lemke-eckernfrde-rlc.de\/\",\"description\":\"Praxis f\u00fcr Ostasiatische Heilverfahren &amp; Integrative Medizin\",\"potentialAction\":[{\"@type\":\"SearchAction\",\"target\":{\"@type\":\"EntryPoint\",\"urlTemplate\":\"https:\/\/xn--praxis-lemke-eckernfrde-rlc.de\/?s={search_term_string}\"},\"query-input\":{\"@type\":\"PropertyValueSpecification\",\"valueRequired\":true,\"valueName\":\"search_term_string\"}}],\"inLanguage\":\"de\"}]}<\/script>\n<!-- \/ Yoast SEO plugin. -->","yoast_head_json":{"title":"Neurologie - Dr. med. Harald Lemke","robots":{"index":"index","follow":"follow","max-snippet":"max-snippet:-1","max-image-preview":"max-image-preview:large","max-video-preview":"max-video-preview:-1"},"canonical":"https:\/\/xn--praxis-lemke-eckernfrde-rlc.de\/?page_id=1457","og_locale":"de_DE","og_type":"article","og_title":"Neurologie - Dr. med. Harald Lemke","og_description":"Neurologische Leiden jeglicher Art werden in meiner Praxis \u00fcber das Gebiet der Sch\u00e4delakupunktur ggf. in Erg\u00e4nzung mit Elektroakupunktur und\/oder der Tiefenoszillation sowie der Laserakupunktur abgedeckt. Suzanne Robidoux (Sch\u00e4delakupunktur), Dr. Jason Hao (USA) (Neuropuncture), Dr. Poney Chiang (CAN) (Neuroacupuncture), Dr. Jeremy [&hellip;]","og_url":"https:\/\/xn--praxis-lemke-eckernfrde-rlc.de\/?page_id=1457","og_site_name":"Dr. med. Harald Lemke","article_modified_time":"2022-08-06T10:11:03+00:00","twitter_card":"summary_large_image","twitter_misc":{"Gesch\u00e4tzte Lesezeit":"3\u00a0Minuten"},"schema":{"@context":"https:\/\/schema.org","@graph":[{"@type":"WebPage","@id":"https:\/\/xn--praxis-lemke-eckernfrde-rlc.de\/?page_id=1457","url":"https:\/\/xn--praxis-lemke-eckernfrde-rlc.de\/?page_id=1457","name":"Neurologie - Dr. med. Harald Lemke","isPartOf":{"@id":"https:\/\/xn--praxis-lemke-eckernfrde-rlc.de\/#website"},"datePublished":"2022-08-06T09:06:31+00:00","dateModified":"2022-08-06T10:11:03+00:00","breadcrumb":{"@id":"https:\/\/xn--praxis-lemke-eckernfrde-rlc.de\/?page_id=1457#breadcrumb"},"inLanguage":"de","potentialAction":[{"@type":"ReadAction","target":["https:\/\/xn--praxis-lemke-eckernfrde-rlc.de\/?page_id=1457"]}]},{"@type":"BreadcrumbList","@id":"https:\/\/xn--praxis-lemke-eckernfrde-rlc.de\/?page_id=1457#breadcrumb","itemListElement":[{"@type":"ListItem","position":1,"name":"Startseite","item":"https:\/\/xn--praxis-lemke-eckernfrde-rlc.de\/"},{"@type":"ListItem","position":2,"name":"Neurologie"}]},{"@type":"WebSite","@id":"https:\/\/xn--praxis-lemke-eckernfrde-rlc.de\/#website","url":"https:\/\/xn--praxis-lemke-eckernfrde-rlc.de\/","name":"https:\/\/xn--praxis-lemke-eckernfrde-rlc.de\/","description":"Praxis f\u00fcr Ostasiatische Heilverfahren &amp; Integrative Medizin","potentialAction":[{"@type":"SearchAction","target":{"@type":"EntryPoint","urlTemplate":"https:\/\/xn--praxis-lemke-eckernfrde-rlc.de\/?s={search_term_string}"},"query-input":{"@type":"PropertyValueSpecification","valueRequired":true,"valueName":"search_term_string"}}],"inLanguage":"de"}]}},"_links":{"self":[{"href":"https:\/\/xn--praxis-lemke-eckernfrde-rlc.de\/index.php?rest_route=\/wp\/v2\/pages\/1457"}],"collection":[{"href":"https:\/\/xn--praxis-lemke-eckernfrde-rlc.de\/index.php?rest_route=\/wp\/v2\/pages"}],"about":[{"href":"https:\/\/xn--praxis-lemke-eckernfrde-rlc.de\/index.php?rest_route=\/wp\/v2\/types\/page"}],"author":[{"embeddable":true,"href":"https:\/\/xn--praxis-lemke-eckernfrde-rlc.de\/index.php?rest_route=\/wp\/v2\/users\/1"}],"replies":[{"embeddable":true,"href":"https:\/\/xn--praxis-lemke-eckernfrde-rlc.de\/index.php?rest_route=%2Fwp%2Fv2%2Fcomments&post=1457"}],"version-history":[{"count":4,"href":"https:\/\/xn--praxis-lemke-eckernfrde-rlc.de\/index.php?rest_route=\/wp\/v2\/pages\/1457\/revisions"}],"predecessor-version":[{"id":1486,"href":"https:\/\/xn--praxis-lemke-eckernfrde-rlc.de\/index.php?rest_route=\/wp\/v2\/pages\/1457\/revisions\/1486"}],"wp:attachment":[{"href":"https:\/\/xn--praxis-lemke-eckernfrde-rlc.de\/index.php?rest_route=%2Fwp%2Fv2%2Fmedia&parent=1457"}],"curies":[{"name":"wp","href":"https:\/\/api.w.org\/{rel}","templated":true}]}}