{"id":1489,"date":"2022-08-06T12:14:57","date_gmt":"2022-08-06T10:14:57","guid":{"rendered":"https:\/\/xn--praxis-lemke-eckernfrde-rlc.de\/?page_id=1489"},"modified":"2023-01-18T11:31:55","modified_gmt":"2023-01-18T09:31:55","slug":"gebuehrenordnung","status":"publish","type":"page","link":"https:\/\/xn--praxis-lemke-eckernfrde-rlc.de\/?page_id=1489","title":{"rendered":"Geb\u00fchrenordnung"},"content":{"rendered":"\n<p>Alle angebotenen Leistungen werden durch mich pers\u00f6nlich erbracht und erf\u00fcllen die Geb\u00fchrenordnung f\u00fcr \u00c4 (GO\u00c4) in ihrer aktuellen Fassung. Ich arbeite bewusst gew\u00e4hlt auf privat\u00e4rztlicher sowie Selbstzahlerbasis und bitte Sie dies und folgendes zu beachten:<\/p>\n\n\n\n<p><\/p>\n\n\n\n<ul class=\"wp-block-list\">\n<li>Private Krankenkassen &amp; Beihilfen \u00fcbernehmen jene sofern alle Kriterien erf\u00fcllt sind (GO\u00c4 Ziffern, angemessene Steigerungsfaktoren, korrekte Diagnosen etc.)<\/li>\n\n\n\n<li>bei Zusatzversicherungen ist darauf zu achten, dass jene ausdr\u00fccklich auch die Behandlung \u00fcber die \u00e4rztliche Geb\u00fchrenordnung GO\u00c4 erlauben; Zusatz-Versicherte erhalten Aufstellungen der Geb\u00fchrenpositionen denen Privater Krankenkassen\/Beihilfen entsprechend<\/li>\n\n\n\n<li>Gesetzliche Krankenkassen sehen -systembedingt- von einer Kosten\u00fcbernahme ab, so dass gesetzlich Versicherte als Selbstzahler eine Individuelle Gesundheitsleistung erhalten; sollten Sie zuerst eine Selbstzahlerleistung w\u00fcnschen und im Verlaufe der Behandlung zu einer Zusatzversicherung wechseln wollen, erw\u00e4hnen Sie dies bitte vorab, da in diesem Falle verschiedenes zu ber\u00fccksichtigen ist.<\/li>\n<\/ul>\n\n\n\n<p>M\u00f6gliche Ausnahmef\u00e4lle zu Vorangehendem werden immer vorab und pers\u00f6nlich besprochen.<\/p>\n\n\n\n<p>Sie erhalten in allen F\u00e4llen die Rechnungsstellung \u00fcber die privat\u00e4rztliche Abrechnungsstelle (PVS) SH\/Hamburg.<\/p>\n\n\n\n<p>Wenn Sie planen die Akupunktur oder andere angebotene Verfahren f\u00fcr sich in Anspruch zu nehmen, rechnen Sie bitte mit durchschnittlich 10 Behandlungen innerhalb eines Zeitraumes von 5 bis 6 Wochen f\u00fcr das &#8222;Groh&#8220; g\u00e4ngiger Beschwerden &#8211; minus plus. Diese Empfehlung hat sich im europ\u00e4ischen Raum in weiten Teilen so etabliert. <\/p>\n\n\n\n<p>Bei sehr chronifizierten Problemen, Augenleiden wie Makuladegeneration \/ Glaukom, neurologischen St\u00f6rungen (z.B. Z.n. Schlaganfall) u.a. k\u00f6nnen bzw. m\u00fcssen, der Natur der jeweiligen Erkrankung\/Symptomatik gem\u00e4\u00df, die Empfehlungen ggf. entsprechend abweichen. <\/p>\n\n\n\n<p>Geb\u00fchren Akupunktur &#8211; siehe hier: <strong><a href=\"https:\/\/xn--praxis-lemke-eckernfrde-rlc.de\/?page_id=832\" target=\"_blank\" rel=\"noreferrer noopener\"><mark style=\"background-color:rgba(0, 0, 0, 0)\" class=\"has-inline-color has-vivid-red-color\">Akupunktur<\/mark><\/a><\/strong><\/p>\n\n\n\n<p>Geb\u00fchren Kr\u00e4uteranamnese &#8211; siehe hier: <strong><a href=\"https:\/\/xn--praxis-lemke-eckernfrde-rlc.de\/?page_id=875\" target=\"_blank\" rel=\"noreferrer noopener\"><mark style=\"background-color:rgba(0, 0, 0, 0)\" class=\"has-inline-color has-vivid-red-color\">Kr\u00e4uter<\/mark><\/a><\/strong><\/p>\n","protected":false},"excerpt":{"rendered":"<p>Alle angebotenen Leistungen werden durch mich pers\u00f6nlich erbracht und erf\u00fcllen die Geb\u00fchrenordnung f\u00fcr \u00c4 (GO\u00c4) in ihrer aktuellen Fassung. Ich arbeite bewusst gew\u00e4hlt auf privat\u00e4rztlicher sowie Selbstzahlerbasis und bitte Sie dies und folgendes zu beachten: M\u00f6gliche Ausnahmef\u00e4lle zu Vorangehendem werden [&hellip;]<\/p>\n","protected":false},"author":1,"featured_media":0,"parent":0,"menu_order":0,"comment_status":"closed","ping_status":"closed","template":"","meta":{"footnotes":""},"class_list":["post-1489","page","type-page","status-publish","hentry","clearfix"],"yoast_head":"<!-- This site is optimized with the Yoast SEO plugin v25.6 - https:\/\/yoast.com\/wordpress\/plugins\/seo\/ -->\n<title>Geb\u00fchrenordnung - Dr. med. Harald Lemke<\/title>\n<meta name=\"robots\" content=\"index, follow, max-snippet:-1, max-image-preview:large, max-video-preview:-1\" \/>\n<link rel=\"canonical\" href=\"https:\/\/xn--praxis-lemke-eckernfrde-rlc.de\/?page_id=1489\" \/>\n<meta property=\"og:locale\" content=\"de_DE\" \/>\n<meta property=\"og:type\" content=\"article\" \/>\n<meta property=\"og:title\" content=\"Geb\u00fchrenordnung - Dr. med. Harald Lemke\" \/>\n<meta property=\"og:description\" content=\"Alle angebotenen Leistungen werden durch mich pers\u00f6nlich erbracht und erf\u00fcllen die Geb\u00fchrenordnung f\u00fcr \u00c4 (GO\u00c4) in ihrer aktuellen Fassung. Ich arbeite bewusst gew\u00e4hlt auf privat\u00e4rztlicher sowie Selbstzahlerbasis und bitte Sie dies und folgendes zu beachten: M\u00f6gliche Ausnahmef\u00e4lle zu Vorangehendem werden [&hellip;]\" \/>\n<meta property=\"og:url\" content=\"https:\/\/xn--praxis-lemke-eckernfrde-rlc.de\/?page_id=1489\" \/>\n<meta property=\"og:site_name\" content=\"Dr. med. Harald Lemke\" \/>\n<meta property=\"article:modified_time\" content=\"2023-01-18T09:31:55+00:00\" \/>\n<meta name=\"twitter:card\" content=\"summary_large_image\" \/>\n<meta name=\"twitter:label1\" content=\"Gesch\u00e4tzte Lesezeit\" \/>\n\t<meta name=\"twitter:data1\" content=\"2\u00a0Minuten\" \/>\n<script type=\"application\/ld+json\" class=\"yoast-schema-graph\">{\"@context\":\"https:\/\/schema.org\",\"@graph\":[{\"@type\":\"WebPage\",\"@id\":\"https:\/\/xn--praxis-lemke-eckernfrde-rlc.de\/?page_id=1489\",\"url\":\"https:\/\/xn--praxis-lemke-eckernfrde-rlc.de\/?page_id=1489\",\"name\":\"Geb\u00fchrenordnung - Dr. med. Harald Lemke\",\"isPartOf\":{\"@id\":\"https:\/\/xn--praxis-lemke-eckernfrde-rlc.de\/#website\"},\"datePublished\":\"2022-08-06T10:14:57+00:00\",\"dateModified\":\"2023-01-18T09:31:55+00:00\",\"breadcrumb\":{\"@id\":\"https:\/\/xn--praxis-lemke-eckernfrde-rlc.de\/?page_id=1489#breadcrumb\"},\"inLanguage\":\"de\",\"potentialAction\":[{\"@type\":\"ReadAction\",\"target\":[\"https:\/\/xn--praxis-lemke-eckernfrde-rlc.de\/?page_id=1489\"]}]},{\"@type\":\"BreadcrumbList\",\"@id\":\"https:\/\/xn--praxis-lemke-eckernfrde-rlc.de\/?page_id=1489#breadcrumb\",\"itemListElement\":[{\"@type\":\"ListItem\",\"position\":1,\"name\":\"Startseite\",\"item\":\"https:\/\/xn--praxis-lemke-eckernfrde-rlc.de\/\"},{\"@type\":\"ListItem\",\"position\":2,\"name\":\"Geb\u00fchrenordnung\"}]},{\"@type\":\"WebSite\",\"@id\":\"https:\/\/xn--praxis-lemke-eckernfrde-rlc.de\/#website\",\"url\":\"https:\/\/xn--praxis-lemke-eckernfrde-rlc.de\/\",\"name\":\"https:\/\/xn--praxis-lemke-eckernfrde-rlc.de\/\",\"description\":\"Praxis f\u00fcr Ostasiatische Heilverfahren &amp; Integrative Medizin\",\"potentialAction\":[{\"@type\":\"SearchAction\",\"target\":{\"@type\":\"EntryPoint\",\"urlTemplate\":\"https:\/\/xn--praxis-lemke-eckernfrde-rlc.de\/?s={search_term_string}\"},\"query-input\":{\"@type\":\"PropertyValueSpecification\",\"valueRequired\":true,\"valueName\":\"search_term_string\"}}],\"inLanguage\":\"de\"}]}<\/script>\n<!-- \/ Yoast SEO plugin. -->","yoast_head_json":{"title":"Geb\u00fchrenordnung - Dr. med. Harald Lemke","robots":{"index":"index","follow":"follow","max-snippet":"max-snippet:-1","max-image-preview":"max-image-preview:large","max-video-preview":"max-video-preview:-1"},"canonical":"https:\/\/xn--praxis-lemke-eckernfrde-rlc.de\/?page_id=1489","og_locale":"de_DE","og_type":"article","og_title":"Geb\u00fchrenordnung - Dr. med. Harald Lemke","og_description":"Alle angebotenen Leistungen werden durch mich pers\u00f6nlich erbracht und erf\u00fcllen die Geb\u00fchrenordnung f\u00fcr \u00c4 (GO\u00c4) in ihrer aktuellen Fassung. Ich arbeite bewusst gew\u00e4hlt auf privat\u00e4rztlicher sowie Selbstzahlerbasis und bitte Sie dies und folgendes zu beachten: M\u00f6gliche Ausnahmef\u00e4lle zu Vorangehendem werden [&hellip;]","og_url":"https:\/\/xn--praxis-lemke-eckernfrde-rlc.de\/?page_id=1489","og_site_name":"Dr. med. Harald Lemke","article_modified_time":"2023-01-18T09:31:55+00:00","twitter_card":"summary_large_image","twitter_misc":{"Gesch\u00e4tzte Lesezeit":"2\u00a0Minuten"},"schema":{"@context":"https:\/\/schema.org","@graph":[{"@type":"WebPage","@id":"https:\/\/xn--praxis-lemke-eckernfrde-rlc.de\/?page_id=1489","url":"https:\/\/xn--praxis-lemke-eckernfrde-rlc.de\/?page_id=1489","name":"Geb\u00fchrenordnung - Dr. med. Harald Lemke","isPartOf":{"@id":"https:\/\/xn--praxis-lemke-eckernfrde-rlc.de\/#website"},"datePublished":"2022-08-06T10:14:57+00:00","dateModified":"2023-01-18T09:31:55+00:00","breadcrumb":{"@id":"https:\/\/xn--praxis-lemke-eckernfrde-rlc.de\/?page_id=1489#breadcrumb"},"inLanguage":"de","potentialAction":[{"@type":"ReadAction","target":["https:\/\/xn--praxis-lemke-eckernfrde-rlc.de\/?page_id=1489"]}]},{"@type":"BreadcrumbList","@id":"https:\/\/xn--praxis-lemke-eckernfrde-rlc.de\/?page_id=1489#breadcrumb","itemListElement":[{"@type":"ListItem","position":1,"name":"Startseite","item":"https:\/\/xn--praxis-lemke-eckernfrde-rlc.de\/"},{"@type":"ListItem","position":2,"name":"Geb\u00fchrenordnung"}]},{"@type":"WebSite","@id":"https:\/\/xn--praxis-lemke-eckernfrde-rlc.de\/#website","url":"https:\/\/xn--praxis-lemke-eckernfrde-rlc.de\/","name":"https:\/\/xn--praxis-lemke-eckernfrde-rlc.de\/","description":"Praxis f\u00fcr Ostasiatische Heilverfahren &amp; Integrative Medizin","potentialAction":[{"@type":"SearchAction","target":{"@type":"EntryPoint","urlTemplate":"https:\/\/xn--praxis-lemke-eckernfrde-rlc.de\/?s={search_term_string}"},"query-input":{"@type":"PropertyValueSpecification","valueRequired":true,"valueName":"search_term_string"}}],"inLanguage":"de"}]}},"_links":{"self":[{"href":"https:\/\/xn--praxis-lemke-eckernfrde-rlc.de\/index.php?rest_route=\/wp\/v2\/pages\/1489"}],"collection":[{"href":"https:\/\/xn--praxis-lemke-eckernfrde-rlc.de\/index.php?rest_route=\/wp\/v2\/pages"}],"about":[{"href":"https:\/\/xn--praxis-lemke-eckernfrde-rlc.de\/index.php?rest_route=\/wp\/v2\/types\/page"}],"author":[{"embeddable":true,"href":"https:\/\/xn--praxis-lemke-eckernfrde-rlc.de\/index.php?rest_route=\/wp\/v2\/users\/1"}],"replies":[{"embeddable":true,"href":"https:\/\/xn--praxis-lemke-eckernfrde-rlc.de\/index.php?rest_route=%2Fwp%2Fv2%2Fcomments&post=1489"}],"version-history":[{"count":21,"href":"https:\/\/xn--praxis-lemke-eckernfrde-rlc.de\/index.php?rest_route=\/wp\/v2\/pages\/1489\/revisions"}],"predecessor-version":[{"id":1679,"href":"https:\/\/xn--praxis-lemke-eckernfrde-rlc.de\/index.php?rest_route=\/wp\/v2\/pages\/1489\/revisions\/1679"}],"wp:attachment":[{"href":"https:\/\/xn--praxis-lemke-eckernfrde-rlc.de\/index.php?rest_route=%2Fwp%2Fv2%2Fmedia&parent=1489"}],"curies":[{"name":"wp","href":"https:\/\/api.w.org\/{rel}","templated":true}]}}