{"id":1555,"date":"2022-08-29T14:32:53","date_gmt":"2022-08-29T12:32:53","guid":{"rendered":"https:\/\/xn--praxis-lemke-eckernfrde-rlc.de\/?page_id=1555"},"modified":"2024-08-01T21:12:19","modified_gmt":"2024-08-01T19:12:19","slug":"5-stepping-stones-2","status":"publish","type":"page","link":"https:\/\/xn--praxis-lemke-eckernfrde-rlc.de\/?page_id=1555","title":{"rendered":"5 Stepping Stones"},"content":{"rendered":"\n<p>Das <strong><a href=\"http:\/\/xn--praxis-lemke-eckernfrde-rlc.de\/\" target=\"_blank\" rel=\"noreferrer noopener\"><mark style=\"background-color:rgba(0, 0, 0, 0)\" class=\"has-inline-color has-vivid-red-color\">TITELbild<\/mark><\/a><\/strong> zeigt <strong>5<\/strong> Steine. <\/p>\n\n\n\n<p><strong>&#8222;<a href=\"https:\/\/xn--praxis-lemke-eckernfrde-rlc.de\/\" target=\"_blank\" rel=\"noreferrer noopener\">Stepping Stones<\/a>&#8222;<\/strong> (Engl.) wird hierbei als Tritt- bzw. Schrittsteine oder Sprungbretter \u00fcbersetzt. <\/p>\n\n\n\n<p>Jeder Einzelne dieser <strong>5<\/strong> Steine vermag hierbei je eines der <strong>5 Elemente<\/strong> der Chinesischen Medizin zu repr\u00e4sentieren:<\/p>\n\n\n\n<p><strong><mark style=\"background-color:rgba(0, 0, 0, 0)\" class=\"has-inline-color has-vivid-green-cyan-color\">Holz<\/mark>, <mark style=\"background-color:rgba(0, 0, 0, 0)\" class=\"has-inline-color has-vivid-red-color\">Feuer<\/mark>, <mark style=\"background-color:rgba(0, 0, 0, 0)\" class=\"has-inline-color has-luminous-vivid-amber-color\">Erde<\/mark>, <mark style=\"background-color:rgba(0, 0, 0, 0)\" class=\"has-inline-color has-cyan-bluish-gray-color\">Metall<\/mark>, <mark style=\"background-color:rgba(0, 0, 0, 0)\" class=\"has-inline-color has-vivid-cyan-blue-color\">Wasser<\/mark><\/strong> &#8211; wobei die &#8222;Kugel&#8220; fraglos die Erde widerspiegelt. <\/p>\n\n\n\n<p>Im Hintergrund ist angedeutet der Himmel abgebildet &#8211; ein Indiz f\u00fcr das oft wenig beachtete <strong>6te<\/strong> Element, das in der Einnadelakupunktur nach SlaBu seinen rechten Platz erh\u00e4lt und \u00fcber den 5 Elemente Zyklus, \u00fcber den vieles in der Chinesischen Medizin beschrieben und begreifbar wird, hinaus ein 3-Achsen-Modell erm\u00f6glicht &#8211; mit weitreichenden Folgen im Therapieergebnis.<\/p>\n\n\n\n<p><strong>12<\/strong> Meridiane ergeben je <strong>6<\/strong> Paare &#8211; die mit August 2024 integrierte<\/p>\n\n\n\n<p><strong>6 Zonen Diagnostik<\/strong> inkludiert dabei alle und ber\u00fccksichtigt dabei \u00fcber Meridiane weit hinausgehend das Gehirn als &#8222;Sammelpunkt&#8220; aller. Mit der 6 Zonen Diagnostik ist erstmalig ein Fundament gegeben auf das sowohl die Behandlung mit<\/p>\n\n\n\n<p><strong>Akupunktur<\/strong>            als auch mit         <strong>Chiropraktik<\/strong>        aufbauen kann &#8211; die Ergebnisse sprechen f\u00fcr sich!<\/p>\n","protected":false},"excerpt":{"rendered":"<p>Das TITELbild zeigt 5 Steine. &#8222;Stepping Stones&#8222; (Engl.) wird hierbei als Tritt- bzw. Schrittsteine oder Sprungbretter \u00fcbersetzt. Jeder Einzelne dieser 5 Steine vermag hierbei je eines der 5 Elemente der Chinesischen Medizin zu repr\u00e4sentieren: Holz, Feuer, Erde, Metall, Wasser &#8211; [&hellip;]<\/p>\n","protected":false},"author":1,"featured_media":0,"parent":0,"menu_order":0,"comment_status":"closed","ping_status":"closed","template":"","meta":{"footnotes":""},"class_list":["post-1555","page","type-page","status-publish","hentry","clearfix"],"yoast_head":"<!-- This site is optimized with the Yoast SEO plugin v25.6 - https:\/\/yoast.com\/wordpress\/plugins\/seo\/ -->\n<title>5 Stepping Stones - Dr. med. Harald Lemke<\/title>\n<meta name=\"robots\" content=\"index, follow, max-snippet:-1, max-image-preview:large, max-video-preview:-1\" \/>\n<link rel=\"canonical\" href=\"https:\/\/xn--praxis-lemke-eckernfrde-rlc.de\/?page_id=1555\" \/>\n<meta property=\"og:locale\" content=\"de_DE\" \/>\n<meta property=\"og:type\" content=\"article\" \/>\n<meta property=\"og:title\" content=\"5 Stepping Stones - Dr. med. Harald Lemke\" \/>\n<meta property=\"og:description\" content=\"Das TITELbild zeigt 5 Steine. &#8222;Stepping Stones&#8222; (Engl.) wird hierbei als Tritt- bzw. Schrittsteine oder Sprungbretter \u00fcbersetzt. Jeder Einzelne dieser 5 Steine vermag hierbei je eines der 5 Elemente der Chinesischen Medizin zu repr\u00e4sentieren: Holz, Feuer, Erde, Metall, Wasser &#8211; [&hellip;]\" \/>\n<meta property=\"og:url\" content=\"https:\/\/xn--praxis-lemke-eckernfrde-rlc.de\/?page_id=1555\" \/>\n<meta property=\"og:site_name\" content=\"Dr. med. Harald Lemke\" \/>\n<meta property=\"article:modified_time\" content=\"2024-08-01T19:12:19+00:00\" \/>\n<meta name=\"twitter:card\" content=\"summary_large_image\" \/>\n<meta name=\"twitter:label1\" content=\"Gesch\u00e4tzte Lesezeit\" \/>\n\t<meta name=\"twitter:data1\" content=\"1\u00a0Minute\" \/>\n<script type=\"application\/ld+json\" class=\"yoast-schema-graph\">{\"@context\":\"https:\/\/schema.org\",\"@graph\":[{\"@type\":\"WebPage\",\"@id\":\"https:\/\/xn--praxis-lemke-eckernfrde-rlc.de\/?page_id=1555\",\"url\":\"https:\/\/xn--praxis-lemke-eckernfrde-rlc.de\/?page_id=1555\",\"name\":\"5 Stepping Stones - Dr. med. Harald Lemke\",\"isPartOf\":{\"@id\":\"https:\/\/xn--praxis-lemke-eckernfrde-rlc.de\/#website\"},\"datePublished\":\"2022-08-29T12:32:53+00:00\",\"dateModified\":\"2024-08-01T19:12:19+00:00\",\"breadcrumb\":{\"@id\":\"https:\/\/xn--praxis-lemke-eckernfrde-rlc.de\/?page_id=1555#breadcrumb\"},\"inLanguage\":\"de\",\"potentialAction\":[{\"@type\":\"ReadAction\",\"target\":[\"https:\/\/xn--praxis-lemke-eckernfrde-rlc.de\/?page_id=1555\"]}]},{\"@type\":\"BreadcrumbList\",\"@id\":\"https:\/\/xn--praxis-lemke-eckernfrde-rlc.de\/?page_id=1555#breadcrumb\",\"itemListElement\":[{\"@type\":\"ListItem\",\"position\":1,\"name\":\"Startseite\",\"item\":\"https:\/\/xn--praxis-lemke-eckernfrde-rlc.de\/\"},{\"@type\":\"ListItem\",\"position\":2,\"name\":\"5 Stepping Stones\"}]},{\"@type\":\"WebSite\",\"@id\":\"https:\/\/xn--praxis-lemke-eckernfrde-rlc.de\/#website\",\"url\":\"https:\/\/xn--praxis-lemke-eckernfrde-rlc.de\/\",\"name\":\"https:\/\/xn--praxis-lemke-eckernfrde-rlc.de\/\",\"description\":\"Praxis f\u00fcr Ostasiatische Heilverfahren &amp; Integrative Medizin\",\"potentialAction\":[{\"@type\":\"SearchAction\",\"target\":{\"@type\":\"EntryPoint\",\"urlTemplate\":\"https:\/\/xn--praxis-lemke-eckernfrde-rlc.de\/?s={search_term_string}\"},\"query-input\":{\"@type\":\"PropertyValueSpecification\",\"valueRequired\":true,\"valueName\":\"search_term_string\"}}],\"inLanguage\":\"de\"}]}<\/script>\n<!-- \/ Yoast SEO plugin. -->","yoast_head_json":{"title":"5 Stepping Stones - Dr. med. Harald Lemke","robots":{"index":"index","follow":"follow","max-snippet":"max-snippet:-1","max-image-preview":"max-image-preview:large","max-video-preview":"max-video-preview:-1"},"canonical":"https:\/\/xn--praxis-lemke-eckernfrde-rlc.de\/?page_id=1555","og_locale":"de_DE","og_type":"article","og_title":"5 Stepping Stones - Dr. med. Harald Lemke","og_description":"Das TITELbild zeigt 5 Steine. &#8222;Stepping Stones&#8222; (Engl.) wird hierbei als Tritt- bzw. Schrittsteine oder Sprungbretter \u00fcbersetzt. Jeder Einzelne dieser 5 Steine vermag hierbei je eines der 5 Elemente der Chinesischen Medizin zu repr\u00e4sentieren: Holz, Feuer, Erde, Metall, Wasser &#8211; [&hellip;]","og_url":"https:\/\/xn--praxis-lemke-eckernfrde-rlc.de\/?page_id=1555","og_site_name":"Dr. med. Harald Lemke","article_modified_time":"2024-08-01T19:12:19+00:00","twitter_card":"summary_large_image","twitter_misc":{"Gesch\u00e4tzte Lesezeit":"1\u00a0Minute"},"schema":{"@context":"https:\/\/schema.org","@graph":[{"@type":"WebPage","@id":"https:\/\/xn--praxis-lemke-eckernfrde-rlc.de\/?page_id=1555","url":"https:\/\/xn--praxis-lemke-eckernfrde-rlc.de\/?page_id=1555","name":"5 Stepping Stones - Dr. med. Harald Lemke","isPartOf":{"@id":"https:\/\/xn--praxis-lemke-eckernfrde-rlc.de\/#website"},"datePublished":"2022-08-29T12:32:53+00:00","dateModified":"2024-08-01T19:12:19+00:00","breadcrumb":{"@id":"https:\/\/xn--praxis-lemke-eckernfrde-rlc.de\/?page_id=1555#breadcrumb"},"inLanguage":"de","potentialAction":[{"@type":"ReadAction","target":["https:\/\/xn--praxis-lemke-eckernfrde-rlc.de\/?page_id=1555"]}]},{"@type":"BreadcrumbList","@id":"https:\/\/xn--praxis-lemke-eckernfrde-rlc.de\/?page_id=1555#breadcrumb","itemListElement":[{"@type":"ListItem","position":1,"name":"Startseite","item":"https:\/\/xn--praxis-lemke-eckernfrde-rlc.de\/"},{"@type":"ListItem","position":2,"name":"5 Stepping Stones"}]},{"@type":"WebSite","@id":"https:\/\/xn--praxis-lemke-eckernfrde-rlc.de\/#website","url":"https:\/\/xn--praxis-lemke-eckernfrde-rlc.de\/","name":"https:\/\/xn--praxis-lemke-eckernfrde-rlc.de\/","description":"Praxis f\u00fcr Ostasiatische Heilverfahren &amp; Integrative Medizin","potentialAction":[{"@type":"SearchAction","target":{"@type":"EntryPoint","urlTemplate":"https:\/\/xn--praxis-lemke-eckernfrde-rlc.de\/?s={search_term_string}"},"query-input":{"@type":"PropertyValueSpecification","valueRequired":true,"valueName":"search_term_string"}}],"inLanguage":"de"}]}},"_links":{"self":[{"href":"https:\/\/xn--praxis-lemke-eckernfrde-rlc.de\/index.php?rest_route=\/wp\/v2\/pages\/1555"}],"collection":[{"href":"https:\/\/xn--praxis-lemke-eckernfrde-rlc.de\/index.php?rest_route=\/wp\/v2\/pages"}],"about":[{"href":"https:\/\/xn--praxis-lemke-eckernfrde-rlc.de\/index.php?rest_route=\/wp\/v2\/types\/page"}],"author":[{"embeddable":true,"href":"https:\/\/xn--praxis-lemke-eckernfrde-rlc.de\/index.php?rest_route=\/wp\/v2\/users\/1"}],"replies":[{"embeddable":true,"href":"https:\/\/xn--praxis-lemke-eckernfrde-rlc.de\/index.php?rest_route=%2Fwp%2Fv2%2Fcomments&post=1555"}],"version-history":[{"count":32,"href":"https:\/\/xn--praxis-lemke-eckernfrde-rlc.de\/index.php?rest_route=\/wp\/v2\/pages\/1555\/revisions"}],"predecessor-version":[{"id":1965,"href":"https:\/\/xn--praxis-lemke-eckernfrde-rlc.de\/index.php?rest_route=\/wp\/v2\/pages\/1555\/revisions\/1965"}],"wp:attachment":[{"href":"https:\/\/xn--praxis-lemke-eckernfrde-rlc.de\/index.php?rest_route=%2Fwp%2Fv2%2Fmedia&parent=1555"}],"curies":[{"name":"wp","href":"https:\/\/api.w.org\/{rel}","templated":true}]}}