{"id":1639,"date":"2023-01-14T20:50:49","date_gmt":"2023-01-14T18:50:49","guid":{"rendered":"https:\/\/xn--praxis-lemke-eckernfrde-rlc.de\/?page_id=1639"},"modified":"2023-02-24T14:01:10","modified_gmt":"2023-02-24T12:01:10","slug":"slabu","status":"publish","type":"page","link":"https:\/\/xn--praxis-lemke-eckernfrde-rlc.de\/?page_id=1639","title":{"rendered":"Vom Reiz bis zur Verwirklichung"},"content":{"rendered":"\n<p>Der Weg vom ersten Reiz bis in die Gegenwart ist bei vielen Kolleginnen und Kollegen, die sich dieser einen Sache, der Chinesischen Medizin, spezifischer der Akupunktur verschreiben, ein oft vergleichbarer:<\/p>\n\n\n\n<p>\u201eNachdem ich \u201aDas Netz das keinen Weber hat\u2018 (The Web that has no Weaver) von Ted Kaptchuk gelesen und eine Freundin in ihrer Klinik bei der Arbeit beobachtet hatte, hatte ich meine \u201egro\u00dfe Liebe\u201c gefunden und entschied Akupunktur lernen zu wollen\u201c\u2026 \u201ew\u00e4hrend meiner \u201eHoneymoon-Phase\u201c hatte ich die Kunst der Akupunktur bis zu einem gewissen Grade idealisiert und jene Phase begann mit der Aufnahme des formalen Trainings ihren Reiz zu verlieren. Das erste Studienjahr war gepr\u00e4gt durch einen Haufen Theorie, die nur initial interessant war, und durch das Beobachten von Akupunkturbehandlungen, die nur selten unmittelbare Wirkung zeigten, was mein Herz gef\u00fchlt schwer belastete. Die Behandlerinnen und Behandler erkl\u00e4rten dem Patienten dies f\u00fcr gew\u00f6hnlich wie folgt: &#8222;Wir behandeln die Wurzel des \u00dcbels und so kann es einige Behandlungen brauchen, bevor wir ein Ergebnis sehen.\u201c F\u00fcr gew\u00f6hnlich bestanden deren Behandlungen aus festen Punktkombinationen, die als solche bei bestimmten Symptomen vorbeschrieben sind. Die Methodik eine Nadel direkt an den Ort des Problemes zu setzen oder aber mit vorbereiteten Rezepturkombinationen zu arbeiten entsprach so gar nicht dem, was urspr\u00fcnglich meine Liebe zur Orientalischen Medizin weckte.\u201c<\/p>\n\n\n\n<p class=\"has-text-align-right\">SlaBu (\u00fcbersetzt aus dem Englischen ins Deutsche: Dr. Lemke)<\/p>\n\n\n\n<p>Diese Worte k\u00f6nnten so gut wie 1 zu 1 meine eigenen sein. W\u00e4hrend Doc SlaBu seine \u201egro\u00dfe Liebe\u201c jedoch wie oben beschrieben fand (und kurz zuvor noch f\u00fcr den CIA anzuheuern gedachte), befand ich mich mitten im Soziologiestudium und besch\u00e4ftigte mich u.a. mit Medizin- und Kultursoziologie sowie im Nebenfach Philosophie mit unterschiedlichen Traditionen nicht nur \u201eeurop\u00e4ischer\u201c Natur sondern im Internationalen Vergleich. Am Ende kamen hinzu eine Prise des Selbstbehandeltwerdens mit Akupunktur sowie die Aufnahme einer kampfsportbetonten Tai Chi Variante, nachdem mein Bruder mich damalig f\u00fcr zu fett hielt und mir seinen Kung Fu Lehrer unter die Nase rieb, und &#8220; voil\u00e0 &#8222;: mein Wunsch war geboren.<\/p>\n\n\n\n<p>Ich nahm das Medizinstudium auf, begann parallel mit der Ausbildung in TCM und fand mich, ein wenig desillusioniert, in eben jener Welt der maoisierten Form der Chinesischen Medizin wieder:<\/p>\n\n\n\n<p>\u201eAn den meisten Schulen wird TCM = Traditionelle Chinesische Medizin gelehrt. Daran kommt man nicht vorbei. Doch trotz des Namens ist die Traditonelle Chinesische Medizin ein relativer \u201eNewcomer\u201c in der Akupunktur-Szene. Der Medizinhistoriker Kim Taylor benennt die TCM als die \u201astandardisierte durch die Regierung kreierte Form der Medizin, die seit 1956 in der Volksrepublik China verbreitet wurde. Die Etablierung einer westlich orientierten Medizin scheiterte am Kostenfaktor\u2026 und so gab es 1956, 10 Jahre nach Macht\u00fcbernahme durch die Kommunisten, seitens des Gesundheitsministeriums den Erla\u00df \u201aeine gro\u00dfe Zahl an Praktizierenden der Chinesischen Medizin\u2018 auszubilden, um die \u201aBed\u00fcrfnisse der Masse\u2018 befriedigen zu k\u00f6nnen. Nicht jeder aber war mit diesem Vorgehen einverstanden und so wendeten sich 5 alte und anerkannte Akupunkteure im Jahr 1962 mit einem Schreiben an das Gesundheitsministerium. Man diffamierte sie umgehend als \u201eb\u00f6se Menschen bar jeder Beschreibung\u201c und deren Schreiben als \u201egiftiges Kraut\u201c. Einem wurden direkt die Rippen gebrochen und jener weggesperrt, und alle au\u00dfer einem starben w\u00e4hrend der Kulturrevolution (Mai 1966 bis 1968) .\u201c<\/p>\n\n\n\n<p class=\"has-text-align-right\">SlaBu (\u00fcbersetzt aus dem Englischen ins Deutsche: Dr. Lemke)<\/p>\n\n\n\n<p>\u201eIch \u00e4u\u00dferte meine Zweifel an der Wirksamkeit der TCM meinen \u00e4lteren Mitsch\u00fclern und Professoren gegen\u00fcber und jene \u201eraunten\u201c von Stilen die weit effektiver sein sollten\u2026 vor der Standardisierung\/Vereinheitlichung der Akupunktur im Rahmen der TCM fanden sich mehrere Str\u00f6mungen sowohl in Diagnostik als auch Behandlung. Familien, Clans oder auch ganze Gemeinden wiesen ihre je ganz eigenen Stile auf mit gut geh\u00fcteten Geheimnissen.\u201c<\/p>\n\n\n\n<p class=\"has-text-align-right\">SlaBu (\u00fcbersetzt aus dem Englischen ins Deutsche: Dr. Lemke)<\/p>\n\n\n\n<p>Und von da an begab SlaBu sich auf eine \u00e4hnliche Reise wie ich und viele andere (vielen begegne ich hin und wieder nicht ohne Grund bei dem ein oder anderen Treffen) durch unz\u00e4hlige Stile hindurch. Meister Tung, Dr. Tan, Kiiko Matsumoto und viele viele mehr &#8211; und gerade mit Blick auf die Akupunktur viele weit effektiver und effizienter als die g\u00e4ngig gelehrte Form der Akupunktur &#8211; die der TCM.<\/p>\n\n\n\n<p>In Arbeit&#8230;<\/p>\n\n\n\n<p>Mit Blick auf die Kr\u00e4uterheilkunde lie\u00dfen sich viele weitere T\u00fccken benennen (u.a. mangelnde Verf\u00fcgbarkeit spezifischer Kr\u00e4uter, Versetzen von Granulaten mit weniger vertr\u00e4glicher St\u00e4rke etc. etc. etc.). Mit den mir mittlerweile zur Verf\u00fcgung stehenden 3 Kr\u00e4utertraditionen in der Behandlung ist vieles m\u00f6glich geworden, was mit einem Stil m\u00f6glich w\u00e4re aber aufgrund \u00e4u\u00dferer Rahmenbedingungen oft nicht umsetzbar ist. Im wesentlichen kommt die Integrative Chinesische Medizin = ICM nach Jeremy Ross zum Einsatz. Die Diagnostik ist umfassend, die Anwendung alkoholischer Tinkturen anstelle von selbst aufzukochenden Rohdrogen einfacher, haltbarer sowie kosteneffizienter und die Nutzung meist westlicher Heilkr\u00e4uter unserem Lebensraum entsprechend angepasster.<\/p>\n","protected":false},"excerpt":{"rendered":"<p>Der Weg vom ersten Reiz bis in die Gegenwart ist bei vielen Kolleginnen und Kollegen, die sich dieser einen Sache, der Chinesischen Medizin, spezifischer der Akupunktur verschreiben, ein oft vergleichbarer: \u201eNachdem ich \u201aDas Netz das keinen Weber hat\u2018 (The Web [&hellip;]<\/p>\n","protected":false},"author":1,"featured_media":0,"parent":0,"menu_order":0,"comment_status":"closed","ping_status":"closed","template":"","meta":{"footnotes":""},"class_list":["post-1639","page","type-page","status-publish","hentry","clearfix"],"yoast_head":"<!-- This site is optimized with the Yoast SEO plugin v25.6 - https:\/\/yoast.com\/wordpress\/plugins\/seo\/ -->\n<title>Vom Reiz bis zur Verwirklichung - Dr. med. Harald Lemke<\/title>\n<meta name=\"robots\" content=\"index, follow, max-snippet:-1, max-image-preview:large, max-video-preview:-1\" \/>\n<link rel=\"canonical\" href=\"https:\/\/xn--praxis-lemke-eckernfrde-rlc.de\/?page_id=1639\" \/>\n<meta property=\"og:locale\" content=\"de_DE\" \/>\n<meta property=\"og:type\" content=\"article\" \/>\n<meta property=\"og:title\" content=\"Vom Reiz bis zur Verwirklichung - Dr. med. Harald Lemke\" \/>\n<meta property=\"og:description\" content=\"Der Weg vom ersten Reiz bis in die Gegenwart ist bei vielen Kolleginnen und Kollegen, die sich dieser einen Sache, der Chinesischen Medizin, spezifischer der Akupunktur verschreiben, ein oft vergleichbarer: \u201eNachdem ich \u201aDas Netz das keinen Weber hat\u2018 (The Web [&hellip;]\" \/>\n<meta property=\"og:url\" content=\"https:\/\/xn--praxis-lemke-eckernfrde-rlc.de\/?page_id=1639\" \/>\n<meta property=\"og:site_name\" content=\"Dr. med. Harald Lemke\" \/>\n<meta property=\"article:modified_time\" content=\"2023-02-24T12:01:10+00:00\" \/>\n<meta name=\"twitter:card\" content=\"summary_large_image\" \/>\n<meta name=\"twitter:label1\" content=\"Gesch\u00e4tzte Lesezeit\" \/>\n\t<meta name=\"twitter:data1\" content=\"5\u00a0Minuten\" \/>\n<script type=\"application\/ld+json\" class=\"yoast-schema-graph\">{\"@context\":\"https:\/\/schema.org\",\"@graph\":[{\"@type\":\"WebPage\",\"@id\":\"https:\/\/xn--praxis-lemke-eckernfrde-rlc.de\/?page_id=1639\",\"url\":\"https:\/\/xn--praxis-lemke-eckernfrde-rlc.de\/?page_id=1639\",\"name\":\"Vom Reiz bis zur Verwirklichung - Dr. med. Harald Lemke\",\"isPartOf\":{\"@id\":\"https:\/\/xn--praxis-lemke-eckernfrde-rlc.de\/#website\"},\"datePublished\":\"2023-01-14T18:50:49+00:00\",\"dateModified\":\"2023-02-24T12:01:10+00:00\",\"breadcrumb\":{\"@id\":\"https:\/\/xn--praxis-lemke-eckernfrde-rlc.de\/?page_id=1639#breadcrumb\"},\"inLanguage\":\"de\",\"potentialAction\":[{\"@type\":\"ReadAction\",\"target\":[\"https:\/\/xn--praxis-lemke-eckernfrde-rlc.de\/?page_id=1639\"]}]},{\"@type\":\"BreadcrumbList\",\"@id\":\"https:\/\/xn--praxis-lemke-eckernfrde-rlc.de\/?page_id=1639#breadcrumb\",\"itemListElement\":[{\"@type\":\"ListItem\",\"position\":1,\"name\":\"Startseite\",\"item\":\"https:\/\/xn--praxis-lemke-eckernfrde-rlc.de\/\"},{\"@type\":\"ListItem\",\"position\":2,\"name\":\"Vom Reiz bis zur Verwirklichung\"}]},{\"@type\":\"WebSite\",\"@id\":\"https:\/\/xn--praxis-lemke-eckernfrde-rlc.de\/#website\",\"url\":\"https:\/\/xn--praxis-lemke-eckernfrde-rlc.de\/\",\"name\":\"https:\/\/xn--praxis-lemke-eckernfrde-rlc.de\/\",\"description\":\"Praxis f\u00fcr Ostasiatische Heilverfahren &amp; Integrative Medizin\",\"potentialAction\":[{\"@type\":\"SearchAction\",\"target\":{\"@type\":\"EntryPoint\",\"urlTemplate\":\"https:\/\/xn--praxis-lemke-eckernfrde-rlc.de\/?s={search_term_string}\"},\"query-input\":{\"@type\":\"PropertyValueSpecification\",\"valueRequired\":true,\"valueName\":\"search_term_string\"}}],\"inLanguage\":\"de\"}]}<\/script>\n<!-- \/ Yoast SEO plugin. -->","yoast_head_json":{"title":"Vom Reiz bis zur Verwirklichung - Dr. med. Harald Lemke","robots":{"index":"index","follow":"follow","max-snippet":"max-snippet:-1","max-image-preview":"max-image-preview:large","max-video-preview":"max-video-preview:-1"},"canonical":"https:\/\/xn--praxis-lemke-eckernfrde-rlc.de\/?page_id=1639","og_locale":"de_DE","og_type":"article","og_title":"Vom Reiz bis zur Verwirklichung - Dr. med. Harald Lemke","og_description":"Der Weg vom ersten Reiz bis in die Gegenwart ist bei vielen Kolleginnen und Kollegen, die sich dieser einen Sache, der Chinesischen Medizin, spezifischer der Akupunktur verschreiben, ein oft vergleichbarer: \u201eNachdem ich \u201aDas Netz das keinen Weber hat\u2018 (The Web [&hellip;]","og_url":"https:\/\/xn--praxis-lemke-eckernfrde-rlc.de\/?page_id=1639","og_site_name":"Dr. med. Harald Lemke","article_modified_time":"2023-02-24T12:01:10+00:00","twitter_card":"summary_large_image","twitter_misc":{"Gesch\u00e4tzte Lesezeit":"5\u00a0Minuten"},"schema":{"@context":"https:\/\/schema.org","@graph":[{"@type":"WebPage","@id":"https:\/\/xn--praxis-lemke-eckernfrde-rlc.de\/?page_id=1639","url":"https:\/\/xn--praxis-lemke-eckernfrde-rlc.de\/?page_id=1639","name":"Vom Reiz bis zur Verwirklichung - Dr. med. Harald Lemke","isPartOf":{"@id":"https:\/\/xn--praxis-lemke-eckernfrde-rlc.de\/#website"},"datePublished":"2023-01-14T18:50:49+00:00","dateModified":"2023-02-24T12:01:10+00:00","breadcrumb":{"@id":"https:\/\/xn--praxis-lemke-eckernfrde-rlc.de\/?page_id=1639#breadcrumb"},"inLanguage":"de","potentialAction":[{"@type":"ReadAction","target":["https:\/\/xn--praxis-lemke-eckernfrde-rlc.de\/?page_id=1639"]}]},{"@type":"BreadcrumbList","@id":"https:\/\/xn--praxis-lemke-eckernfrde-rlc.de\/?page_id=1639#breadcrumb","itemListElement":[{"@type":"ListItem","position":1,"name":"Startseite","item":"https:\/\/xn--praxis-lemke-eckernfrde-rlc.de\/"},{"@type":"ListItem","position":2,"name":"Vom Reiz bis zur Verwirklichung"}]},{"@type":"WebSite","@id":"https:\/\/xn--praxis-lemke-eckernfrde-rlc.de\/#website","url":"https:\/\/xn--praxis-lemke-eckernfrde-rlc.de\/","name":"https:\/\/xn--praxis-lemke-eckernfrde-rlc.de\/","description":"Praxis f\u00fcr Ostasiatische Heilverfahren &amp; Integrative Medizin","potentialAction":[{"@type":"SearchAction","target":{"@type":"EntryPoint","urlTemplate":"https:\/\/xn--praxis-lemke-eckernfrde-rlc.de\/?s={search_term_string}"},"query-input":{"@type":"PropertyValueSpecification","valueRequired":true,"valueName":"search_term_string"}}],"inLanguage":"de"}]}},"_links":{"self":[{"href":"https:\/\/xn--praxis-lemke-eckernfrde-rlc.de\/index.php?rest_route=\/wp\/v2\/pages\/1639"}],"collection":[{"href":"https:\/\/xn--praxis-lemke-eckernfrde-rlc.de\/index.php?rest_route=\/wp\/v2\/pages"}],"about":[{"href":"https:\/\/xn--praxis-lemke-eckernfrde-rlc.de\/index.php?rest_route=\/wp\/v2\/types\/page"}],"author":[{"embeddable":true,"href":"https:\/\/xn--praxis-lemke-eckernfrde-rlc.de\/index.php?rest_route=\/wp\/v2\/users\/1"}],"replies":[{"embeddable":true,"href":"https:\/\/xn--praxis-lemke-eckernfrde-rlc.de\/index.php?rest_route=%2Fwp%2Fv2%2Fcomments&post=1639"}],"version-history":[{"count":7,"href":"https:\/\/xn--praxis-lemke-eckernfrde-rlc.de\/index.php?rest_route=\/wp\/v2\/pages\/1639\/revisions"}],"predecessor-version":[{"id":1743,"href":"https:\/\/xn--praxis-lemke-eckernfrde-rlc.de\/index.php?rest_route=\/wp\/v2\/pages\/1639\/revisions\/1743"}],"wp:attachment":[{"href":"https:\/\/xn--praxis-lemke-eckernfrde-rlc.de\/index.php?rest_route=%2Fwp%2Fv2%2Fmedia&parent=1639"}],"curies":[{"name":"wp","href":"https:\/\/api.w.org\/{rel}","templated":true}]}}