{"id":1782,"date":"2023-07-03T11:20:43","date_gmt":"2023-07-03T09:20:43","guid":{"rendered":"https:\/\/xn--praxis-lemke-eckernfrde-rlc.de\/?page_id=1782"},"modified":"2025-08-13T21:19:36","modified_gmt":"2025-08-13T19:19:36","slug":"akupunktur","status":"publish","type":"page","link":"https:\/\/xn--praxis-lemke-eckernfrde-rlc.de\/?page_id=1782","title":{"rendered":"Akupunktur"},"content":{"rendered":"\n<p>SEITE IN BEARBEITUNG<\/p>\n\n\n\n<p><\/p>\n\n\n\n<p>Gegenw\u00e4rtig und nach nun fast 25 Jahren intensiver Besch\u00e4ftigung mit der Akupunktur praktiziere ich im wesentlichen einen &#8222;Neu klassischen Stil&#8220; der Akupunktur (siehe Tabelle weiter unten ) sowie einen 4 Nadel Elektroakupunktur Stil (siehe Tabelle weiter unten) &#8211; wen ein wenig der Weg dorthin sowie das &#8222;warum &amp; wie&#8220; interessiert, lese hier gern weiter, oder gehe direkt zur Tabelle weiter unten.<\/p>\n\n\n\n<p>So um das Jahr 2000 begann ich mich mit den Studien der Chinesischen Medizin und als Teil derer der Akupunktur zu befassen. Das Medizinstudium nahm ich mit dem Jahr 1998 auf mit dem Ziel &#8222;am Ende&#8220; die Chinesische Medizin auch aus\u00fcben zu d\u00fcrfen.<\/p>\n\n\n\n<p>Wer h\u00e4tte ahnen k\u00f6nnen was f\u00fcr ein intensiver Weg daraus werden w\u00fcrde.<\/p>\n\n\n\n<p>Wie sich zeigen sollte \u00fcberzeugten mich die vom &#8222;System&#8220; vorgegebenen &#8222;Standard-Ausbildungen&#8220; in praktischer Umsetzung und deren Ergebnissen oft nicht und so begann die Suche nach dem &#8222;heiligen Gral&#8220; dieser Form der Medizin in unz\u00e4hlig vielen Fort- &amp; Weiterbildungen auf unz\u00e4hlig vielen Reisen hin zu diversen Orten und L\u00e4ndern.<\/p>\n\n\n\n<p>Beginnend mit dem Jahr 2022 -nach einem also fast 22 Jahre w\u00e4hrenden &#8222;Deep Dive&#8220;, also tiefem Eintauchen, in multiple Stile der Akupunktur- begann sich endlich das erhoffte &#8222;Licht am Horizont&#8220; zu offenbaren.<\/p>\n\n\n\n<p>W\u00e4hrend die anderen erlernten Stile alle ihren Wert und Platz haben und nicht vergessen sind und auch hier und da je nach Bedarf zur Anwendung kommen k\u00f6nnen, sind die beiden eingangs erw\u00e4hnten Stile in meiner Arbeit mittlerweile federf\u00fchrend: die<\/p>\n\n\n\n<p><strong>a)<\/strong> die &#8222;Neu-klassische&#8220; Akupunktur nach S. Burris <strong>b)<\/strong> Elektronenadaptierte Neuropunktur nach J. Steiner<\/p>\n\n\n\n<p>In spezifischen F\u00e4llen kommen die Laserakupunktur, die Axomera Therapie (Neurostimulation nach Prof. Molsberger &amp; Co), die FSM = Frequenzspezifische Feinstromtherapie nach McMakin sowie ggf. weitere Verfahren, so sinnvoll zielf\u00fchrend und gew\u00fcnscht, zur Anwendung. Bitte beachten Sie, dass das Spektrum der Augenerkrankungen (wie die Maculadegeneration, das Glaukom) von mir mittlerweile mittels Photobiomodulation und Feinstromtherapie in Kombination begleitend behandelt wird.<\/p>\n\n\n\n<hr class=\"wp-block-separator has-alpha-channel-opacity\"\/>\n\n\n\n<p>F\u00fcr die Neu-klassische Akupunktur erlaube ich meinen Australischen Kollegen Dr Mark McAuliffe <a href=\"https:\/\/mackayacupuncture.com.au\/\" target=\"_blank\" rel=\"noreferrer noopener nofollow\">https:\/\/mackayacupuncture.com.au\/<\/a> * sprechen zu lassen (aus dem Englischen \u00fcbersetzt ins Deutsche mittels google \u00dcbersetzer und korrigiert durch mich pers\u00f6nlich) &#8211; die folgenden Formulierungen gehen aus der Sprache der Chinesischen Medizin hervor und erheben keinen Anspruch wissenschaftlichen oder gar juristischen Kriterien zu entsprechen.<\/p>\n\n\n\n<p>AKTUELL in ARBEIT:<\/p>\n\n\n\n<figure class=\"wp-block-table\"><table><tbody><tr><td class=\"has-text-align-center\" data-align=\"center\"><strong>EINNADEL Akupunktur<\/strong><\/td><td class=\"has-text-align-center\" data-align=\"center\"><strong>4 Nadel Elektroakupunktur<\/strong><\/td><\/tr><tr><td class=\"has-text-align-center\" data-align=\"center\">Was die Neo-klassische Akupunktur f\u00fcr viele zu leisten vermag:<br><br>Behandeln von Ursprungswurzel &amp; Symptomen in einer Behandlung<br>&amp; zwar: gleichzeitig !<\/td><td class=\"has-text-align-center\" data-align=\"center\"><strong>Viele<\/strong>\u00a0Akupunkturstile erfordern im Minimum 8 Nadeln oft deutlich mehr &#8211; dies ergibt sich nicht selten aus der Idee beidseits die gleichen Punkte im Sinne einer &#8222;Balance&#8220; setzen zu m\u00fcssen (z.B.: Dickdarm 4 recht <strong>&amp;<\/strong> Dickdarm 4 links) -die Erkenntnis des Praktizierens der Einnadel- akupunktur aber ist, das oft ein zweiter genadelter Punkt bereits die Wirkung des ersten aufhebt.<\/td><\/tr><tr><td class=\"has-text-align-center\" data-align=\"center\">Haben Sie sich schon einmal gefragt, wie eine winzige Akupunkturnadel einen so gro\u00dfen Unterschied machen kann?<br>In meiner Klinik sp\u00fcren die Patienten oft sofortige Ver\u00e4nderungen \u2013 weniger Schmerzen, leichtere Bewegungen, mehr Energie \u2013 und fragen sich:&nbsp;\u201eWas ist gerade passiert?\u201c<br>Die Antwort ist, dass die Neoklassische Akupunktur (NCA)&nbsp;sowohl die Grundursache des Problems als auch die Symptome behandelt, die Sie sp\u00fcren&nbsp;\u2013 alles in derselben Sitzung.<\/td><td class=\"has-text-align-center\" data-align=\"center\">Warum also setzt man in dieser Form der Elektroakupunktur dann auf 4 Nadeln? und warum bietet man mehr als nur einen Akupunkturstil an?Zum einen ist mir noch kein Therapieverfahren untergekommen, dass f\u00fcr alle gleich wirksam ist, zum anderen gibt es Symptombilder, die f\u00fcr andere Therapieverfahren zug\u00e4nglicher sind: bei der elektronenadaptierten Neuropunktur  wird mehr als nur das Wirkprinzip der Nadel selbst genutzt.<br>Der applizierte Feinstrom entfaltet einen spezifischen Wirkanteil (u.a. die ATP Steigerung durch die Mitochondrien) und es wird zus\u00e4tzlich die synergistische Wirkung zweier Frequenzen verf\u00fcgbar gemacht &#8211; diverse Studien zeigen hierbei den spezifischen Effekt spezifischer Frequenzen (wie z.B.: schmerzstillend, antientz\u00fcndlich etc.)<\/td><\/tr><tr><td class=\"has-text-align-center\" data-align=\"center\">Was NCA anders macht<br>NCA, entwickelt von Dr. Slate Burris, ist eine einzigartige Akupunkturmethode, bei der durch sanftes&nbsp;Palpieren&nbsp;(vorsichtiges Ber\u00fchren) die Energieblockaden Ihres K\u00f6rpers aufgesp\u00fcrt werden.<br>Wir suchen nach der&nbsp;Grundursache&nbsp;(was ist wirklich die Ursache des Problems)<br>Wir behandeln die&nbsp;Elemente,&nbsp;Zweige&nbsp;&nbsp; oder andere energetische Einheiten, die aus Ihrem Energieplan hervorgehen (wo Symptome in Ihrem K\u00f6rper auftreten).<br>Oft k\u00f6nnen wir beides gleichzeitig behandeln \u2013 manchmal mit nur einer Nadel.<\/td><td class=\"has-text-align-center\" data-align=\"center\">Sie kennen die Zungen, -Puls, -Antlitzdiagnostik aus Behandlungen bei anderen?<br>W\u00e4hrend sich die Einnadelakupunktur nach Burris (es gibt ja auch andere Einnadelakupunktur Schulen, die ganz anders denken und arbeiten) sich der Palpation spezifischer Zonen entlang von Armen, Beinen und Bauch bedient,<br><br> orientiert sich in der Diagnostik die elektronenadaptiere Neurotherapie an Verl\u00e4ufen von Meridianen, Gef\u00e4\u00dfen und Nerven, aber auch an Symptomen spezifisch.<\/td><\/tr><tr><td class=\"has-text-align-center\" data-align=\"center\">Die sechs Elemente<br>Anstelle der traditionellen f\u00fcnf Elemente, von denen Sie vielleicht geh\u00f6rt haben, arbeitet NCA mit&nbsp;sechs Elementen&nbsp;:<br>Holz \u2022 Feuer \u2022 Erde \u2022 Metall \u2022 Wasser \u2022 \u00c4ther (Himmel)<br>Jedes Element steht mit einem anderen Teil des Energiesystems Ihres K\u00f6rpers in Zusammenhang. Ger\u00e4t ein Element aus dem Gleichgewicht, kann dies Auswirkungen auf Ihr gesamtes System haben \u2013 sogar bevor Symptome auftreten.<\/td><td class=\"has-text-align-center\" data-align=\"center\"><\/td><\/tr><tr><td class=\"has-text-align-center\" data-align=\"center\">So finden wie die Grundursache<br>Auf Ihren K\u00f6rper h\u00f6ren&nbsp;\u2013 Ich taste sanft Ihren Bauch, Ihre Arme und Beine nach verspannten oder empfindlichen Bereichen ab.<br>Identifizierung des Ungleichgewichts&nbsp;\u2013 Diese Erkenntnisse sagen mir, welches Element und welche \u201eZweige\u201c Ihres Energienetzes betroffen sind.<br>Den richtigen Punkt w\u00e4hlen&nbsp;\u2013 Mithilfe eines speziellen Satzes von Akupunkturpunkten kann ich den blockierten Weg \u00f6ffnen.<br>\u00dcberpr\u00fcfung der Ver\u00e4nderung&nbsp;\u2013 Nach der Nadelbehandlung \u00fcberpr\u00fcfe ich die gleichen Bereiche erneut, um sicherzustellen, dass die Blockade gel\u00f6st ist. Bei Bedarf verwende ich am Ende Ihrer Sitzung eine nicht zur\u00fcckhaltende \u201eSweeper\u201c-Nadel, um Ihre Energie zu beruhigen und auszugleichen.<\/td><td class=\"has-text-align-center\" data-align=\"center\"><\/td><\/tr><tr><td class=\"has-text-align-center\" data-align=\"center\">Was Ihnen auffallen k\u00f6nnte:<br>Da NCA das&nbsp;gesamte System&nbsp;behandelt , k\u00f6nnen \u00c4nderungen schnell erfolgen:<br>Schmerzen k\u00f6nnen nachlassen oder verschwinden<br>Die Muskeln werden weicher und die Verspannungen l\u00f6sen sich<br>Die Bewegung f\u00fchlt sich freier an<br>Die Energie f\u00fchlt sich ausgeglichener an<\/td><td class=\"has-text-align-center\" data-align=\"center\"><\/td><\/tr><tr><td class=\"has-text-align-center\" data-align=\"center\">Warum dieser Ansatz so gut funktioniert<br>Wir gehen der Quelle auf den Grund&nbsp;und behandeln die wahre Ursache, nicht nur das Symptom.<br>Wir \u00fcberpr\u00fcfen die Ergebnisse in Echtzeit&nbsp;\u2013 damit Sie wissen, dass es funktioniert, bevor Sie losfahren.<br>Wir verwenden weniger Nadeln&nbsp;\u2013 oft nur eine.<br>Wir behandeln das gesamte System&nbsp;\u2013 so erfahren Sie sowohl kurzfristige Linderung als auch langfristige Verbesserungen.<\/td><td class=\"has-text-align-center\" data-align=\"center\">Standardempfehlungen der Krankenkassen weichen hier von den stilabh\u00e4ngigen Notwendigkeiten ab. Es gibt Stile die setzen auf einmalige Behandlung pro Woche &#8222;bis gut&#8220; und gar innerhalb eines Stiles (Tradition J. Yuan) unterschiedliche Systeme, wobei es durchaus auch die Empfehlung zu t\u00e4glicher Behandlung \u00fcber 2 Wochen geben kann.<\/td><\/tr><\/tbody><\/table><figcaption class=\"wp-element-caption\"><br><strong>Behandlungsempfehlungen , -h\u00e4ufigkeit, -intensit\u00e4t:<\/strong><br>sind wir ehrlich:<br>keine Therapie funktioniert bei allen, ansonsten w\u00e4re das medizinisch-therapeutische Angebot recht \u00fcberschaubar &#8211; die Einnadelakupunktur ist f\u00fcr viele f\u00fcr mindestens 3 bis 5 Sitzungen hervorragend, insbesondere wenn es sich um ein Beschwerdebild mit vielen Symptomen gleichzeitig handelt (1 x Woche m\u00f6glich, in der Erfahrung besser 2 x pro Woche mit entsprechendem Abstand dazwischen), da jene oft auch die unter einem Symptom liegenden Grundlagen kl\u00e4rt. In aller Regel sprechen sogenannte Schnellreagierer in diesem Zeitraum erkennbar an -die Behandlungsanzahl insgesamt ist dabei ausschlie\u00dflich abh\u00e4ngig vom Verlauf.<br><br>Bei Personen, bei denen die Einnadelakupunktur nicht erkennbar greift, oder bei sehr spezifischen Symptomen (z.B. lokalisierter Schmerz oder lokale Entz\u00fcndungen) ist die elektronenadaptierte Neurotherapie nach Steiner sehr empfehlbar (verlangt aber, auch nach allgemeiner Studienlage) mindestens 2 Behandlungen pro Woche \u00fcber in aller Regel mehrere Wochen.<br><br>Bei Personen die Nadeln f\u00fcrchten l\u00e4sst sich die Frequenzspezifische Feinstromtherapie anwenden, bei bestimmten Kopfschmerzformen, der Migr\u00e4ne oder auch dem Heuschnupfen ist unmittelbar aufgrund ihrer der Erfahrung nach meist schnelleren Wirksamkeit die Axomera Therapie zu verweisen.<\/figcaption><\/figure>\n\n\n\n<hr class=\"wp-block-separator has-alpha-channel-opacity\"\/>\n\n\n\n<p><strong>GEB\u00dcHRENORDNUNG<\/strong><\/p>\n\n\n\n<p>Eine Akupunkturbehandlung nimmt zw. 20 und bis zu 25 Minuten in Anspruch und wird nach f\u00fcr \u00c4rztinnen und \u00c4rzte bindender GO\u00c4 = \u00e4rztliche Geb\u00fchrenordnung in aktueller Fassung honoriert. Sie finden die f\u00fcr Sie zutreffenden Honorarbetr\u00e4ge im Rahmen der m\u00f6glichen Online Terminbuchung \u00fcber folgenden Link:&nbsp;<a href=\"https:\/\/termin.samedi.de\/b\/dr-med-harald-lemke\/1\" target=\"_blank\" rel=\"noreferrer noopener\"><strong><mark style=\"background-color:rgba(0, 0, 0, 0)\" class=\"has-inline-color has-vivid-red-color\">SAMEDI Online Terminbuchung<\/mark><\/strong><\/a><\/p>\n\n\n\n<hr class=\"wp-block-separator has-alpha-channel-opacity\"\/>\n\n\n\n<p>PatientInnen mit \u201eAugenleiden\u201c (Maculadegeneration, Glaukom etc.) , Z.n. Schlaganfall etc.) wenden sich bitte zuvor an mich, da jene oftmals andere Behandlungsverfahren- und Behandlungsintensit\u00e4ten ben\u00f6tigen.<\/p>\n","protected":false},"excerpt":{"rendered":"<p>SEITE IN BEARBEITUNG Gegenw\u00e4rtig und nach nun fast 25 Jahren intensiver Besch\u00e4ftigung mit der Akupunktur praktiziere ich im wesentlichen einen &#8222;Neu klassischen Stil&#8220; der Akupunktur (siehe Tabelle weiter unten ) sowie einen 4 Nadel Elektroakupunktur Stil (siehe Tabelle weiter unten) [&hellip;]<\/p>\n","protected":false},"author":1,"featured_media":0,"parent":0,"menu_order":0,"comment_status":"closed","ping_status":"closed","template":"","meta":{"footnotes":""},"class_list":["post-1782","page","type-page","status-publish","hentry","clearfix"],"yoast_head":"<!-- This site is optimized with the Yoast SEO plugin v25.6 - https:\/\/yoast.com\/wordpress\/plugins\/seo\/ -->\n<title>Akupunktur - Dr. med. Harald Lemke<\/title>\n<meta name=\"robots\" content=\"index, follow, max-snippet:-1, max-image-preview:large, max-video-preview:-1\" \/>\n<link rel=\"canonical\" href=\"https:\/\/xn--praxis-lemke-eckernfrde-rlc.de\/?page_id=1782\" \/>\n<meta property=\"og:locale\" content=\"de_DE\" \/>\n<meta property=\"og:type\" content=\"article\" \/>\n<meta property=\"og:title\" content=\"Akupunktur - Dr. med. Harald Lemke\" \/>\n<meta property=\"og:description\" content=\"SEITE IN BEARBEITUNG Gegenw\u00e4rtig und nach nun fast 25 Jahren intensiver Besch\u00e4ftigung mit der Akupunktur praktiziere ich im wesentlichen einen &#8222;Neu klassischen Stil&#8220; der Akupunktur (siehe Tabelle weiter unten ) sowie einen 4 Nadel Elektroakupunktur Stil (siehe Tabelle weiter unten) [&hellip;]\" \/>\n<meta property=\"og:url\" content=\"https:\/\/xn--praxis-lemke-eckernfrde-rlc.de\/?page_id=1782\" \/>\n<meta property=\"og:site_name\" content=\"Dr. med. Harald Lemke\" \/>\n<meta property=\"article:modified_time\" content=\"2025-08-13T19:19:36+00:00\" \/>\n<meta name=\"twitter:card\" content=\"summary_large_image\" \/>\n<meta name=\"twitter:label1\" content=\"Gesch\u00e4tzte Lesezeit\" \/>\n\t<meta name=\"twitter:data1\" content=\"8\u00a0Minuten\" \/>\n<script type=\"application\/ld+json\" class=\"yoast-schema-graph\">{\"@context\":\"https:\/\/schema.org\",\"@graph\":[{\"@type\":\"WebPage\",\"@id\":\"https:\/\/xn--praxis-lemke-eckernfrde-rlc.de\/?page_id=1782\",\"url\":\"https:\/\/xn--praxis-lemke-eckernfrde-rlc.de\/?page_id=1782\",\"name\":\"Akupunktur - Dr. med. Harald Lemke\",\"isPartOf\":{\"@id\":\"https:\/\/xn--praxis-lemke-eckernfrde-rlc.de\/#website\"},\"datePublished\":\"2023-07-03T09:20:43+00:00\",\"dateModified\":\"2025-08-13T19:19:36+00:00\",\"breadcrumb\":{\"@id\":\"https:\/\/xn--praxis-lemke-eckernfrde-rlc.de\/?page_id=1782#breadcrumb\"},\"inLanguage\":\"de\",\"potentialAction\":[{\"@type\":\"ReadAction\",\"target\":[\"https:\/\/xn--praxis-lemke-eckernfrde-rlc.de\/?page_id=1782\"]}]},{\"@type\":\"BreadcrumbList\",\"@id\":\"https:\/\/xn--praxis-lemke-eckernfrde-rlc.de\/?page_id=1782#breadcrumb\",\"itemListElement\":[{\"@type\":\"ListItem\",\"position\":1,\"name\":\"Startseite\",\"item\":\"https:\/\/xn--praxis-lemke-eckernfrde-rlc.de\/\"},{\"@type\":\"ListItem\",\"position\":2,\"name\":\"Akupunktur\"}]},{\"@type\":\"WebSite\",\"@id\":\"https:\/\/xn--praxis-lemke-eckernfrde-rlc.de\/#website\",\"url\":\"https:\/\/xn--praxis-lemke-eckernfrde-rlc.de\/\",\"name\":\"https:\/\/xn--praxis-lemke-eckernfrde-rlc.de\/\",\"description\":\"Praxis f\u00fcr Ostasiatische Heilverfahren &amp; Integrative Medizin\",\"potentialAction\":[{\"@type\":\"SearchAction\",\"target\":{\"@type\":\"EntryPoint\",\"urlTemplate\":\"https:\/\/xn--praxis-lemke-eckernfrde-rlc.de\/?s={search_term_string}\"},\"query-input\":{\"@type\":\"PropertyValueSpecification\",\"valueRequired\":true,\"valueName\":\"search_term_string\"}}],\"inLanguage\":\"de\"}]}<\/script>\n<!-- \/ Yoast SEO plugin. -->","yoast_head_json":{"title":"Akupunktur - Dr. med. Harald Lemke","robots":{"index":"index","follow":"follow","max-snippet":"max-snippet:-1","max-image-preview":"max-image-preview:large","max-video-preview":"max-video-preview:-1"},"canonical":"https:\/\/xn--praxis-lemke-eckernfrde-rlc.de\/?page_id=1782","og_locale":"de_DE","og_type":"article","og_title":"Akupunktur - Dr. med. Harald Lemke","og_description":"SEITE IN BEARBEITUNG Gegenw\u00e4rtig und nach nun fast 25 Jahren intensiver Besch\u00e4ftigung mit der Akupunktur praktiziere ich im wesentlichen einen &#8222;Neu klassischen Stil&#8220; der Akupunktur (siehe Tabelle weiter unten ) sowie einen 4 Nadel Elektroakupunktur Stil (siehe Tabelle weiter unten) [&hellip;]","og_url":"https:\/\/xn--praxis-lemke-eckernfrde-rlc.de\/?page_id=1782","og_site_name":"Dr. med. Harald Lemke","article_modified_time":"2025-08-13T19:19:36+00:00","twitter_card":"summary_large_image","twitter_misc":{"Gesch\u00e4tzte Lesezeit":"8\u00a0Minuten"},"schema":{"@context":"https:\/\/schema.org","@graph":[{"@type":"WebPage","@id":"https:\/\/xn--praxis-lemke-eckernfrde-rlc.de\/?page_id=1782","url":"https:\/\/xn--praxis-lemke-eckernfrde-rlc.de\/?page_id=1782","name":"Akupunktur - Dr. med. Harald Lemke","isPartOf":{"@id":"https:\/\/xn--praxis-lemke-eckernfrde-rlc.de\/#website"},"datePublished":"2023-07-03T09:20:43+00:00","dateModified":"2025-08-13T19:19:36+00:00","breadcrumb":{"@id":"https:\/\/xn--praxis-lemke-eckernfrde-rlc.de\/?page_id=1782#breadcrumb"},"inLanguage":"de","potentialAction":[{"@type":"ReadAction","target":["https:\/\/xn--praxis-lemke-eckernfrde-rlc.de\/?page_id=1782"]}]},{"@type":"BreadcrumbList","@id":"https:\/\/xn--praxis-lemke-eckernfrde-rlc.de\/?page_id=1782#breadcrumb","itemListElement":[{"@type":"ListItem","position":1,"name":"Startseite","item":"https:\/\/xn--praxis-lemke-eckernfrde-rlc.de\/"},{"@type":"ListItem","position":2,"name":"Akupunktur"}]},{"@type":"WebSite","@id":"https:\/\/xn--praxis-lemke-eckernfrde-rlc.de\/#website","url":"https:\/\/xn--praxis-lemke-eckernfrde-rlc.de\/","name":"https:\/\/xn--praxis-lemke-eckernfrde-rlc.de\/","description":"Praxis f\u00fcr Ostasiatische Heilverfahren &amp; Integrative Medizin","potentialAction":[{"@type":"SearchAction","target":{"@type":"EntryPoint","urlTemplate":"https:\/\/xn--praxis-lemke-eckernfrde-rlc.de\/?s={search_term_string}"},"query-input":{"@type":"PropertyValueSpecification","valueRequired":true,"valueName":"search_term_string"}}],"inLanguage":"de"}]}},"_links":{"self":[{"href":"https:\/\/xn--praxis-lemke-eckernfrde-rlc.de\/index.php?rest_route=\/wp\/v2\/pages\/1782"}],"collection":[{"href":"https:\/\/xn--praxis-lemke-eckernfrde-rlc.de\/index.php?rest_route=\/wp\/v2\/pages"}],"about":[{"href":"https:\/\/xn--praxis-lemke-eckernfrde-rlc.de\/index.php?rest_route=\/wp\/v2\/types\/page"}],"author":[{"embeddable":true,"href":"https:\/\/xn--praxis-lemke-eckernfrde-rlc.de\/index.php?rest_route=\/wp\/v2\/users\/1"}],"replies":[{"embeddable":true,"href":"https:\/\/xn--praxis-lemke-eckernfrde-rlc.de\/index.php?rest_route=%2Fwp%2Fv2%2Fcomments&post=1782"}],"version-history":[{"count":68,"href":"https:\/\/xn--praxis-lemke-eckernfrde-rlc.de\/index.php?rest_route=\/wp\/v2\/pages\/1782\/revisions"}],"predecessor-version":[{"id":2042,"href":"https:\/\/xn--praxis-lemke-eckernfrde-rlc.de\/index.php?rest_route=\/wp\/v2\/pages\/1782\/revisions\/2042"}],"wp:attachment":[{"href":"https:\/\/xn--praxis-lemke-eckernfrde-rlc.de\/index.php?rest_route=%2Fwp%2Fv2%2Fmedia&parent=1782"}],"curies":[{"name":"wp","href":"https:\/\/api.w.org\/{rel}","templated":true}]}}