{"id":1872,"date":"2024-03-17T18:40:11","date_gmt":"2024-03-17T16:40:11","guid":{"rendered":"https:\/\/xn--praxis-lemke-eckernfrde-rlc.de\/?page_id=1872"},"modified":"2024-03-17T22:21:06","modified_gmt":"2024-03-17T20:21:06","slug":"raucherentwoehnungsbegleitung","status":"publish","type":"page","link":"https:\/\/xn--praxis-lemke-eckernfrde-rlc.de\/?page_id=1872","title":{"rendered":"Raucherentw\u00f6hnungsbegleitung"},"content":{"rendered":"\n<p>&#8222;NEUE&#8220; Konzepte in 2024 zur Raucherentw\u00f6hnungsbegleitung:<\/p>\n\n\n\n<p>In jetzt 24 Jahren im Feld der Akupunktur durfte ich \u00fcber ein gew\u00f6hnliches Ma\u00df hinaus nicht nur multiple und dabei sich deutlich unterscheidende Stile der Akupunktur lernen sondern auch unterschiedliche Herangehensweisen an die Rauchentw\u00f6hnung bzw. den Nikotinentzug kennen lernen. <\/p>\n\n\n\n<p>Bei manchen durchaus vielversprechenden Konzepten wurde die Anzahl der zu verwendenden Nadeln von Interessierten eher weniger gesch\u00e4tzt und damit dem Gesamtkonzept zum Verh\u00e4ngnis &#8211; bei anderen Konzepten brachte es am Ende die im reduzierte Anzahl zu w\u00e4hlender Punkte in der Effizienz einfach nicht&#8230;<\/p>\n\n\n\n<p>dabei war es mir immer ein Anliegen auch in diesem Bereich mit einem Konzept aufwarten zu k\u00f6nnen, das deutlich vielversprechender ist als nur nahe an &#8222;Placebo&#8220;. <\/p>\n\n\n\n<p>Mein Enthusiasmus ist erneut geweckt &#8211; hierzu tragen zwei Therapieformen bei, die klinisch praktisch erprobt sind, f\u00fcr dies es bislang jedoch in der Form noch keine ver\u00f6ffentlichten Studien gibt.<\/p>\n\n\n\n<p>a) <a href=\"https:\/\/xn--praxis-lemke-eckernfrde-rlc.de\/?page_id=1879\" target=\"_blank\" rel=\"noreferrer noopener\"><strong>Wissenswertes \u00fcber g\u00e4ngige Verfahren bei Nikotinentw\u00f6hnung<\/strong><\/a><\/p>\n\n\n\n<p>b) <a href=\"https:\/\/xn--praxis-lemke-eckernfrde-rlc.de\/?page_id=1886\" target=\"_blank\" rel=\"noreferrer noopener\"><strong>Konzept A<\/strong><\/a><\/p>\n\n\n\n<p>c) <a href=\"https:\/\/xn--praxis-lemke-eckernfrde-rlc.de\/?page_id=1887\" target=\"_blank\" rel=\"noreferrer noopener\"><strong>Konzept B<\/strong><\/a><\/p>\n\n\n\n<p>d) <a href=\"https:\/\/xn--praxis-lemke-eckernfrde-rlc.de\/?page_id=1889\" target=\"_blank\" rel=\"noreferrer noopener\"><strong>VORAUSSETZUNGEN<\/strong><\/a> f\u00fcr die Teilnahme an der Raucherentw\u00f6hnungsbegleitung in meiner Praxis<\/p>\n\n\n\n<p><\/p>\n","protected":false},"excerpt":{"rendered":"<p>&#8222;NEUE&#8220; Konzepte in 2024 zur Raucherentw\u00f6hnungsbegleitung: In jetzt 24 Jahren im Feld der Akupunktur durfte ich \u00fcber ein gew\u00f6hnliches Ma\u00df hinaus nicht nur multiple und dabei sich deutlich unterscheidende Stile der Akupunktur lernen sondern auch unterschiedliche Herangehensweisen an die Rauchentw\u00f6hnung [&hellip;]<\/p>\n","protected":false},"author":1,"featured_media":0,"parent":0,"menu_order":0,"comment_status":"closed","ping_status":"closed","template":"","meta":{"footnotes":""},"class_list":["post-1872","page","type-page","status-publish","hentry","clearfix"],"yoast_head":"<!-- This site is optimized with the Yoast SEO plugin v25.6 - https:\/\/yoast.com\/wordpress\/plugins\/seo\/ -->\n<title>Raucherentw\u00f6hnungsbegleitung - Dr. med. Harald Lemke<\/title>\n<meta name=\"robots\" content=\"index, follow, max-snippet:-1, max-image-preview:large, max-video-preview:-1\" \/>\n<link rel=\"canonical\" href=\"https:\/\/xn--praxis-lemke-eckernfrde-rlc.de\/?page_id=1872\" \/>\n<meta property=\"og:locale\" content=\"de_DE\" \/>\n<meta property=\"og:type\" content=\"article\" \/>\n<meta property=\"og:title\" content=\"Raucherentw\u00f6hnungsbegleitung - Dr. med. Harald Lemke\" \/>\n<meta property=\"og:description\" content=\"&#8222;NEUE&#8220; Konzepte in 2024 zur Raucherentw\u00f6hnungsbegleitung: In jetzt 24 Jahren im Feld der Akupunktur durfte ich \u00fcber ein gew\u00f6hnliches Ma\u00df hinaus nicht nur multiple und dabei sich deutlich unterscheidende Stile der Akupunktur lernen sondern auch unterschiedliche Herangehensweisen an die Rauchentw\u00f6hnung [&hellip;]\" \/>\n<meta property=\"og:url\" content=\"https:\/\/xn--praxis-lemke-eckernfrde-rlc.de\/?page_id=1872\" \/>\n<meta property=\"og:site_name\" content=\"Dr. med. Harald Lemke\" \/>\n<meta property=\"article:modified_time\" content=\"2024-03-17T20:21:06+00:00\" \/>\n<meta name=\"twitter:card\" content=\"summary_large_image\" \/>\n<meta name=\"twitter:label1\" content=\"Gesch\u00e4tzte Lesezeit\" \/>\n\t<meta name=\"twitter:data1\" content=\"1\u00a0Minute\" \/>\n<script type=\"application\/ld+json\" class=\"yoast-schema-graph\">{\"@context\":\"https:\/\/schema.org\",\"@graph\":[{\"@type\":\"WebPage\",\"@id\":\"https:\/\/xn--praxis-lemke-eckernfrde-rlc.de\/?page_id=1872\",\"url\":\"https:\/\/xn--praxis-lemke-eckernfrde-rlc.de\/?page_id=1872\",\"name\":\"Raucherentw\u00f6hnungsbegleitung - Dr. med. Harald Lemke\",\"isPartOf\":{\"@id\":\"https:\/\/xn--praxis-lemke-eckernfrde-rlc.de\/#website\"},\"datePublished\":\"2024-03-17T16:40:11+00:00\",\"dateModified\":\"2024-03-17T20:21:06+00:00\",\"breadcrumb\":{\"@id\":\"https:\/\/xn--praxis-lemke-eckernfrde-rlc.de\/?page_id=1872#breadcrumb\"},\"inLanguage\":\"de\",\"potentialAction\":[{\"@type\":\"ReadAction\",\"target\":[\"https:\/\/xn--praxis-lemke-eckernfrde-rlc.de\/?page_id=1872\"]}]},{\"@type\":\"BreadcrumbList\",\"@id\":\"https:\/\/xn--praxis-lemke-eckernfrde-rlc.de\/?page_id=1872#breadcrumb\",\"itemListElement\":[{\"@type\":\"ListItem\",\"position\":1,\"name\":\"Startseite\",\"item\":\"https:\/\/xn--praxis-lemke-eckernfrde-rlc.de\/\"},{\"@type\":\"ListItem\",\"position\":2,\"name\":\"Raucherentw\u00f6hnungsbegleitung\"}]},{\"@type\":\"WebSite\",\"@id\":\"https:\/\/xn--praxis-lemke-eckernfrde-rlc.de\/#website\",\"url\":\"https:\/\/xn--praxis-lemke-eckernfrde-rlc.de\/\",\"name\":\"https:\/\/xn--praxis-lemke-eckernfrde-rlc.de\/\",\"description\":\"Praxis f\u00fcr Ostasiatische Heilverfahren &amp; Integrative Medizin\",\"potentialAction\":[{\"@type\":\"SearchAction\",\"target\":{\"@type\":\"EntryPoint\",\"urlTemplate\":\"https:\/\/xn--praxis-lemke-eckernfrde-rlc.de\/?s={search_term_string}\"},\"query-input\":{\"@type\":\"PropertyValueSpecification\",\"valueRequired\":true,\"valueName\":\"search_term_string\"}}],\"inLanguage\":\"de\"}]}<\/script>\n<!-- \/ Yoast SEO plugin. -->","yoast_head_json":{"title":"Raucherentw\u00f6hnungsbegleitung - Dr. med. Harald Lemke","robots":{"index":"index","follow":"follow","max-snippet":"max-snippet:-1","max-image-preview":"max-image-preview:large","max-video-preview":"max-video-preview:-1"},"canonical":"https:\/\/xn--praxis-lemke-eckernfrde-rlc.de\/?page_id=1872","og_locale":"de_DE","og_type":"article","og_title":"Raucherentw\u00f6hnungsbegleitung - Dr. med. Harald Lemke","og_description":"&#8222;NEUE&#8220; Konzepte in 2024 zur Raucherentw\u00f6hnungsbegleitung: In jetzt 24 Jahren im Feld der Akupunktur durfte ich \u00fcber ein gew\u00f6hnliches Ma\u00df hinaus nicht nur multiple und dabei sich deutlich unterscheidende Stile der Akupunktur lernen sondern auch unterschiedliche Herangehensweisen an die Rauchentw\u00f6hnung [&hellip;]","og_url":"https:\/\/xn--praxis-lemke-eckernfrde-rlc.de\/?page_id=1872","og_site_name":"Dr. med. Harald Lemke","article_modified_time":"2024-03-17T20:21:06+00:00","twitter_card":"summary_large_image","twitter_misc":{"Gesch\u00e4tzte Lesezeit":"1\u00a0Minute"},"schema":{"@context":"https:\/\/schema.org","@graph":[{"@type":"WebPage","@id":"https:\/\/xn--praxis-lemke-eckernfrde-rlc.de\/?page_id=1872","url":"https:\/\/xn--praxis-lemke-eckernfrde-rlc.de\/?page_id=1872","name":"Raucherentw\u00f6hnungsbegleitung - Dr. med. Harald Lemke","isPartOf":{"@id":"https:\/\/xn--praxis-lemke-eckernfrde-rlc.de\/#website"},"datePublished":"2024-03-17T16:40:11+00:00","dateModified":"2024-03-17T20:21:06+00:00","breadcrumb":{"@id":"https:\/\/xn--praxis-lemke-eckernfrde-rlc.de\/?page_id=1872#breadcrumb"},"inLanguage":"de","potentialAction":[{"@type":"ReadAction","target":["https:\/\/xn--praxis-lemke-eckernfrde-rlc.de\/?page_id=1872"]}]},{"@type":"BreadcrumbList","@id":"https:\/\/xn--praxis-lemke-eckernfrde-rlc.de\/?page_id=1872#breadcrumb","itemListElement":[{"@type":"ListItem","position":1,"name":"Startseite","item":"https:\/\/xn--praxis-lemke-eckernfrde-rlc.de\/"},{"@type":"ListItem","position":2,"name":"Raucherentw\u00f6hnungsbegleitung"}]},{"@type":"WebSite","@id":"https:\/\/xn--praxis-lemke-eckernfrde-rlc.de\/#website","url":"https:\/\/xn--praxis-lemke-eckernfrde-rlc.de\/","name":"https:\/\/xn--praxis-lemke-eckernfrde-rlc.de\/","description":"Praxis f\u00fcr Ostasiatische Heilverfahren &amp; Integrative Medizin","potentialAction":[{"@type":"SearchAction","target":{"@type":"EntryPoint","urlTemplate":"https:\/\/xn--praxis-lemke-eckernfrde-rlc.de\/?s={search_term_string}"},"query-input":{"@type":"PropertyValueSpecification","valueRequired":true,"valueName":"search_term_string"}}],"inLanguage":"de"}]}},"_links":{"self":[{"href":"https:\/\/xn--praxis-lemke-eckernfrde-rlc.de\/index.php?rest_route=\/wp\/v2\/pages\/1872"}],"collection":[{"href":"https:\/\/xn--praxis-lemke-eckernfrde-rlc.de\/index.php?rest_route=\/wp\/v2\/pages"}],"about":[{"href":"https:\/\/xn--praxis-lemke-eckernfrde-rlc.de\/index.php?rest_route=\/wp\/v2\/types\/page"}],"author":[{"embeddable":true,"href":"https:\/\/xn--praxis-lemke-eckernfrde-rlc.de\/index.php?rest_route=\/wp\/v2\/users\/1"}],"replies":[{"embeddable":true,"href":"https:\/\/xn--praxis-lemke-eckernfrde-rlc.de\/index.php?rest_route=%2Fwp%2Fv2%2Fcomments&post=1872"}],"version-history":[{"count":4,"href":"https:\/\/xn--praxis-lemke-eckernfrde-rlc.de\/index.php?rest_route=\/wp\/v2\/pages\/1872\/revisions"}],"predecessor-version":[{"id":1942,"href":"https:\/\/xn--praxis-lemke-eckernfrde-rlc.de\/index.php?rest_route=\/wp\/v2\/pages\/1872\/revisions\/1942"}],"wp:attachment":[{"href":"https:\/\/xn--praxis-lemke-eckernfrde-rlc.de\/index.php?rest_route=%2Fwp%2Fv2%2Fmedia&parent=1872"}],"curies":[{"name":"wp","href":"https:\/\/api.w.org\/{rel}","templated":true}]}}