{"id":1879,"date":"2024-03-17T18:53:05","date_gmt":"2024-03-17T16:53:05","guid":{"rendered":"https:\/\/xn--praxis-lemke-eckernfrde-rlc.de\/?page_id=1879"},"modified":"2024-03-17T19:04:26","modified_gmt":"2024-03-17T17:04:26","slug":"wissenswertes-zur-nikotinersatztherapie","status":"publish","type":"page","link":"https:\/\/xn--praxis-lemke-eckernfrde-rlc.de\/?page_id=1879","title":{"rendered":"Wissenswertes zur Nikotinersatztherapie"},"content":{"rendered":"\n<p>Nikotin und seine Derivate sind Gifte und verbunden mit einem Suchtpotential, das st\u00e4rker\/gr\u00f6\u00dfer sein soll als beispielsweise jenes durch Kokain.<\/p>\n\n\n\n<p>Selbst g\u00e4ngige &#8222;Ersatztherapien&#8220; im Bereich der Entw\u00f6hnungsverfahren sind eher &#8222;begrenzt&#8220; hilfreich:<br>&#8222;<a href=\"https:\/\/www.ncbi.nlm.nih.gov\/pmc\/articles\/PMC2539178\/\">How effective is nicotine replacement therapy in helping people to stop smoking?<\/a>&#8222;<strong>*<\/strong> Metanalyse &#8211; BMJ. 1994 Jan 1;308(6920):21-6. doi: 10.1136\/bmj.308.6920.21. von J L Tang 1, M Law, N Wald<br>\u00fcbersetzt durch mich aus dem &#8222;Res\u00fcmee&#8220;:<\/p>\n\n\n\n<blockquote class=\"wp-block-quote has-text-align-left is-layout-flow wp-block-quote-is-layout-flow\">\n<blockquote class=\"wp-block-quote is-layout-flow wp-block-quote-is-layout-flow\">\n<p>Insgesamt vermochte die Nikotin-Ersatz-Therapie ca. 15% der Raucher, die das Rauchen aufgeben wollten, dazu erm\u00e4chtigen mit dem Konsum aufzuh\u00f6ren.&lt;&lt;<\/p>\n\n\n\n<p>Auf folgender Webseite findet sich folgendes zu einer Analyse der <a href=\"https:\/\/www.informedhealth.org\/how-effective-is-nicotine-replacement-therapy.html#:~:text=In%20other%20words%2C%20on%20average,a%20course%20for%20quitting%20smoking\">Cochrane Collaboration<\/a> <strong>*<\/strong><\/p>\n\n\n\n<p>Anm.: \u00fcbersetzt durch mich: &#8222;basierend auf der Analyse von 130 Studien gibt die Cochrane Collaboration wie folgt an:<br>&#8222;Ohne Nikotin-Ersatztherapie schafften es ca. 11 von 100 Personen mit dem Rauchen aufzuh\u00f6ren.<br>Mit Nikotin-Ersatztherapie schafften es 17 von 100 Personen mit dem Rauchen aufzuh\u00f6ren.<br>Mit anderen Worten: Im Durchschnitt halfen die Ersatztherapien 6 aus 100 Personen mehr&#8220; im Vergleich zu Personen, die es ohne schafften.<\/p>\n<\/blockquote>\n<cite>* externe links f\u00fcr die keine Verantwortung \u00fcbernommen werden kann!<\/cite><\/blockquote>\n","protected":false},"excerpt":{"rendered":"<p>Nikotin und seine Derivate sind Gifte und verbunden mit einem Suchtpotential, das st\u00e4rker\/gr\u00f6\u00dfer sein soll als beispielsweise jenes durch Kokain. Selbst g\u00e4ngige &#8222;Ersatztherapien&#8220; im Bereich der Entw\u00f6hnungsverfahren sind eher &#8222;begrenzt&#8220; hilfreich:&#8222;How effective is nicotine replacement therapy in helping people to [&hellip;]<\/p>\n","protected":false},"author":1,"featured_media":0,"parent":0,"menu_order":0,"comment_status":"closed","ping_status":"closed","template":"","meta":{"footnotes":""},"class_list":["post-1879","page","type-page","status-publish","hentry","clearfix"],"yoast_head":"<!-- This site is optimized with the Yoast SEO plugin v25.6 - https:\/\/yoast.com\/wordpress\/plugins\/seo\/ -->\n<title>Wissenswertes zur Nikotinersatztherapie - Dr. med. Harald Lemke<\/title>\n<meta name=\"robots\" content=\"index, follow, max-snippet:-1, max-image-preview:large, max-video-preview:-1\" \/>\n<link rel=\"canonical\" href=\"https:\/\/xn--praxis-lemke-eckernfrde-rlc.de\/?page_id=1879\" \/>\n<meta property=\"og:locale\" content=\"de_DE\" \/>\n<meta property=\"og:type\" content=\"article\" \/>\n<meta property=\"og:title\" content=\"Wissenswertes zur Nikotinersatztherapie - Dr. med. Harald Lemke\" \/>\n<meta property=\"og:description\" content=\"Nikotin und seine Derivate sind Gifte und verbunden mit einem Suchtpotential, das st\u00e4rker\/gr\u00f6\u00dfer sein soll als beispielsweise jenes durch Kokain. Selbst g\u00e4ngige &#8222;Ersatztherapien&#8220; im Bereich der Entw\u00f6hnungsverfahren sind eher &#8222;begrenzt&#8220; hilfreich:&#8222;How effective is nicotine replacement therapy in helping people to [&hellip;]\" \/>\n<meta property=\"og:url\" content=\"https:\/\/xn--praxis-lemke-eckernfrde-rlc.de\/?page_id=1879\" \/>\n<meta property=\"og:site_name\" content=\"Dr. med. Harald Lemke\" \/>\n<meta property=\"article:modified_time\" content=\"2024-03-17T17:04:26+00:00\" \/>\n<meta name=\"twitter:card\" content=\"summary_large_image\" \/>\n<meta name=\"twitter:label1\" content=\"Gesch\u00e4tzte Lesezeit\" \/>\n\t<meta name=\"twitter:data1\" content=\"1\u00a0Minute\" \/>\n<script type=\"application\/ld+json\" class=\"yoast-schema-graph\">{\"@context\":\"https:\/\/schema.org\",\"@graph\":[{\"@type\":\"WebPage\",\"@id\":\"https:\/\/xn--praxis-lemke-eckernfrde-rlc.de\/?page_id=1879\",\"url\":\"https:\/\/xn--praxis-lemke-eckernfrde-rlc.de\/?page_id=1879\",\"name\":\"Wissenswertes zur Nikotinersatztherapie - Dr. med. Harald Lemke\",\"isPartOf\":{\"@id\":\"https:\/\/xn--praxis-lemke-eckernfrde-rlc.de\/#website\"},\"datePublished\":\"2024-03-17T16:53:05+00:00\",\"dateModified\":\"2024-03-17T17:04:26+00:00\",\"breadcrumb\":{\"@id\":\"https:\/\/xn--praxis-lemke-eckernfrde-rlc.de\/?page_id=1879#breadcrumb\"},\"inLanguage\":\"de\",\"potentialAction\":[{\"@type\":\"ReadAction\",\"target\":[\"https:\/\/xn--praxis-lemke-eckernfrde-rlc.de\/?page_id=1879\"]}]},{\"@type\":\"BreadcrumbList\",\"@id\":\"https:\/\/xn--praxis-lemke-eckernfrde-rlc.de\/?page_id=1879#breadcrumb\",\"itemListElement\":[{\"@type\":\"ListItem\",\"position\":1,\"name\":\"Startseite\",\"item\":\"https:\/\/xn--praxis-lemke-eckernfrde-rlc.de\/\"},{\"@type\":\"ListItem\",\"position\":2,\"name\":\"Wissenswertes zur Nikotinersatztherapie\"}]},{\"@type\":\"WebSite\",\"@id\":\"https:\/\/xn--praxis-lemke-eckernfrde-rlc.de\/#website\",\"url\":\"https:\/\/xn--praxis-lemke-eckernfrde-rlc.de\/\",\"name\":\"https:\/\/xn--praxis-lemke-eckernfrde-rlc.de\/\",\"description\":\"Praxis f\u00fcr Ostasiatische Heilverfahren &amp; Integrative Medizin\",\"potentialAction\":[{\"@type\":\"SearchAction\",\"target\":{\"@type\":\"EntryPoint\",\"urlTemplate\":\"https:\/\/xn--praxis-lemke-eckernfrde-rlc.de\/?s={search_term_string}\"},\"query-input\":{\"@type\":\"PropertyValueSpecification\",\"valueRequired\":true,\"valueName\":\"search_term_string\"}}],\"inLanguage\":\"de\"}]}<\/script>\n<!-- \/ Yoast SEO plugin. -->","yoast_head_json":{"title":"Wissenswertes zur Nikotinersatztherapie - Dr. med. Harald Lemke","robots":{"index":"index","follow":"follow","max-snippet":"max-snippet:-1","max-image-preview":"max-image-preview:large","max-video-preview":"max-video-preview:-1"},"canonical":"https:\/\/xn--praxis-lemke-eckernfrde-rlc.de\/?page_id=1879","og_locale":"de_DE","og_type":"article","og_title":"Wissenswertes zur Nikotinersatztherapie - Dr. med. Harald Lemke","og_description":"Nikotin und seine Derivate sind Gifte und verbunden mit einem Suchtpotential, das st\u00e4rker\/gr\u00f6\u00dfer sein soll als beispielsweise jenes durch Kokain. Selbst g\u00e4ngige &#8222;Ersatztherapien&#8220; im Bereich der Entw\u00f6hnungsverfahren sind eher &#8222;begrenzt&#8220; hilfreich:&#8222;How effective is nicotine replacement therapy in helping people to [&hellip;]","og_url":"https:\/\/xn--praxis-lemke-eckernfrde-rlc.de\/?page_id=1879","og_site_name":"Dr. med. Harald Lemke","article_modified_time":"2024-03-17T17:04:26+00:00","twitter_card":"summary_large_image","twitter_misc":{"Gesch\u00e4tzte Lesezeit":"1\u00a0Minute"},"schema":{"@context":"https:\/\/schema.org","@graph":[{"@type":"WebPage","@id":"https:\/\/xn--praxis-lemke-eckernfrde-rlc.de\/?page_id=1879","url":"https:\/\/xn--praxis-lemke-eckernfrde-rlc.de\/?page_id=1879","name":"Wissenswertes zur Nikotinersatztherapie - Dr. med. Harald Lemke","isPartOf":{"@id":"https:\/\/xn--praxis-lemke-eckernfrde-rlc.de\/#website"},"datePublished":"2024-03-17T16:53:05+00:00","dateModified":"2024-03-17T17:04:26+00:00","breadcrumb":{"@id":"https:\/\/xn--praxis-lemke-eckernfrde-rlc.de\/?page_id=1879#breadcrumb"},"inLanguage":"de","potentialAction":[{"@type":"ReadAction","target":["https:\/\/xn--praxis-lemke-eckernfrde-rlc.de\/?page_id=1879"]}]},{"@type":"BreadcrumbList","@id":"https:\/\/xn--praxis-lemke-eckernfrde-rlc.de\/?page_id=1879#breadcrumb","itemListElement":[{"@type":"ListItem","position":1,"name":"Startseite","item":"https:\/\/xn--praxis-lemke-eckernfrde-rlc.de\/"},{"@type":"ListItem","position":2,"name":"Wissenswertes zur Nikotinersatztherapie"}]},{"@type":"WebSite","@id":"https:\/\/xn--praxis-lemke-eckernfrde-rlc.de\/#website","url":"https:\/\/xn--praxis-lemke-eckernfrde-rlc.de\/","name":"https:\/\/xn--praxis-lemke-eckernfrde-rlc.de\/","description":"Praxis f\u00fcr Ostasiatische Heilverfahren &amp; Integrative Medizin","potentialAction":[{"@type":"SearchAction","target":{"@type":"EntryPoint","urlTemplate":"https:\/\/xn--praxis-lemke-eckernfrde-rlc.de\/?s={search_term_string}"},"query-input":{"@type":"PropertyValueSpecification","valueRequired":true,"valueName":"search_term_string"}}],"inLanguage":"de"}]}},"_links":{"self":[{"href":"https:\/\/xn--praxis-lemke-eckernfrde-rlc.de\/index.php?rest_route=\/wp\/v2\/pages\/1879"}],"collection":[{"href":"https:\/\/xn--praxis-lemke-eckernfrde-rlc.de\/index.php?rest_route=\/wp\/v2\/pages"}],"about":[{"href":"https:\/\/xn--praxis-lemke-eckernfrde-rlc.de\/index.php?rest_route=\/wp\/v2\/types\/page"}],"author":[{"embeddable":true,"href":"https:\/\/xn--praxis-lemke-eckernfrde-rlc.de\/index.php?rest_route=\/wp\/v2\/users\/1"}],"replies":[{"embeddable":true,"href":"https:\/\/xn--praxis-lemke-eckernfrde-rlc.de\/index.php?rest_route=%2Fwp%2Fv2%2Fcomments&post=1879"}],"version-history":[{"count":2,"href":"https:\/\/xn--praxis-lemke-eckernfrde-rlc.de\/index.php?rest_route=\/wp\/v2\/pages\/1879\/revisions"}],"predecessor-version":[{"id":1885,"href":"https:\/\/xn--praxis-lemke-eckernfrde-rlc.de\/index.php?rest_route=\/wp\/v2\/pages\/1879\/revisions\/1885"}],"wp:attachment":[{"href":"https:\/\/xn--praxis-lemke-eckernfrde-rlc.de\/index.php?rest_route=%2Fwp%2Fv2%2Fmedia&parent=1879"}],"curies":[{"name":"wp","href":"https:\/\/api.w.org\/{rel}","templated":true}]}}