{"id":1886,"date":"2024-03-17T19:04:08","date_gmt":"2024-03-17T17:04:08","guid":{"rendered":"https:\/\/xn--praxis-lemke-eckernfrde-rlc.de\/?page_id=1886"},"modified":"2024-03-17T21:32:00","modified_gmt":"2024-03-17T19:32:00","slug":"konzept-a","status":"publish","type":"page","link":"https:\/\/xn--praxis-lemke-eckernfrde-rlc.de\/?page_id=1886","title":{"rendered":"Konzept A"},"content":{"rendered":"\n<p>Um erfolgreich behandeln bzw. begleiten zu k\u00f6nnen muss man Zugriff auf ein sich bew\u00e4hrendes Prinzip  und mindestens ein zweites vergleichbares in der Hinterhand haben f\u00fcr alle jene bei denen das erste Konzept aus vielerlei m\u00f6glichen Gr\u00fcnden &#8222;mal&#8220; nicht greift.<\/p>\n\n\n\n<p>Das erste hier vorgestellte Behandlungsprinzip greift auf die Akupunktur zur\u00fcck &#8211; das ist erst einmal nichts au\u00dfergew\u00f6hnliches, denn in der Vergangenheit nutzte ich bereits viele unterschiedliche Herangehensweisen mittels Akupunktur bei der Raucherentw\u00f6hnung.<\/p>\n\n\n\n<p>Den Unterschied macht die von den &#8222;Entwicklern&#8220; angegebene Erfolgsquote bei einem sehr \u00fcberschaubaren Einsatz an Nadeln ( 8 ) sowie Behandlungsterminen (2, in sehr seltenen F\u00e4llen mal 3).<\/p>\n\n\n\n<p>Das Akupunkturkonzept geht hierbei auf Erstversuche in den 70er Jahren noch in Shanghai zur\u00fcck und wurde von Kolleginnen und Kollegen in den USA, u.a. Donald Edward Kendall, Autor des Werkes: Dao of Chinese Medicine: Understanding an Ancient HEaling Art, bis zur von mir praktizierten Variante in gegenw\u00e4rtiger Form weiter entwickelt. Dr. Crapo erw\u00e4hnte in einem seiner Vortr\u00e4ge, dass sie zusammen 2000 ehemalige Raucher \u00fcber 2 Jahre begleitet haben und die Erfolgsquote nach 2 Jahren immer noch bei 90% Abstinenz gelegen haben soll &#8211; nach meinem pers\u00f6nlichen Kenntnisstand ist hierzu jedoch bislang keinerlei Studie ver\u00f6ffentlicht.<\/p>\n\n\n\n<p>Es werden bei dieser Form der Akupunktur Ohr- sowie K\u00f6rperakupunktur miteinander kombiniert:<\/p>\n\n\n\n<ul class=\"wp-block-list\">\n<li>2 Nadeln je Ohr die \u00fcber Elektro-Akupunktur miteinander gekoppelt werden<\/li>\n\n\n\n<li>1ne Nadel pro Hand + 1ne pro Fu\u00df<\/li>\n<\/ul>\n\n\n\n<p>Die Applikation zweier spezifischer Frequenzen \u00fcber die Elektroakupunktur mit spezifischen Parametern macht hier den wesentlichen Unterschied im Behandlungskonzept und seines beschriebenen Erfolges.<\/p>\n\n\n\n<p>Die Behandlung erfolgt an<\/p>\n\n\n\n<ul class=\"wp-block-list\">\n<li>2 <em><strong>aufeinanderfolgenden<\/strong><\/em> Tagen und in eher seltenen F\u00e4llen wird eine dritte angeschlossen, bei <em>jeweils <\/em><\/li>\n\n\n\n<li>30 min\u00fctiger Behandlungszeit<\/li>\n<\/ul>\n\n\n\n<p>am ersten Tag liegt die Behandlungszeit bestenfalls bei zw. 14 &amp; 16.00 Uhr&#8230; <\/p>\n\n\n\n<p>am zweiten Tag liegt die Behandlungszeit bestenfalls bei zw. 11 und 13 Uhr<\/p>\n\n\n\n<p><strong>Behandlunginvestitionen<\/strong><br>Auf meinen Seiten benenne ich Behandlungskosten f\u00fcr gew\u00f6hnlich nicht, da es je nach Fall und Versichertenstatus Unterschiede geben kann.<\/p>\n\n\n\n<p>Die Raucherentw\u00f6hnungsbegleitung jedoch ist eine f\u00fcr ALLE (privat versichert, selbst zahlend etc.) gleichwertig von mir berechnete Behandlung und kommt auf:<\/p>\n\n\n\n<p><strong>\u20ac 116,92<\/strong> je Anwendungstermin<\/p>\n\n\n\n<p>In diesem spezifischen Fall ist die Kosten\u00fcbernahme auch durch Private Versicherungen, Zusatzversicherungen und Beihilfen im Gegensatz zu den anderen von mir angebotenen Leistungen bei anderen Beschwerdebildern ausdr\u00fccklich frei von Gew\u00e4hrleistung.<\/p>\n","protected":false},"excerpt":{"rendered":"<p>Um erfolgreich behandeln bzw. begleiten zu k\u00f6nnen muss man Zugriff auf ein sich bew\u00e4hrendes Prinzip und mindestens ein zweites vergleichbares in der Hinterhand haben f\u00fcr alle jene bei denen das erste Konzept aus vielerlei m\u00f6glichen Gr\u00fcnden &#8222;mal&#8220; nicht greift. Das [&hellip;]<\/p>\n","protected":false},"author":1,"featured_media":0,"parent":0,"menu_order":0,"comment_status":"closed","ping_status":"closed","template":"","meta":{"footnotes":""},"class_list":["post-1886","page","type-page","status-publish","hentry","clearfix"],"yoast_head":"<!-- This site is optimized with the Yoast SEO plugin v25.6 - https:\/\/yoast.com\/wordpress\/plugins\/seo\/ -->\n<title>Konzept A - Dr. med. Harald Lemke<\/title>\n<meta name=\"robots\" content=\"index, follow, max-snippet:-1, max-image-preview:large, max-video-preview:-1\" \/>\n<link rel=\"canonical\" href=\"https:\/\/xn--praxis-lemke-eckernfrde-rlc.de\/?page_id=1886\" \/>\n<meta property=\"og:locale\" content=\"de_DE\" \/>\n<meta property=\"og:type\" content=\"article\" \/>\n<meta property=\"og:title\" content=\"Konzept A - Dr. med. Harald Lemke\" \/>\n<meta property=\"og:description\" content=\"Um erfolgreich behandeln bzw. begleiten zu k\u00f6nnen muss man Zugriff auf ein sich bew\u00e4hrendes Prinzip und mindestens ein zweites vergleichbares in der Hinterhand haben f\u00fcr alle jene bei denen das erste Konzept aus vielerlei m\u00f6glichen Gr\u00fcnden &#8222;mal&#8220; nicht greift. Das [&hellip;]\" \/>\n<meta property=\"og:url\" content=\"https:\/\/xn--praxis-lemke-eckernfrde-rlc.de\/?page_id=1886\" \/>\n<meta property=\"og:site_name\" content=\"Dr. med. Harald Lemke\" \/>\n<meta property=\"article:modified_time\" content=\"2024-03-17T19:32:00+00:00\" \/>\n<meta name=\"twitter:card\" content=\"summary_large_image\" \/>\n<meta name=\"twitter:label1\" content=\"Gesch\u00e4tzte Lesezeit\" \/>\n\t<meta name=\"twitter:data1\" content=\"3\u00a0Minuten\" \/>\n<script type=\"application\/ld+json\" class=\"yoast-schema-graph\">{\"@context\":\"https:\/\/schema.org\",\"@graph\":[{\"@type\":\"WebPage\",\"@id\":\"https:\/\/xn--praxis-lemke-eckernfrde-rlc.de\/?page_id=1886\",\"url\":\"https:\/\/xn--praxis-lemke-eckernfrde-rlc.de\/?page_id=1886\",\"name\":\"Konzept A - Dr. med. Harald Lemke\",\"isPartOf\":{\"@id\":\"https:\/\/xn--praxis-lemke-eckernfrde-rlc.de\/#website\"},\"datePublished\":\"2024-03-17T17:04:08+00:00\",\"dateModified\":\"2024-03-17T19:32:00+00:00\",\"breadcrumb\":{\"@id\":\"https:\/\/xn--praxis-lemke-eckernfrde-rlc.de\/?page_id=1886#breadcrumb\"},\"inLanguage\":\"de\",\"potentialAction\":[{\"@type\":\"ReadAction\",\"target\":[\"https:\/\/xn--praxis-lemke-eckernfrde-rlc.de\/?page_id=1886\"]}]},{\"@type\":\"BreadcrumbList\",\"@id\":\"https:\/\/xn--praxis-lemke-eckernfrde-rlc.de\/?page_id=1886#breadcrumb\",\"itemListElement\":[{\"@type\":\"ListItem\",\"position\":1,\"name\":\"Startseite\",\"item\":\"https:\/\/xn--praxis-lemke-eckernfrde-rlc.de\/\"},{\"@type\":\"ListItem\",\"position\":2,\"name\":\"Konzept A\"}]},{\"@type\":\"WebSite\",\"@id\":\"https:\/\/xn--praxis-lemke-eckernfrde-rlc.de\/#website\",\"url\":\"https:\/\/xn--praxis-lemke-eckernfrde-rlc.de\/\",\"name\":\"https:\/\/xn--praxis-lemke-eckernfrde-rlc.de\/\",\"description\":\"Praxis f\u00fcr Ostasiatische Heilverfahren &amp; Integrative Medizin\",\"potentialAction\":[{\"@type\":\"SearchAction\",\"target\":{\"@type\":\"EntryPoint\",\"urlTemplate\":\"https:\/\/xn--praxis-lemke-eckernfrde-rlc.de\/?s={search_term_string}\"},\"query-input\":{\"@type\":\"PropertyValueSpecification\",\"valueRequired\":true,\"valueName\":\"search_term_string\"}}],\"inLanguage\":\"de\"}]}<\/script>\n<!-- \/ Yoast SEO plugin. -->","yoast_head_json":{"title":"Konzept A - Dr. med. Harald Lemke","robots":{"index":"index","follow":"follow","max-snippet":"max-snippet:-1","max-image-preview":"max-image-preview:large","max-video-preview":"max-video-preview:-1"},"canonical":"https:\/\/xn--praxis-lemke-eckernfrde-rlc.de\/?page_id=1886","og_locale":"de_DE","og_type":"article","og_title":"Konzept A - Dr. med. Harald Lemke","og_description":"Um erfolgreich behandeln bzw. begleiten zu k\u00f6nnen muss man Zugriff auf ein sich bew\u00e4hrendes Prinzip und mindestens ein zweites vergleichbares in der Hinterhand haben f\u00fcr alle jene bei denen das erste Konzept aus vielerlei m\u00f6glichen Gr\u00fcnden &#8222;mal&#8220; nicht greift. Das [&hellip;]","og_url":"https:\/\/xn--praxis-lemke-eckernfrde-rlc.de\/?page_id=1886","og_site_name":"Dr. med. Harald Lemke","article_modified_time":"2024-03-17T19:32:00+00:00","twitter_card":"summary_large_image","twitter_misc":{"Gesch\u00e4tzte Lesezeit":"3\u00a0Minuten"},"schema":{"@context":"https:\/\/schema.org","@graph":[{"@type":"WebPage","@id":"https:\/\/xn--praxis-lemke-eckernfrde-rlc.de\/?page_id=1886","url":"https:\/\/xn--praxis-lemke-eckernfrde-rlc.de\/?page_id=1886","name":"Konzept A - Dr. med. Harald Lemke","isPartOf":{"@id":"https:\/\/xn--praxis-lemke-eckernfrde-rlc.de\/#website"},"datePublished":"2024-03-17T17:04:08+00:00","dateModified":"2024-03-17T19:32:00+00:00","breadcrumb":{"@id":"https:\/\/xn--praxis-lemke-eckernfrde-rlc.de\/?page_id=1886#breadcrumb"},"inLanguage":"de","potentialAction":[{"@type":"ReadAction","target":["https:\/\/xn--praxis-lemke-eckernfrde-rlc.de\/?page_id=1886"]}]},{"@type":"BreadcrumbList","@id":"https:\/\/xn--praxis-lemke-eckernfrde-rlc.de\/?page_id=1886#breadcrumb","itemListElement":[{"@type":"ListItem","position":1,"name":"Startseite","item":"https:\/\/xn--praxis-lemke-eckernfrde-rlc.de\/"},{"@type":"ListItem","position":2,"name":"Konzept A"}]},{"@type":"WebSite","@id":"https:\/\/xn--praxis-lemke-eckernfrde-rlc.de\/#website","url":"https:\/\/xn--praxis-lemke-eckernfrde-rlc.de\/","name":"https:\/\/xn--praxis-lemke-eckernfrde-rlc.de\/","description":"Praxis f\u00fcr Ostasiatische Heilverfahren &amp; Integrative Medizin","potentialAction":[{"@type":"SearchAction","target":{"@type":"EntryPoint","urlTemplate":"https:\/\/xn--praxis-lemke-eckernfrde-rlc.de\/?s={search_term_string}"},"query-input":{"@type":"PropertyValueSpecification","valueRequired":true,"valueName":"search_term_string"}}],"inLanguage":"de"}]}},"_links":{"self":[{"href":"https:\/\/xn--praxis-lemke-eckernfrde-rlc.de\/index.php?rest_route=\/wp\/v2\/pages\/1886"}],"collection":[{"href":"https:\/\/xn--praxis-lemke-eckernfrde-rlc.de\/index.php?rest_route=\/wp\/v2\/pages"}],"about":[{"href":"https:\/\/xn--praxis-lemke-eckernfrde-rlc.de\/index.php?rest_route=\/wp\/v2\/types\/page"}],"author":[{"embeddable":true,"href":"https:\/\/xn--praxis-lemke-eckernfrde-rlc.de\/index.php?rest_route=\/wp\/v2\/users\/1"}],"replies":[{"embeddable":true,"href":"https:\/\/xn--praxis-lemke-eckernfrde-rlc.de\/index.php?rest_route=%2Fwp%2Fv2%2Fcomments&post=1886"}],"version-history":[{"count":12,"href":"https:\/\/xn--praxis-lemke-eckernfrde-rlc.de\/index.php?rest_route=\/wp\/v2\/pages\/1886\/revisions"}],"predecessor-version":[{"id":1937,"href":"https:\/\/xn--praxis-lemke-eckernfrde-rlc.de\/index.php?rest_route=\/wp\/v2\/pages\/1886\/revisions\/1937"}],"wp:attachment":[{"href":"https:\/\/xn--praxis-lemke-eckernfrde-rlc.de\/index.php?rest_route=%2Fwp%2Fv2%2Fmedia&parent=1886"}],"curies":[{"name":"wp","href":"https:\/\/api.w.org\/{rel}","templated":true}]}}