{"id":1889,"date":"2024-03-17T19:04:08","date_gmt":"2024-03-17T17:04:08","guid":{"rendered":"https:\/\/xn--praxis-lemke-eckernfrde-rlc.de\/?page_id=1889"},"modified":"2024-03-17T21:24:41","modified_gmt":"2024-03-17T19:24:41","slug":"voraussetzungen","status":"publish","type":"page","link":"https:\/\/xn--praxis-lemke-eckernfrde-rlc.de\/?page_id=1889","title":{"rendered":"VORAUSSETZUNGEN"},"content":{"rendered":"\n<p>Die Teilnahme an einem der beiden Konzepte setzt einiges an Leistung Ihrerseits bereits im Vorfeld voraus. Bitte nehmen Sie sich die Zeit und verinnerlichen sich das wie folgt Spezifizierte, denn die Basis um den erhofften Erfolg der Entw\u00f6hnungsbehandlung mit maximaler Chance zu versehen beginnt mit den erforderlichen Vorbereitungen:<\/p>\n\n\n\n<p><strong>A)<\/strong> Sie m\u00fcssen &#8222;es&#8220; ganz allein aus sich heraus und F\u00dcR SICH SELBST WOLLEN! &#8211; von den vielen 1000 chemikalischen Kombinationen beim Zigarettenrazch sollen mehr als 70 kanzerogen sein. Ob Sie nun aufgrund dieses Wissens wirklich aufh\u00f6ren wollen zu rauchen oder weil Sie am Ende des Jahres mehr M\u00fcnzen in Ihrem M\u00fcnztopf f\u00fcr den Urlaub sehen m\u00f6chten: <\/p>\n\n\n\n<p class=\"has-text-align-center\"><strong>SIE SELBST <em>m\u00fcssen<\/em> es WIRKLICH WOLLEN aufzuh\u00f6ren.<\/strong><\/p>\n\n\n\n<p class=\"has-text-align-left\"><br><strong>B) <\/strong>WENN die Bedingung unter <strong>A)<\/strong> vollst\u00e4ndig erf\u00fcllt ist, sind Ihrerseits ALLE Zigaretten sp\u00e4testens am Tag und VOR der Behandlung bereits vollst\u00e4ndig zu entsorgen &#8211; aus Auto, Wohnung etc. letztlich jedem Winkel, den Sie f\u00fcr Zigaretten, auch f\u00fcr schlechtere Zeiten, vorgesehen und nicht vorgesehen hatten.<br><\/p>\n\n\n\n<p><strong>C)<\/strong> Bereiten Sie sich bereits vor Beginn der Behandlung f\u00fcr daheim Karotten, Sellerie oder \u00e4hnliches (jedoch KEINE S\u00fc\u00dfigkeiten) vor an denen Sie im Sinne einer Ersatzhandlung knabbern k\u00f6nnen, wenn Sie die Neigung versp\u00fcren &#8222;automatisiert die Hand-Mund-Bewegung&#8220; durchf\u00fchren zu &#8222;m\u00fcssen&#8220;. <\/p>\n\n\n\n<p><\/p>\n","protected":false},"excerpt":{"rendered":"<p>Die Teilnahme an einem der beiden Konzepte setzt einiges an Leistung Ihrerseits bereits im Vorfeld voraus. Bitte nehmen Sie sich die Zeit und verinnerlichen sich das wie folgt Spezifizierte, denn die Basis um den erhofften Erfolg der Entw\u00f6hnungsbehandlung mit maximaler [&hellip;]<\/p>\n","protected":false},"author":1,"featured_media":0,"parent":0,"menu_order":0,"comment_status":"closed","ping_status":"closed","template":"","meta":{"footnotes":""},"class_list":["post-1889","page","type-page","status-publish","hentry","clearfix"],"yoast_head":"<!-- This site is optimized with the Yoast SEO plugin v25.6 - https:\/\/yoast.com\/wordpress\/plugins\/seo\/ -->\n<title>VORAUSSETZUNGEN - Dr. med. Harald Lemke<\/title>\n<meta name=\"robots\" content=\"index, follow, max-snippet:-1, max-image-preview:large, max-video-preview:-1\" \/>\n<link rel=\"canonical\" href=\"https:\/\/xn--praxis-lemke-eckernfrde-rlc.de\/?page_id=1889\" \/>\n<meta property=\"og:locale\" content=\"de_DE\" \/>\n<meta property=\"og:type\" content=\"article\" \/>\n<meta property=\"og:title\" content=\"VORAUSSETZUNGEN - Dr. med. Harald Lemke\" \/>\n<meta property=\"og:description\" content=\"Die Teilnahme an einem der beiden Konzepte setzt einiges an Leistung Ihrerseits bereits im Vorfeld voraus. Bitte nehmen Sie sich die Zeit und verinnerlichen sich das wie folgt Spezifizierte, denn die Basis um den erhofften Erfolg der Entw\u00f6hnungsbehandlung mit maximaler [&hellip;]\" \/>\n<meta property=\"og:url\" content=\"https:\/\/xn--praxis-lemke-eckernfrde-rlc.de\/?page_id=1889\" \/>\n<meta property=\"og:site_name\" content=\"Dr. med. Harald Lemke\" \/>\n<meta property=\"article:modified_time\" content=\"2024-03-17T19:24:41+00:00\" \/>\n<meta name=\"twitter:card\" content=\"summary_large_image\" \/>\n<meta name=\"twitter:label1\" content=\"Gesch\u00e4tzte Lesezeit\" \/>\n\t<meta name=\"twitter:data1\" content=\"2\u00a0Minuten\" \/>\n<script type=\"application\/ld+json\" class=\"yoast-schema-graph\">{\"@context\":\"https:\/\/schema.org\",\"@graph\":[{\"@type\":\"WebPage\",\"@id\":\"https:\/\/xn--praxis-lemke-eckernfrde-rlc.de\/?page_id=1889\",\"url\":\"https:\/\/xn--praxis-lemke-eckernfrde-rlc.de\/?page_id=1889\",\"name\":\"VORAUSSETZUNGEN - Dr. med. Harald Lemke\",\"isPartOf\":{\"@id\":\"https:\/\/xn--praxis-lemke-eckernfrde-rlc.de\/#website\"},\"datePublished\":\"2024-03-17T17:04:08+00:00\",\"dateModified\":\"2024-03-17T19:24:41+00:00\",\"breadcrumb\":{\"@id\":\"https:\/\/xn--praxis-lemke-eckernfrde-rlc.de\/?page_id=1889#breadcrumb\"},\"inLanguage\":\"de\",\"potentialAction\":[{\"@type\":\"ReadAction\",\"target\":[\"https:\/\/xn--praxis-lemke-eckernfrde-rlc.de\/?page_id=1889\"]}]},{\"@type\":\"BreadcrumbList\",\"@id\":\"https:\/\/xn--praxis-lemke-eckernfrde-rlc.de\/?page_id=1889#breadcrumb\",\"itemListElement\":[{\"@type\":\"ListItem\",\"position\":1,\"name\":\"Startseite\",\"item\":\"https:\/\/xn--praxis-lemke-eckernfrde-rlc.de\/\"},{\"@type\":\"ListItem\",\"position\":2,\"name\":\"VORAUSSETZUNGEN\"}]},{\"@type\":\"WebSite\",\"@id\":\"https:\/\/xn--praxis-lemke-eckernfrde-rlc.de\/#website\",\"url\":\"https:\/\/xn--praxis-lemke-eckernfrde-rlc.de\/\",\"name\":\"https:\/\/xn--praxis-lemke-eckernfrde-rlc.de\/\",\"description\":\"Praxis f\u00fcr Ostasiatische Heilverfahren &amp; Integrative Medizin\",\"potentialAction\":[{\"@type\":\"SearchAction\",\"target\":{\"@type\":\"EntryPoint\",\"urlTemplate\":\"https:\/\/xn--praxis-lemke-eckernfrde-rlc.de\/?s={search_term_string}\"},\"query-input\":{\"@type\":\"PropertyValueSpecification\",\"valueRequired\":true,\"valueName\":\"search_term_string\"}}],\"inLanguage\":\"de\"}]}<\/script>\n<!-- \/ Yoast SEO plugin. -->","yoast_head_json":{"title":"VORAUSSETZUNGEN - Dr. med. Harald Lemke","robots":{"index":"index","follow":"follow","max-snippet":"max-snippet:-1","max-image-preview":"max-image-preview:large","max-video-preview":"max-video-preview:-1"},"canonical":"https:\/\/xn--praxis-lemke-eckernfrde-rlc.de\/?page_id=1889","og_locale":"de_DE","og_type":"article","og_title":"VORAUSSETZUNGEN - Dr. med. Harald Lemke","og_description":"Die Teilnahme an einem der beiden Konzepte setzt einiges an Leistung Ihrerseits bereits im Vorfeld voraus. Bitte nehmen Sie sich die Zeit und verinnerlichen sich das wie folgt Spezifizierte, denn die Basis um den erhofften Erfolg der Entw\u00f6hnungsbehandlung mit maximaler [&hellip;]","og_url":"https:\/\/xn--praxis-lemke-eckernfrde-rlc.de\/?page_id=1889","og_site_name":"Dr. med. Harald Lemke","article_modified_time":"2024-03-17T19:24:41+00:00","twitter_card":"summary_large_image","twitter_misc":{"Gesch\u00e4tzte Lesezeit":"2\u00a0Minuten"},"schema":{"@context":"https:\/\/schema.org","@graph":[{"@type":"WebPage","@id":"https:\/\/xn--praxis-lemke-eckernfrde-rlc.de\/?page_id=1889","url":"https:\/\/xn--praxis-lemke-eckernfrde-rlc.de\/?page_id=1889","name":"VORAUSSETZUNGEN - Dr. med. Harald Lemke","isPartOf":{"@id":"https:\/\/xn--praxis-lemke-eckernfrde-rlc.de\/#website"},"datePublished":"2024-03-17T17:04:08+00:00","dateModified":"2024-03-17T19:24:41+00:00","breadcrumb":{"@id":"https:\/\/xn--praxis-lemke-eckernfrde-rlc.de\/?page_id=1889#breadcrumb"},"inLanguage":"de","potentialAction":[{"@type":"ReadAction","target":["https:\/\/xn--praxis-lemke-eckernfrde-rlc.de\/?page_id=1889"]}]},{"@type":"BreadcrumbList","@id":"https:\/\/xn--praxis-lemke-eckernfrde-rlc.de\/?page_id=1889#breadcrumb","itemListElement":[{"@type":"ListItem","position":1,"name":"Startseite","item":"https:\/\/xn--praxis-lemke-eckernfrde-rlc.de\/"},{"@type":"ListItem","position":2,"name":"VORAUSSETZUNGEN"}]},{"@type":"WebSite","@id":"https:\/\/xn--praxis-lemke-eckernfrde-rlc.de\/#website","url":"https:\/\/xn--praxis-lemke-eckernfrde-rlc.de\/","name":"https:\/\/xn--praxis-lemke-eckernfrde-rlc.de\/","description":"Praxis f\u00fcr Ostasiatische Heilverfahren &amp; Integrative Medizin","potentialAction":[{"@type":"SearchAction","target":{"@type":"EntryPoint","urlTemplate":"https:\/\/xn--praxis-lemke-eckernfrde-rlc.de\/?s={search_term_string}"},"query-input":{"@type":"PropertyValueSpecification","valueRequired":true,"valueName":"search_term_string"}}],"inLanguage":"de"}]}},"_links":{"self":[{"href":"https:\/\/xn--praxis-lemke-eckernfrde-rlc.de\/index.php?rest_route=\/wp\/v2\/pages\/1889"}],"collection":[{"href":"https:\/\/xn--praxis-lemke-eckernfrde-rlc.de\/index.php?rest_route=\/wp\/v2\/pages"}],"about":[{"href":"https:\/\/xn--praxis-lemke-eckernfrde-rlc.de\/index.php?rest_route=\/wp\/v2\/types\/page"}],"author":[{"embeddable":true,"href":"https:\/\/xn--praxis-lemke-eckernfrde-rlc.de\/index.php?rest_route=\/wp\/v2\/users\/1"}],"replies":[{"embeddable":true,"href":"https:\/\/xn--praxis-lemke-eckernfrde-rlc.de\/index.php?rest_route=%2Fwp%2Fv2%2Fcomments&post=1889"}],"version-history":[{"count":3,"href":"https:\/\/xn--praxis-lemke-eckernfrde-rlc.de\/index.php?rest_route=\/wp\/v2\/pages\/1889\/revisions"}],"predecessor-version":[{"id":1932,"href":"https:\/\/xn--praxis-lemke-eckernfrde-rlc.de\/index.php?rest_route=\/wp\/v2\/pages\/1889\/revisions\/1932"}],"wp:attachment":[{"href":"https:\/\/xn--praxis-lemke-eckernfrde-rlc.de\/index.php?rest_route=%2Fwp%2Fv2%2Fmedia&parent=1889"}],"curies":[{"name":"wp","href":"https:\/\/api.w.org\/{rel}","templated":true}]}}