{"id":35,"date":"2017-05-01T10:03:58","date_gmt":"2017-05-01T10:03:58","guid":{"rendered":"http:\/\/xn--praxis-lemke-eckernfrde-rlc.de\/?page_id=35"},"modified":"2017-06-26T19:57:21","modified_gmt":"2017-06-26T17:57:21","slug":"impressum","status":"publish","type":"page","link":"https:\/\/xn--praxis-lemke-eckernfrde-rlc.de\/?page_id=35","title":{"rendered":"Impressum"},"content":{"rendered":"<div><span class=\"text-class-29\">Verantwortlich im Sinne des MDStV:<\/span><\/div>\n<div><span class=\"text-class-29\">\u00a0<\/span><\/div>\n<div><span class=\"text-class-29\">Dr. med. Harald Lemke<br \/>\n<\/span><\/div>\n<div><span class=\"text-class-29\">bei vorliegender T\u00e4tigkeit privat\u00e4rztlich ohne Facharztzusatz t\u00e4tig<\/span><\/div>\n<div><span class=\"text-class-23\">\u00a0<\/span><\/div>\n<div><span class=\"text-class-23\">\u00a0<\/span><\/div>\n<div><span class=\"text-class-29\">Bahnhofstrasse 11<br \/>\n<\/span><\/div>\n<div><span class=\"text-class-29\">24340 Eckernf\u00f6rde<br \/>\n<\/span><\/div>\n<div><span class=\"text-class-29\">Telefon: 04351 &#8211; 482 91 52<br \/>\n<\/span><\/div>\n<div><span class=\"text-class-29\">Telefax:\u00a0\u00a0\u00a0 0321 &#8211; 245 174 53<br \/>\n<\/span><\/div>\n<div><span class=\"text-class-29\">E-Mail: praxislemke@gmail.com<\/span><\/div>\n<div><\/div>\n<div><span class=\"text-class-23\">\u00a0<\/span><\/div>\n<ul>\n<li><span class=\"text-class-15\"><span class=\"text-class-23\">Mitglied der<\/span><a class=\"userlink\" href=\"http:\/\/www.aeksh.de\/\" target=\"_blank\" rel=\"noopener\">\u00c4rztekammer Schleswig-Holstein<\/a><\/span><\/li>\n<li><span class=\"text-class-15\"><a class=\"userlink\" href=\"http:\/\/www.aeksh.de\/aerzte\/arzt_und_recht\/rechtsgrundlagen\/berufsordnung\/berufsordnung_satzung.html\" target=\"_blank\" rel=\"noopener\">Berufsordnung<\/a><br \/>\n<\/span><\/li>\n<li><span class=\"text-class-29\">Titel verliehen in Deutschland<\/span><\/li>\n<li><span class=\"text-class-29\">die Zusatzbezeichnung &#8222;Akupunktur&#8220; wurde durch die \u00c4rzetkammer Berlin verliehen<\/span><\/li>\n<li><span class=\"text-class-29\">Mitglied der Arbeitsgemeinschaft f\u00fcr Traditionelle Chinesische Medizin (AGTCM) sowie der Deutschen \u00c4rztegesellschaft f\u00fcr Akupunktur (D\u00c4GfA) u.a.<br \/>\n<\/span><\/li>\n<\/ul>\n<div><span class=\"text-class-23\">\u00a0<\/span><\/div>\n<div><span class=\"text-class-23\">\u00a0<\/span><\/div>\n<div><span class=\"text-class-29\"><strong><span class=\"text-class-22\">Haftungshinweis:<\/span><\/strong><br \/>\nTrotz\u00a0 sorgf\u00e4ltiger\u00a0 inhaltlicher Kontrolle \u00fcbernehmen ich keine Haftung f\u00fcr die Inhalte externer Links. F\u00fcr den Inhalt der verlinkten Seiten sind ausschlie\u00dflich deren Betreiber verantwortlich.<\/span><\/div>\n<div><span class=\"text-class-23\">\u00a0<\/span><\/div>\n<div><span class=\"text-class-23\">\u00a0<\/span><\/div>\n<div><span class=\"text-class-20\"><strong>Hinweise f\u00fcr Abmahnversuche:<\/strong> <\/span><\/div>\n<div><span class=\"text-class-29\">\u00a0<\/span><\/div>\n<div><span class=\"text-class-29\">Sollte\u00a0 der Inhalt oder die\u00a0 Aufmachung\u00a0 dieser Seiten fremde Rechte Dritter oder gesetzliche Be- stimmungen verletzen, so wird um eine entsprechende Nachricht ohne Kostennote gebeten. Die Beseitigung einer m\u00f6glicherweise von diesen Seiten ausgehenden Schutzrecht-Verletzung durch Schutzrecht-Inhaber selbst darf nicht ohne Zustimmung stattfinden. Es wird gew\u00e4hrleistet, dass die\u00a0 zu\u00a0 Recht\u00a0 beanstandeten\u00a0 Passagen\u00a0 unverz\u00fcglich\u00a0 entfernt werden, ohne dass von Ihrerseits die\u00a0 Einschaltung\u00a0 eines\u00a0 Rechtsbeistandes\u00a0 erforderlich\u00a0 ist. Dennoch\u00a0 von Ihnen\u00a0 ohne vorherige Kontaktaufnahme ausgel\u00f6ste Kosten werden vollumf\u00e4nglich zur\u00fcckgewiesen und gegebenenfalls Gegenklage wegen Verletzung vorgenannter Bestimmungen eingereicht. <\/span><\/div>\n<div><span class=\"text-class-29\">\u00a0<\/span><\/div>\n<div align=\"left\"><span class=\"text-class-35\"><strong>Wichtige Neuigkeiten:\u00a0<\/strong><br \/>\n<\/span><\/div>\n<div align=\"left\"><span class=\"text-class-35\">\u00a0<\/span><\/div>\n<div align=\"left\"><span class=\"text-class-35\">24.09.2016:<br \/>\n<\/span><\/div>\n<div align=\"left\"><span class=\"text-class-35\">Die Deutsche \u00c4rztegesellschaft f\u00fcr Akupunktur e.V.\u00a0 (DAEGfA) verweist im aktuellen Newsletter auf laufende\u00a0 wettbewerbsrechtliche\u00a0 Abmahnverfahren von\u00a0 Betreiberinnen und Betreibern\u00a0 von Praxis\/Klinik-Homepages.\u00a0 In besagten F\u00e4llen\u00a0 werde den Betroffenen\u00a0 vorgehalten mit &#8222;wissen- schaftlich nicht beweisbaren Wirksamkeitsangaben unlautere Werbung f\u00fcr ihre Behandlert\u00e4tig- keit&#8220; zu betreiben; &#8222;potentiell&#8220;\u00a0 irref\u00fchrende Aussagen k\u00f6nnten juristisch erfolgreich (gem\u00e4ss Ir- ref\u00fchrverbot\u00a0 im Heilmittelwerbegesetz (HWG)\u00a0 und nach Gesetz gegen den unlauteren Wettbe- werb\u00a0 (UWG) ) gegen einen verwendet werden.\u00a0\u00a0 &#8222;Gesicherte\u00a0 wissenschaftliche\u00a0 Erkenntnis&#8220;\u00a0 sei\u00a0 im wesentlichen nur gegeben, wenn eine &#8222;randomisierte placebokontrollierte Doppelblindstudie mit\u00a0 einer\u00a0 ad\u00e4quaten\u00a0 statistischen\u00a0 Auswertung\u00a0 vorliegt, die durch Ver\u00f6ffentlichung in den Dis- kussionsprozess der Fachwelt einbezogen worden ist&#8220;.<br \/>\n<\/span><\/div>\n<div align=\"left\"><span class=\"text-class-35\">\u00a0<\/span><\/div>\n<div align=\"left\"><span class=\"text-class-35\">Wieviel\u00a0 &#8222;gesicherte wissenschaftliche Erkenntnis&#8220; \u00a0in \u00a0der Medizin \u00fcberhaupt damit gegeben ist, bleibt anderen \u00fcberlassen zu diskutieren. Das Internet bietet jedem Einzelnen mittler- &amp; erfreuli cherweise die M\u00f6glichkeit sich \u00fcber die Studienlage zu individuellen Interessen zu belesen.<br \/>\n<\/span><\/div>\n<div align=\"left\"><span class=\"text-class-35\">\u00a0<\/span><\/div>\n<div align=\"left\"><span class=\"text-class-35\">Sollte\u00a0 sich\u00a0 auf\u00a0 meiner Webpage\u00a0 eine\u00a0 Formulierung\u00a0 finden, die im juristischen Sinne auch nur ann\u00e4herungsweise unhaltbar scheint, sind Sie, auch als JuristIn, gebeten, mich vor jeglicher Ab- mahnung freundlich darauf hin zu weisen und mir die M\u00f6glichkeit zur Korrektur zu geben.<\/span><\/div>\n","protected":false},"excerpt":{"rendered":"<p>Verantwortlich im Sinne des MDStV: \u00a0 Dr. med. Harald Lemke bei vorliegender T\u00e4tigkeit privat\u00e4rztlich ohne Facharztzusatz t\u00e4tig \u00a0 \u00a0 Bahnhofstrasse 11 24340 Eckernf\u00f6rde Telefon: 04351 &#8211; 482 91 52 Telefax:\u00a0\u00a0\u00a0 0321 &#8211; 245 174 53 E-Mail: praxislemke@gmail.com \u00a0 Mitglied der\u00c4rztekammer [&hellip;]<\/p>\n","protected":false},"author":1,"featured_media":0,"parent":0,"menu_order":0,"comment_status":"closed","ping_status":"closed","template":"page-templates\/page_fullwidth.php","meta":{"footnotes":""},"class_list":["post-35","page","type-page","status-publish","hentry","clearfix"],"yoast_head":"<!-- This site is optimized with the Yoast SEO plugin v25.6 - https:\/\/yoast.com\/wordpress\/plugins\/seo\/ -->\n<title>Impressum - Dr. med. Harald Lemke<\/title>\n<meta name=\"robots\" content=\"index, follow, max-snippet:-1, max-image-preview:large, max-video-preview:-1\" \/>\n<link rel=\"canonical\" href=\"https:\/\/xn--praxis-lemke-eckernfrde-rlc.de\/?page_id=35\" \/>\n<meta property=\"og:locale\" content=\"de_DE\" \/>\n<meta property=\"og:type\" content=\"article\" \/>\n<meta property=\"og:title\" content=\"Impressum - Dr. med. Harald Lemke\" \/>\n<meta property=\"og:description\" content=\"Verantwortlich im Sinne des MDStV: \u00a0 Dr. med. Harald Lemke bei vorliegender T\u00e4tigkeit privat\u00e4rztlich ohne Facharztzusatz t\u00e4tig \u00a0 \u00a0 Bahnhofstrasse 11 24340 Eckernf\u00f6rde Telefon: 04351 &#8211; 482 91 52 Telefax:\u00a0\u00a0\u00a0 0321 &#8211; 245 174 53 E-Mail: praxislemke@gmail.com \u00a0 Mitglied der\u00c4rztekammer [&hellip;]\" \/>\n<meta property=\"og:url\" content=\"https:\/\/xn--praxis-lemke-eckernfrde-rlc.de\/?page_id=35\" \/>\n<meta property=\"og:site_name\" content=\"Dr. med. Harald Lemke\" \/>\n<meta property=\"article:modified_time\" content=\"2017-06-26T17:57:21+00:00\" \/>\n<meta name=\"twitter:card\" content=\"summary_large_image\" \/>\n<meta name=\"twitter:label1\" content=\"Gesch\u00e4tzte Lesezeit\" \/>\n\t<meta name=\"twitter:data1\" content=\"2\u00a0Minuten\" \/>\n<script type=\"application\/ld+json\" class=\"yoast-schema-graph\">{\"@context\":\"https:\/\/schema.org\",\"@graph\":[{\"@type\":\"WebPage\",\"@id\":\"https:\/\/xn--praxis-lemke-eckernfrde-rlc.de\/?page_id=35\",\"url\":\"https:\/\/xn--praxis-lemke-eckernfrde-rlc.de\/?page_id=35\",\"name\":\"Impressum - Dr. med. Harald Lemke\",\"isPartOf\":{\"@id\":\"https:\/\/xn--praxis-lemke-eckernfrde-rlc.de\/#website\"},\"datePublished\":\"2017-05-01T10:03:58+00:00\",\"dateModified\":\"2017-06-26T17:57:21+00:00\",\"breadcrumb\":{\"@id\":\"https:\/\/xn--praxis-lemke-eckernfrde-rlc.de\/?page_id=35#breadcrumb\"},\"inLanguage\":\"de\",\"potentialAction\":[{\"@type\":\"ReadAction\",\"target\":[\"https:\/\/xn--praxis-lemke-eckernfrde-rlc.de\/?page_id=35\"]}]},{\"@type\":\"BreadcrumbList\",\"@id\":\"https:\/\/xn--praxis-lemke-eckernfrde-rlc.de\/?page_id=35#breadcrumb\",\"itemListElement\":[{\"@type\":\"ListItem\",\"position\":1,\"name\":\"Startseite\",\"item\":\"https:\/\/xn--praxis-lemke-eckernfrde-rlc.de\/\"},{\"@type\":\"ListItem\",\"position\":2,\"name\":\"Impressum\"}]},{\"@type\":\"WebSite\",\"@id\":\"https:\/\/xn--praxis-lemke-eckernfrde-rlc.de\/#website\",\"url\":\"https:\/\/xn--praxis-lemke-eckernfrde-rlc.de\/\",\"name\":\"https:\/\/xn--praxis-lemke-eckernfrde-rlc.de\/\",\"description\":\"Praxis f\u00fcr Ostasiatische Heilverfahren &amp; Integrative Medizin\",\"potentialAction\":[{\"@type\":\"SearchAction\",\"target\":{\"@type\":\"EntryPoint\",\"urlTemplate\":\"https:\/\/xn--praxis-lemke-eckernfrde-rlc.de\/?s={search_term_string}\"},\"query-input\":{\"@type\":\"PropertyValueSpecification\",\"valueRequired\":true,\"valueName\":\"search_term_string\"}}],\"inLanguage\":\"de\"}]}<\/script>\n<!-- \/ Yoast SEO plugin. -->","yoast_head_json":{"title":"Impressum - Dr. med. Harald Lemke","robots":{"index":"index","follow":"follow","max-snippet":"max-snippet:-1","max-image-preview":"max-image-preview:large","max-video-preview":"max-video-preview:-1"},"canonical":"https:\/\/xn--praxis-lemke-eckernfrde-rlc.de\/?page_id=35","og_locale":"de_DE","og_type":"article","og_title":"Impressum - Dr. med. Harald Lemke","og_description":"Verantwortlich im Sinne des MDStV: \u00a0 Dr. med. Harald Lemke bei vorliegender T\u00e4tigkeit privat\u00e4rztlich ohne Facharztzusatz t\u00e4tig \u00a0 \u00a0 Bahnhofstrasse 11 24340 Eckernf\u00f6rde Telefon: 04351 &#8211; 482 91 52 Telefax:\u00a0\u00a0\u00a0 0321 &#8211; 245 174 53 E-Mail: praxislemke@gmail.com \u00a0 Mitglied der\u00c4rztekammer [&hellip;]","og_url":"https:\/\/xn--praxis-lemke-eckernfrde-rlc.de\/?page_id=35","og_site_name":"Dr. med. Harald Lemke","article_modified_time":"2017-06-26T17:57:21+00:00","twitter_card":"summary_large_image","twitter_misc":{"Gesch\u00e4tzte Lesezeit":"2\u00a0Minuten"},"schema":{"@context":"https:\/\/schema.org","@graph":[{"@type":"WebPage","@id":"https:\/\/xn--praxis-lemke-eckernfrde-rlc.de\/?page_id=35","url":"https:\/\/xn--praxis-lemke-eckernfrde-rlc.de\/?page_id=35","name":"Impressum - Dr. med. Harald Lemke","isPartOf":{"@id":"https:\/\/xn--praxis-lemke-eckernfrde-rlc.de\/#website"},"datePublished":"2017-05-01T10:03:58+00:00","dateModified":"2017-06-26T17:57:21+00:00","breadcrumb":{"@id":"https:\/\/xn--praxis-lemke-eckernfrde-rlc.de\/?page_id=35#breadcrumb"},"inLanguage":"de","potentialAction":[{"@type":"ReadAction","target":["https:\/\/xn--praxis-lemke-eckernfrde-rlc.de\/?page_id=35"]}]},{"@type":"BreadcrumbList","@id":"https:\/\/xn--praxis-lemke-eckernfrde-rlc.de\/?page_id=35#breadcrumb","itemListElement":[{"@type":"ListItem","position":1,"name":"Startseite","item":"https:\/\/xn--praxis-lemke-eckernfrde-rlc.de\/"},{"@type":"ListItem","position":2,"name":"Impressum"}]},{"@type":"WebSite","@id":"https:\/\/xn--praxis-lemke-eckernfrde-rlc.de\/#website","url":"https:\/\/xn--praxis-lemke-eckernfrde-rlc.de\/","name":"https:\/\/xn--praxis-lemke-eckernfrde-rlc.de\/","description":"Praxis f\u00fcr Ostasiatische Heilverfahren &amp; Integrative Medizin","potentialAction":[{"@type":"SearchAction","target":{"@type":"EntryPoint","urlTemplate":"https:\/\/xn--praxis-lemke-eckernfrde-rlc.de\/?s={search_term_string}"},"query-input":{"@type":"PropertyValueSpecification","valueRequired":true,"valueName":"search_term_string"}}],"inLanguage":"de"}]}},"_links":{"self":[{"href":"https:\/\/xn--praxis-lemke-eckernfrde-rlc.de\/index.php?rest_route=\/wp\/v2\/pages\/35"}],"collection":[{"href":"https:\/\/xn--praxis-lemke-eckernfrde-rlc.de\/index.php?rest_route=\/wp\/v2\/pages"}],"about":[{"href":"https:\/\/xn--praxis-lemke-eckernfrde-rlc.de\/index.php?rest_route=\/wp\/v2\/types\/page"}],"author":[{"embeddable":true,"href":"https:\/\/xn--praxis-lemke-eckernfrde-rlc.de\/index.php?rest_route=\/wp\/v2\/users\/1"}],"replies":[{"embeddable":true,"href":"https:\/\/xn--praxis-lemke-eckernfrde-rlc.de\/index.php?rest_route=%2Fwp%2Fv2%2Fcomments&post=35"}],"version-history":[{"count":4,"href":"https:\/\/xn--praxis-lemke-eckernfrde-rlc.de\/index.php?rest_route=\/wp\/v2\/pages\/35\/revisions"}],"predecessor-version":[{"id":360,"href":"https:\/\/xn--praxis-lemke-eckernfrde-rlc.de\/index.php?rest_route=\/wp\/v2\/pages\/35\/revisions\/360"}],"wp:attachment":[{"href":"https:\/\/xn--praxis-lemke-eckernfrde-rlc.de\/index.php?rest_route=%2Fwp%2Fv2%2Fmedia&parent=35"}],"curies":[{"name":"wp","href":"https:\/\/api.w.org\/{rel}","templated":true}]}}