{"id":42,"date":"2017-05-01T10:06:51","date_gmt":"2017-05-01T10:06:51","guid":{"rendered":"http:\/\/xn--praxis-lemke-eckernfrde-rlc.de\/?page_id=42"},"modified":"2024-03-17T18:37:33","modified_gmt":"2024-03-17T16:37:33","slug":"kontakt","status":"publish","type":"page","link":"https:\/\/xn--praxis-lemke-eckernfrde-rlc.de\/?page_id=42","title":{"rendered":"Kontakt"},"content":{"rendered":"<p style=\"padding-left: 30px;\"><img loading=\"lazy\" decoding=\"async\" class=\"alignleft size-full wp-image-948\" src=\"https:\/\/tcm-sh.de\/wp-content\/uploads\/2019\/02\/le-hai-long.jpg\" alt=\"\" width=\"76\" height=\"78\" \/><strong>Dr. med. Harald Lemke = Doc Lemke<\/strong><br \/>\nBahnhofstra\u00dfe 11 , 1. Stock<br \/>\n24340 Eckernf\u00f6rde<\/p>\n<div><\/div>\n<div><strong>Sehr geehrte Interessierte,<\/strong><\/div>\n<div>\n<p>eine\u00a0<strong>Kontaktaufnahme<\/strong>\u00a0ist\u00a0<strong>datenschutzsicher<\/strong>\u00a0m\u00f6glich \u00fcber die <strong>SAMEDI Plattform<\/strong> inklusive datenschutzkonformem <strong>Messenger<\/strong> \/ <strong>Nachrichtenportal<\/strong>:\u00a0 \u00a0\u00a0<strong><a href=\"https:\/\/patient.samedi.de\/\" target=\"_blank\" rel=\"noopener\">https:\/\/patient.samedi.de\/<\/a><\/strong><\/p>\n<p><strong>SAMEDI patient Apps <\/strong>sind zu finden\u00a0in Ihren Android u.\/o. Apple App Stores:<\/p>\n<p><strong>Alternative Kontaktaufnahme m\u00f6glich wie folgt \u00fcber:<\/strong><\/p>\n<\/div>\n<div>\n<div><span class=\"text-class-29\"><strong>Telefon: <\/strong>04351 &#8211; 482 91 52\u00a0 \u00a0 \u00a0 \u00a0 <\/span><span class=\"text-class-29\"><strong>E-Mail:<\/strong>\u00a0 praxislemke ( @ ) gmail.com\u00a0 (ohne Klammern &amp; Leerzeichen)<\/span><\/div>\n<\/div>\n<p><strong>Bitte beachten Sie:<\/strong><\/p>\n<p>bei ausbleibender Antwort meinerseits \u00fcber 24h hinaus auf eine Anfrage Ihrerseits bitte eine der weiteren alternativen Kontaktaufnahmem\u00f6glichkeiten w\u00e4hlen.<\/p>\n","protected":false},"excerpt":{"rendered":"<p>Dr. med. Harald Lemke = Doc Lemke Bahnhofstra\u00dfe 11 , 1. Stock 24340 Eckernf\u00f6rde Sehr geehrte Interessierte, eine\u00a0Kontaktaufnahme\u00a0ist\u00a0datenschutzsicher\u00a0m\u00f6glich \u00fcber die SAMEDI Plattform inklusive datenschutzkonformem Messenger \/ Nachrichtenportal:\u00a0 \u00a0\u00a0https:\/\/patient.samedi.de\/ SAMEDI patient Apps sind zu finden\u00a0in Ihren Android u.\/o. Apple App Stores: [&hellip;]<\/p>\n","protected":false},"author":1,"featured_media":0,"parent":0,"menu_order":0,"comment_status":"closed","ping_status":"closed","template":"page-templates\/page_fullwidth.php","meta":{"footnotes":""},"class_list":["post-42","page","type-page","status-publish","hentry","clearfix"],"yoast_head":"<!-- This site is optimized with the Yoast SEO plugin v25.6 - https:\/\/yoast.com\/wordpress\/plugins\/seo\/ -->\n<title>Kontakt - Dr. med. Harald Lemke<\/title>\n<meta name=\"robots\" content=\"index, follow, max-snippet:-1, max-image-preview:large, max-video-preview:-1\" \/>\n<link rel=\"canonical\" href=\"https:\/\/xn--praxis-lemke-eckernfrde-rlc.de\/?page_id=42\" \/>\n<meta property=\"og:locale\" content=\"de_DE\" \/>\n<meta property=\"og:type\" content=\"article\" \/>\n<meta property=\"og:title\" content=\"Kontakt - Dr. med. Harald Lemke\" \/>\n<meta property=\"og:description\" content=\"Dr. med. Harald Lemke = Doc Lemke Bahnhofstra\u00dfe 11 , 1. Stock 24340 Eckernf\u00f6rde Sehr geehrte Interessierte, eine\u00a0Kontaktaufnahme\u00a0ist\u00a0datenschutzsicher\u00a0m\u00f6glich \u00fcber die SAMEDI Plattform inklusive datenschutzkonformem Messenger \/ Nachrichtenportal:\u00a0 \u00a0\u00a0https:\/\/patient.samedi.de\/ SAMEDI patient Apps sind zu finden\u00a0in Ihren Android u.\/o. Apple App Stores: [&hellip;]\" \/>\n<meta property=\"og:url\" content=\"https:\/\/xn--praxis-lemke-eckernfrde-rlc.de\/?page_id=42\" \/>\n<meta property=\"og:site_name\" content=\"Dr. med. Harald Lemke\" \/>\n<meta property=\"article:modified_time\" content=\"2024-03-17T16:37:33+00:00\" \/>\n<meta property=\"og:image\" content=\"https:\/\/tcm-sh.de\/wp-content\/uploads\/2019\/02\/le-hai-long.jpg\" \/>\n<meta name=\"twitter:card\" content=\"summary_large_image\" \/>\n<meta name=\"twitter:label1\" content=\"Gesch\u00e4tzte Lesezeit\" \/>\n\t<meta name=\"twitter:data1\" content=\"1\u00a0Minute\" \/>\n<script type=\"application\/ld+json\" class=\"yoast-schema-graph\">{\"@context\":\"https:\/\/schema.org\",\"@graph\":[{\"@type\":\"WebPage\",\"@id\":\"https:\/\/xn--praxis-lemke-eckernfrde-rlc.de\/?page_id=42\",\"url\":\"https:\/\/xn--praxis-lemke-eckernfrde-rlc.de\/?page_id=42\",\"name\":\"Kontakt - Dr. med. Harald Lemke\",\"isPartOf\":{\"@id\":\"https:\/\/xn--praxis-lemke-eckernfrde-rlc.de\/#website\"},\"primaryImageOfPage\":{\"@id\":\"https:\/\/xn--praxis-lemke-eckernfrde-rlc.de\/?page_id=42#primaryimage\"},\"image\":{\"@id\":\"https:\/\/xn--praxis-lemke-eckernfrde-rlc.de\/?page_id=42#primaryimage\"},\"thumbnailUrl\":\"https:\/\/tcm-sh.de\/wp-content\/uploads\/2019\/02\/le-hai-long.jpg\",\"datePublished\":\"2017-05-01T10:06:51+00:00\",\"dateModified\":\"2024-03-17T16:37:33+00:00\",\"breadcrumb\":{\"@id\":\"https:\/\/xn--praxis-lemke-eckernfrde-rlc.de\/?page_id=42#breadcrumb\"},\"inLanguage\":\"de\",\"potentialAction\":[{\"@type\":\"ReadAction\",\"target\":[\"https:\/\/xn--praxis-lemke-eckernfrde-rlc.de\/?page_id=42\"]}]},{\"@type\":\"ImageObject\",\"inLanguage\":\"de\",\"@id\":\"https:\/\/xn--praxis-lemke-eckernfrde-rlc.de\/?page_id=42#primaryimage\",\"url\":\"https:\/\/tcm-sh.de\/wp-content\/uploads\/2019\/02\/le-hai-long.jpg\",\"contentUrl\":\"https:\/\/tcm-sh.de\/wp-content\/uploads\/2019\/02\/le-hai-long.jpg\"},{\"@type\":\"BreadcrumbList\",\"@id\":\"https:\/\/xn--praxis-lemke-eckernfrde-rlc.de\/?page_id=42#breadcrumb\",\"itemListElement\":[{\"@type\":\"ListItem\",\"position\":1,\"name\":\"Startseite\",\"item\":\"https:\/\/xn--praxis-lemke-eckernfrde-rlc.de\/\"},{\"@type\":\"ListItem\",\"position\":2,\"name\":\"Kontakt\"}]},{\"@type\":\"WebSite\",\"@id\":\"https:\/\/xn--praxis-lemke-eckernfrde-rlc.de\/#website\",\"url\":\"https:\/\/xn--praxis-lemke-eckernfrde-rlc.de\/\",\"name\":\"https:\/\/xn--praxis-lemke-eckernfrde-rlc.de\/\",\"description\":\"Praxis f\u00fcr Ostasiatische Heilverfahren &amp; Integrative Medizin\",\"potentialAction\":[{\"@type\":\"SearchAction\",\"target\":{\"@type\":\"EntryPoint\",\"urlTemplate\":\"https:\/\/xn--praxis-lemke-eckernfrde-rlc.de\/?s={search_term_string}\"},\"query-input\":{\"@type\":\"PropertyValueSpecification\",\"valueRequired\":true,\"valueName\":\"search_term_string\"}}],\"inLanguage\":\"de\"}]}<\/script>\n<!-- \/ Yoast SEO plugin. -->","yoast_head_json":{"title":"Kontakt - Dr. med. Harald Lemke","robots":{"index":"index","follow":"follow","max-snippet":"max-snippet:-1","max-image-preview":"max-image-preview:large","max-video-preview":"max-video-preview:-1"},"canonical":"https:\/\/xn--praxis-lemke-eckernfrde-rlc.de\/?page_id=42","og_locale":"de_DE","og_type":"article","og_title":"Kontakt - Dr. med. Harald Lemke","og_description":"Dr. med. Harald Lemke = Doc Lemke Bahnhofstra\u00dfe 11 , 1. Stock 24340 Eckernf\u00f6rde Sehr geehrte Interessierte, eine\u00a0Kontaktaufnahme\u00a0ist\u00a0datenschutzsicher\u00a0m\u00f6glich \u00fcber die SAMEDI Plattform inklusive datenschutzkonformem Messenger \/ Nachrichtenportal:\u00a0 \u00a0\u00a0https:\/\/patient.samedi.de\/ SAMEDI patient Apps sind zu finden\u00a0in Ihren Android u.\/o. Apple App Stores: [&hellip;]","og_url":"https:\/\/xn--praxis-lemke-eckernfrde-rlc.de\/?page_id=42","og_site_name":"Dr. med. Harald Lemke","article_modified_time":"2024-03-17T16:37:33+00:00","og_image":[{"url":"https:\/\/tcm-sh.de\/wp-content\/uploads\/2019\/02\/le-hai-long.jpg","type":"","width":"","height":""}],"twitter_card":"summary_large_image","twitter_misc":{"Gesch\u00e4tzte Lesezeit":"1\u00a0Minute"},"schema":{"@context":"https:\/\/schema.org","@graph":[{"@type":"WebPage","@id":"https:\/\/xn--praxis-lemke-eckernfrde-rlc.de\/?page_id=42","url":"https:\/\/xn--praxis-lemke-eckernfrde-rlc.de\/?page_id=42","name":"Kontakt - Dr. med. Harald Lemke","isPartOf":{"@id":"https:\/\/xn--praxis-lemke-eckernfrde-rlc.de\/#website"},"primaryImageOfPage":{"@id":"https:\/\/xn--praxis-lemke-eckernfrde-rlc.de\/?page_id=42#primaryimage"},"image":{"@id":"https:\/\/xn--praxis-lemke-eckernfrde-rlc.de\/?page_id=42#primaryimage"},"thumbnailUrl":"https:\/\/tcm-sh.de\/wp-content\/uploads\/2019\/02\/le-hai-long.jpg","datePublished":"2017-05-01T10:06:51+00:00","dateModified":"2024-03-17T16:37:33+00:00","breadcrumb":{"@id":"https:\/\/xn--praxis-lemke-eckernfrde-rlc.de\/?page_id=42#breadcrumb"},"inLanguage":"de","potentialAction":[{"@type":"ReadAction","target":["https:\/\/xn--praxis-lemke-eckernfrde-rlc.de\/?page_id=42"]}]},{"@type":"ImageObject","inLanguage":"de","@id":"https:\/\/xn--praxis-lemke-eckernfrde-rlc.de\/?page_id=42#primaryimage","url":"https:\/\/tcm-sh.de\/wp-content\/uploads\/2019\/02\/le-hai-long.jpg","contentUrl":"https:\/\/tcm-sh.de\/wp-content\/uploads\/2019\/02\/le-hai-long.jpg"},{"@type":"BreadcrumbList","@id":"https:\/\/xn--praxis-lemke-eckernfrde-rlc.de\/?page_id=42#breadcrumb","itemListElement":[{"@type":"ListItem","position":1,"name":"Startseite","item":"https:\/\/xn--praxis-lemke-eckernfrde-rlc.de\/"},{"@type":"ListItem","position":2,"name":"Kontakt"}]},{"@type":"WebSite","@id":"https:\/\/xn--praxis-lemke-eckernfrde-rlc.de\/#website","url":"https:\/\/xn--praxis-lemke-eckernfrde-rlc.de\/","name":"https:\/\/xn--praxis-lemke-eckernfrde-rlc.de\/","description":"Praxis f\u00fcr Ostasiatische Heilverfahren &amp; Integrative Medizin","potentialAction":[{"@type":"SearchAction","target":{"@type":"EntryPoint","urlTemplate":"https:\/\/xn--praxis-lemke-eckernfrde-rlc.de\/?s={search_term_string}"},"query-input":{"@type":"PropertyValueSpecification","valueRequired":true,"valueName":"search_term_string"}}],"inLanguage":"de"}]}},"_links":{"self":[{"href":"https:\/\/xn--praxis-lemke-eckernfrde-rlc.de\/index.php?rest_route=\/wp\/v2\/pages\/42"}],"collection":[{"href":"https:\/\/xn--praxis-lemke-eckernfrde-rlc.de\/index.php?rest_route=\/wp\/v2\/pages"}],"about":[{"href":"https:\/\/xn--praxis-lemke-eckernfrde-rlc.de\/index.php?rest_route=\/wp\/v2\/types\/page"}],"author":[{"embeddable":true,"href":"https:\/\/xn--praxis-lemke-eckernfrde-rlc.de\/index.php?rest_route=\/wp\/v2\/users\/1"}],"replies":[{"embeddable":true,"href":"https:\/\/xn--praxis-lemke-eckernfrde-rlc.de\/index.php?rest_route=%2Fwp%2Fv2%2Fcomments&post=42"}],"version-history":[{"count":25,"href":"https:\/\/xn--praxis-lemke-eckernfrde-rlc.de\/index.php?rest_route=\/wp\/v2\/pages\/42\/revisions"}],"predecessor-version":[{"id":1871,"href":"https:\/\/xn--praxis-lemke-eckernfrde-rlc.de\/index.php?rest_route=\/wp\/v2\/pages\/42\/revisions\/1871"}],"wp:attachment":[{"href":"https:\/\/xn--praxis-lemke-eckernfrde-rlc.de\/index.php?rest_route=%2Fwp%2Fv2%2Fmedia&parent=42"}],"curies":[{"name":"wp","href":"https:\/\/api.w.org\/{rel}","templated":true}]}}