{"id":875,"date":"2020-04-05T10:39:57","date_gmt":"2020-04-05T08:39:57","guid":{"rendered":"http:\/\/xn--praxis-lemke-eckernfrde-rlc.de\/?page_id=875"},"modified":"2022-09-10T23:52:45","modified_gmt":"2022-09-10T21:52:45","slug":"kraeutertherapie","status":"publish","type":"page","link":"https:\/\/xn--praxis-lemke-eckernfrde-rlc.de\/?page_id=875","title":{"rendered":"Kr\u00e4utertherapie"},"content":{"rendered":"\n<p>Wie auch in der Akupunktur zeichnet sich die Kr\u00e4uterheilkunde durch eine Vielzahl unterschiedlicher Schulen aus. Manche stehen in langer Tradition und gehen auf klassische Ursprungsschulen zur\u00fcck, andere leiten sich aus der modernen TCM ab und wieder andere vereinfachen nach Belieben diese Systeme bei deutlichem Verlust an Qualit\u00e4t. Dar\u00fcber hinaus scheitern manche der Schulen in der Moderne (und unseren Breitengraden) an Praktikabilit\u00e4t, Kostenfaktoren, Verf\u00fcgbarkeit\/Verbot von Arzneien und oft letztlich Compliance der Patienten.<\/p>\n\n\n\n<p><strong>IN DIESER PRAXIS<\/strong> kommen daher im wesentlichen <strong>2<\/strong> Systeme aufgrund ihrer au\u00dferordentlichen Wirksamkeit zur Anwendung:<\/p>\n\n\n\n<p>Schwerpunkt: <strong>Westliche<\/strong> Kr\u00e4uter nach <strong>Jeremy Ross<\/strong><\/p>\n\n\n\n<p>Schwerpunkt: <strong>Chinesische<\/strong> Kr\u00e4uter &#8211; klassischer Stil basierend auf dem Shang Han Lun (<strong>Suzanne Robidoux<\/strong> in der Tradition von Hu Xi Shu und Feng Shi Lun):<\/p>\n\n\n\n<p>Aufgrund multipler Faktoren wird dem Stil nach Jeremy Ross mittlerweile Vorrang gegeben &#8211; dazu geh\u00f6ren: vergleichsweise niedriger Kostenfaktor, hohe Praktikabilit\u00e4t (von Apotheken erh\u00e4ltliche Tinkturen sind weit leichter vom Einzelnen einzusetzen als die Zubereitung von Dekokten durch Patienten selbst &#8211; dar\u00fcber hinaus f\u00e4llt das bei Granulaten oft bestehende Problem der Unvertr\u00e4glichkeit durch St\u00e4rkestreckung fort) &#8230;<\/p>\n\n\n\n<p>die Erstanamnese ist der Hom\u00f6opathischen Erstanamnese nach \u00e4rztlicher Geb\u00fchrenordnung analog gestellt und nach aktueller \u00c4rztlicher Geb\u00fchrenordnung wie folgt honoriert:<\/p>\n\n\n\n<p><strong>GO\u00c4 30 Erstanamnese    2,3 fach     \u20ac 120,66<\/strong><\/p>\n\n\n\n<p><strong>GO\u00c4 31 Folgeanamnese im Rahmen desselben Behandlungsfalles   2,3 fach     \u20ac   60,33<\/strong><\/p>\n\n\n\n<p><\/p>\n","protected":false},"excerpt":{"rendered":"<p>Wie auch in der Akupunktur zeichnet sich die Kr\u00e4uterheilkunde durch eine Vielzahl unterschiedlicher Schulen aus. Manche stehen in langer Tradition und gehen auf klassische Ursprungsschulen zur\u00fcck, andere leiten sich aus der modernen TCM ab und wieder andere vereinfachen nach Belieben [&hellip;]<\/p>\n","protected":false},"author":1,"featured_media":0,"parent":0,"menu_order":0,"comment_status":"closed","ping_status":"closed","template":"","meta":{"footnotes":""},"class_list":["post-875","page","type-page","status-publish","hentry","clearfix"],"yoast_head":"<!-- This site is optimized with the Yoast SEO plugin v25.6 - https:\/\/yoast.com\/wordpress\/plugins\/seo\/ -->\n<title>Kr\u00e4utertherapie - Dr. med. Harald Lemke<\/title>\n<meta name=\"robots\" content=\"index, follow, max-snippet:-1, max-image-preview:large, max-video-preview:-1\" \/>\n<link rel=\"canonical\" href=\"https:\/\/xn--praxis-lemke-eckernfrde-rlc.de\/?page_id=875\" \/>\n<meta property=\"og:locale\" content=\"de_DE\" \/>\n<meta property=\"og:type\" content=\"article\" \/>\n<meta property=\"og:title\" content=\"Kr\u00e4utertherapie - Dr. med. Harald Lemke\" \/>\n<meta property=\"og:description\" content=\"Wie auch in der Akupunktur zeichnet sich die Kr\u00e4uterheilkunde durch eine Vielzahl unterschiedlicher Schulen aus. Manche stehen in langer Tradition und gehen auf klassische Ursprungsschulen zur\u00fcck, andere leiten sich aus der modernen TCM ab und wieder andere vereinfachen nach Belieben [&hellip;]\" \/>\n<meta property=\"og:url\" content=\"https:\/\/xn--praxis-lemke-eckernfrde-rlc.de\/?page_id=875\" \/>\n<meta property=\"og:site_name\" content=\"Dr. med. Harald Lemke\" \/>\n<meta property=\"article:modified_time\" content=\"2022-09-10T21:52:45+00:00\" \/>\n<meta name=\"twitter:card\" content=\"summary_large_image\" \/>\n<meta name=\"twitter:label1\" content=\"Gesch\u00e4tzte Lesezeit\" \/>\n\t<meta name=\"twitter:data1\" content=\"2\u00a0Minuten\" \/>\n<script type=\"application\/ld+json\" class=\"yoast-schema-graph\">{\"@context\":\"https:\/\/schema.org\",\"@graph\":[{\"@type\":\"WebPage\",\"@id\":\"https:\/\/xn--praxis-lemke-eckernfrde-rlc.de\/?page_id=875\",\"url\":\"https:\/\/xn--praxis-lemke-eckernfrde-rlc.de\/?page_id=875\",\"name\":\"Kr\u00e4utertherapie - Dr. med. Harald Lemke\",\"isPartOf\":{\"@id\":\"https:\/\/xn--praxis-lemke-eckernfrde-rlc.de\/#website\"},\"datePublished\":\"2020-04-05T08:39:57+00:00\",\"dateModified\":\"2022-09-10T21:52:45+00:00\",\"breadcrumb\":{\"@id\":\"https:\/\/xn--praxis-lemke-eckernfrde-rlc.de\/?page_id=875#breadcrumb\"},\"inLanguage\":\"de\",\"potentialAction\":[{\"@type\":\"ReadAction\",\"target\":[\"https:\/\/xn--praxis-lemke-eckernfrde-rlc.de\/?page_id=875\"]}]},{\"@type\":\"BreadcrumbList\",\"@id\":\"https:\/\/xn--praxis-lemke-eckernfrde-rlc.de\/?page_id=875#breadcrumb\",\"itemListElement\":[{\"@type\":\"ListItem\",\"position\":1,\"name\":\"Startseite\",\"item\":\"https:\/\/xn--praxis-lemke-eckernfrde-rlc.de\/\"},{\"@type\":\"ListItem\",\"position\":2,\"name\":\"Kr\u00e4utertherapie\"}]},{\"@type\":\"WebSite\",\"@id\":\"https:\/\/xn--praxis-lemke-eckernfrde-rlc.de\/#website\",\"url\":\"https:\/\/xn--praxis-lemke-eckernfrde-rlc.de\/\",\"name\":\"https:\/\/xn--praxis-lemke-eckernfrde-rlc.de\/\",\"description\":\"Praxis f\u00fcr Ostasiatische Heilverfahren &amp; Integrative Medizin\",\"potentialAction\":[{\"@type\":\"SearchAction\",\"target\":{\"@type\":\"EntryPoint\",\"urlTemplate\":\"https:\/\/xn--praxis-lemke-eckernfrde-rlc.de\/?s={search_term_string}\"},\"query-input\":{\"@type\":\"PropertyValueSpecification\",\"valueRequired\":true,\"valueName\":\"search_term_string\"}}],\"inLanguage\":\"de\"}]}<\/script>\n<!-- \/ Yoast SEO plugin. -->","yoast_head_json":{"title":"Kr\u00e4utertherapie - Dr. med. Harald Lemke","robots":{"index":"index","follow":"follow","max-snippet":"max-snippet:-1","max-image-preview":"max-image-preview:large","max-video-preview":"max-video-preview:-1"},"canonical":"https:\/\/xn--praxis-lemke-eckernfrde-rlc.de\/?page_id=875","og_locale":"de_DE","og_type":"article","og_title":"Kr\u00e4utertherapie - Dr. med. Harald Lemke","og_description":"Wie auch in der Akupunktur zeichnet sich die Kr\u00e4uterheilkunde durch eine Vielzahl unterschiedlicher Schulen aus. Manche stehen in langer Tradition und gehen auf klassische Ursprungsschulen zur\u00fcck, andere leiten sich aus der modernen TCM ab und wieder andere vereinfachen nach Belieben [&hellip;]","og_url":"https:\/\/xn--praxis-lemke-eckernfrde-rlc.de\/?page_id=875","og_site_name":"Dr. med. Harald Lemke","article_modified_time":"2022-09-10T21:52:45+00:00","twitter_card":"summary_large_image","twitter_misc":{"Gesch\u00e4tzte Lesezeit":"2\u00a0Minuten"},"schema":{"@context":"https:\/\/schema.org","@graph":[{"@type":"WebPage","@id":"https:\/\/xn--praxis-lemke-eckernfrde-rlc.de\/?page_id=875","url":"https:\/\/xn--praxis-lemke-eckernfrde-rlc.de\/?page_id=875","name":"Kr\u00e4utertherapie - Dr. med. Harald Lemke","isPartOf":{"@id":"https:\/\/xn--praxis-lemke-eckernfrde-rlc.de\/#website"},"datePublished":"2020-04-05T08:39:57+00:00","dateModified":"2022-09-10T21:52:45+00:00","breadcrumb":{"@id":"https:\/\/xn--praxis-lemke-eckernfrde-rlc.de\/?page_id=875#breadcrumb"},"inLanguage":"de","potentialAction":[{"@type":"ReadAction","target":["https:\/\/xn--praxis-lemke-eckernfrde-rlc.de\/?page_id=875"]}]},{"@type":"BreadcrumbList","@id":"https:\/\/xn--praxis-lemke-eckernfrde-rlc.de\/?page_id=875#breadcrumb","itemListElement":[{"@type":"ListItem","position":1,"name":"Startseite","item":"https:\/\/xn--praxis-lemke-eckernfrde-rlc.de\/"},{"@type":"ListItem","position":2,"name":"Kr\u00e4utertherapie"}]},{"@type":"WebSite","@id":"https:\/\/xn--praxis-lemke-eckernfrde-rlc.de\/#website","url":"https:\/\/xn--praxis-lemke-eckernfrde-rlc.de\/","name":"https:\/\/xn--praxis-lemke-eckernfrde-rlc.de\/","description":"Praxis f\u00fcr Ostasiatische Heilverfahren &amp; Integrative Medizin","potentialAction":[{"@type":"SearchAction","target":{"@type":"EntryPoint","urlTemplate":"https:\/\/xn--praxis-lemke-eckernfrde-rlc.de\/?s={search_term_string}"},"query-input":{"@type":"PropertyValueSpecification","valueRequired":true,"valueName":"search_term_string"}}],"inLanguage":"de"}]}},"_links":{"self":[{"href":"https:\/\/xn--praxis-lemke-eckernfrde-rlc.de\/index.php?rest_route=\/wp\/v2\/pages\/875"}],"collection":[{"href":"https:\/\/xn--praxis-lemke-eckernfrde-rlc.de\/index.php?rest_route=\/wp\/v2\/pages"}],"about":[{"href":"https:\/\/xn--praxis-lemke-eckernfrde-rlc.de\/index.php?rest_route=\/wp\/v2\/types\/page"}],"author":[{"embeddable":true,"href":"https:\/\/xn--praxis-lemke-eckernfrde-rlc.de\/index.php?rest_route=\/wp\/v2\/users\/1"}],"replies":[{"embeddable":true,"href":"https:\/\/xn--praxis-lemke-eckernfrde-rlc.de\/index.php?rest_route=%2Fwp%2Fv2%2Fcomments&post=875"}],"version-history":[{"count":16,"href":"https:\/\/xn--praxis-lemke-eckernfrde-rlc.de\/index.php?rest_route=\/wp\/v2\/pages\/875\/revisions"}],"predecessor-version":[{"id":1630,"href":"https:\/\/xn--praxis-lemke-eckernfrde-rlc.de\/index.php?rest_route=\/wp\/v2\/pages\/875\/revisions\/1630"}],"wp:attachment":[{"href":"https:\/\/xn--praxis-lemke-eckernfrde-rlc.de\/index.php?rest_route=%2Fwp%2Fv2%2Fmedia&parent=875"}],"curies":[{"name":"wp","href":"https:\/\/api.w.org\/{rel}","templated":true}]}}