{"id":971,"date":"2020-04-05T13:49:04","date_gmt":"2020-04-05T11:49:04","guid":{"rendered":"http:\/\/xn--praxis-lemke-eckernfrde-rlc.de\/?page_id=971"},"modified":"2024-08-10T11:42:56","modified_gmt":"2024-08-10T09:42:56","slug":"20-jahre-chinesische-medizin-mehr","status":"publish","type":"page","link":"https:\/\/xn--praxis-lemke-eckernfrde-rlc.de\/?page_id=971","title":{"rendered":"20 Jahre Chinesische Medizin &#038; dar\u00fcber hinaus"},"content":{"rendered":"\n<p><strong>BJ Palmer:&nbsp;<\/strong>&#8222;In der Medizin geht es um Krankheiten und darum, was Menschen dem Tode n\u00e4her bringt &#8211; in der Chiropraktik geht es um das Leben und was Menschen LEBEN l\u00e4sst.&#8220;<\/p>\n\n\n\n<p><strong>Cody Dodo:<\/strong>&nbsp;&#8222;Klassische Akupunktur benennt keine Krankheiten wie sie auch keine Krankheiten behandelt. Die Menschen&#8220;, die wir behandeln, aber &#8222;haben eine Reihe schulmedizinischer Diagnosen wie&#8230;&#8220;<\/p>\n\n\n\n<p><strong>Traci Kanzawa:<\/strong>&nbsp;&#8222;Ich glaube nicht an das Behandeln von Krankheiten sondern das &#8218;Wiederherstellen&#8220; von Gesundheit. \u00dcber die von mir angewandten Behandlungsmethoden helfe ich Ihrem K\u00f6rper in ein besseres Gleichgewicht zu finden und hier\u00fcber Ihre absolut gegebene F\u00e4higkeit zur Selbstheilung zu stimulieren, damit Sie sich wieder f\u00fchlen k\u00f6nnen, wie Sie es sich erhoffen.&#8220;&nbsp;<\/p>\n\n\n\n<p><strong>adaptiertes Cherokee Proverb:&nbsp;<\/strong>&#8222;Wenn Sie auf Ihren K\u00f6rper h\u00f6ren wenn er beginnt zu fl\u00fcstern, m\u00fcssen Sie ihm nicht irgendwann beim Schreien zuh\u00f6ren.&#8220;<\/p>\n\n\n\n<p>In der <strong>Praxis f\u00fcr Ostasiatische Heilverfahren &amp; Integrative Medizin<\/strong> werden ausnahmslos<strong> <em>alle<\/em> <\/strong>Beschwerdebilder behandelt &#8211; soweit umsetzbar &amp; m\u00f6glich. Manche Erkrankungen haben Spezialisierungen hervorgebracht, denen ich, soweit erforderlich, besondere Aufmerksamkeit schenke. Hierzu geh\u00f6ren u.a. die &#8222;Augenakupunktur&#8220; (vergleichbar Dr. Rosenfarb, Savir-Therapie, LumiThera) die Integrative Onkologie (Dr. Yair Maimon), die Sch\u00e4delakupunktur (Dr. Suzanne Robidoux, Dr. Jason Hao) bei neurologischen Leiden. Dabei erg\u00e4nzt mein Angebot das schulmedizinisch Verf\u00fcgbare. <\/p>\n\n\n\n<p>Seit dem Jahr 2000 bin ich unerm\u00fcdlich wie unbeirrbar dabei mir aus der Vielzahl an Methoden jene zu w\u00e4hlen, die einfach &#8222;funktionieren&#8220;. &#8222;The proof is in the pudding&#8220; sagte schon Meister Doo Wei. <\/p>\n\n\n\n<p class=\"has-text-align-center\"><strong><em>mit<\/em> August 2023: <\/strong><\/p>\n\n\n\n<p class=\"has-text-align-center\">findet die <strong>Einnadelakupunktur<\/strong> nach SlaBu prim\u00e4re Ber\u00fccksichtigung &#8211; mehr hierzu unter dem Punkt <strong><a href=\"https:\/\/xn--praxis-lemke-eckernfrde-rlc.de\/?page_id=1782\" target=\"_blank\" rel=\"noreferrer noopener\"><mark style=\"background-color:rgba(0, 0, 0, 0)\" class=\"has-inline-color has-vivid-red-color\">Akupunktur<\/mark><\/a><\/strong><\/p>\n\n\n\n<p class=\"has-text-align-center\"><strong><em>mit<\/em> August 2024:<\/strong><\/p>\n\n\n\n<p class=\"has-text-align-center\">beh\u00e4lt die <strong>Einnadelakupunktur<\/strong> nach SlaBu ihren besonderen Stellenwert in meiner Arbeit (gern in Kombination mit den Verfahren zum Behandeln von Augenleiden), wird jedoch in den meisten F\u00e4llen durch das 4 bis 5 Nadelapplizieren nach Kanzawa basierend auf der<\/p>\n\n\n\n<p class=\"has-text-align-center\">Zonen basierten Diagnostik \/ Therapie Goldmans\/Fleet abgel\u00f6st und jenes mit der 4 Nadel Elektrofrequenzapplikation Steiners in synergistischem Sinne vereint. <\/p>\n","protected":false},"excerpt":{"rendered":"<p>BJ Palmer:&nbsp;&#8222;In der Medizin geht es um Krankheiten und darum, was Menschen dem Tode n\u00e4her bringt &#8211; in der Chiropraktik geht es um das Leben und was Menschen LEBEN l\u00e4sst.&#8220; Cody Dodo:&nbsp;&#8222;Klassische Akupunktur benennt keine Krankheiten wie sie auch keine [&hellip;]<\/p>\n","protected":false},"author":1,"featured_media":0,"parent":0,"menu_order":0,"comment_status":"closed","ping_status":"closed","template":"","meta":{"footnotes":""},"class_list":["post-971","page","type-page","status-publish","hentry","clearfix"],"yoast_head":"<!-- This site is optimized with the Yoast SEO plugin v25.6 - https:\/\/yoast.com\/wordpress\/plugins\/seo\/ -->\n<title>20 Jahre Chinesische Medizin &amp; dar\u00fcber hinaus - Dr. med. Harald Lemke<\/title>\n<meta name=\"robots\" content=\"index, follow, max-snippet:-1, max-image-preview:large, max-video-preview:-1\" \/>\n<link rel=\"canonical\" href=\"https:\/\/xn--praxis-lemke-eckernfrde-rlc.de\/?page_id=971\" \/>\n<meta property=\"og:locale\" content=\"de_DE\" \/>\n<meta property=\"og:type\" content=\"article\" \/>\n<meta property=\"og:title\" content=\"20 Jahre Chinesische Medizin &amp; dar\u00fcber hinaus - Dr. med. Harald Lemke\" \/>\n<meta property=\"og:description\" content=\"BJ Palmer:&nbsp;&#8222;In der Medizin geht es um Krankheiten und darum, was Menschen dem Tode n\u00e4her bringt &#8211; in der Chiropraktik geht es um das Leben und was Menschen LEBEN l\u00e4sst.&#8220; Cody Dodo:&nbsp;&#8222;Klassische Akupunktur benennt keine Krankheiten wie sie auch keine [&hellip;]\" \/>\n<meta property=\"og:url\" content=\"https:\/\/xn--praxis-lemke-eckernfrde-rlc.de\/?page_id=971\" \/>\n<meta property=\"og:site_name\" content=\"Dr. med. Harald Lemke\" \/>\n<meta property=\"article:modified_time\" content=\"2024-08-10T09:42:56+00:00\" \/>\n<meta name=\"twitter:card\" content=\"summary_large_image\" \/>\n<meta name=\"twitter:label1\" content=\"Gesch\u00e4tzte Lesezeit\" \/>\n\t<meta name=\"twitter:data1\" content=\"2\u00a0Minuten\" \/>\n<script type=\"application\/ld+json\" class=\"yoast-schema-graph\">{\"@context\":\"https:\/\/schema.org\",\"@graph\":[{\"@type\":\"WebPage\",\"@id\":\"https:\/\/xn--praxis-lemke-eckernfrde-rlc.de\/?page_id=971\",\"url\":\"https:\/\/xn--praxis-lemke-eckernfrde-rlc.de\/?page_id=971\",\"name\":\"20 Jahre Chinesische Medizin & dar\u00fcber hinaus - Dr. med. Harald Lemke\",\"isPartOf\":{\"@id\":\"https:\/\/xn--praxis-lemke-eckernfrde-rlc.de\/#website\"},\"datePublished\":\"2020-04-05T11:49:04+00:00\",\"dateModified\":\"2024-08-10T09:42:56+00:00\",\"breadcrumb\":{\"@id\":\"https:\/\/xn--praxis-lemke-eckernfrde-rlc.de\/?page_id=971#breadcrumb\"},\"inLanguage\":\"de\",\"potentialAction\":[{\"@type\":\"ReadAction\",\"target\":[\"https:\/\/xn--praxis-lemke-eckernfrde-rlc.de\/?page_id=971\"]}]},{\"@type\":\"BreadcrumbList\",\"@id\":\"https:\/\/xn--praxis-lemke-eckernfrde-rlc.de\/?page_id=971#breadcrumb\",\"itemListElement\":[{\"@type\":\"ListItem\",\"position\":1,\"name\":\"Startseite\",\"item\":\"https:\/\/xn--praxis-lemke-eckernfrde-rlc.de\/\"},{\"@type\":\"ListItem\",\"position\":2,\"name\":\"20 Jahre Chinesische Medizin &#038; dar\u00fcber hinaus\"}]},{\"@type\":\"WebSite\",\"@id\":\"https:\/\/xn--praxis-lemke-eckernfrde-rlc.de\/#website\",\"url\":\"https:\/\/xn--praxis-lemke-eckernfrde-rlc.de\/\",\"name\":\"https:\/\/xn--praxis-lemke-eckernfrde-rlc.de\/\",\"description\":\"Praxis f\u00fcr Ostasiatische Heilverfahren &amp; Integrative Medizin\",\"potentialAction\":[{\"@type\":\"SearchAction\",\"target\":{\"@type\":\"EntryPoint\",\"urlTemplate\":\"https:\/\/xn--praxis-lemke-eckernfrde-rlc.de\/?s={search_term_string}\"},\"query-input\":{\"@type\":\"PropertyValueSpecification\",\"valueRequired\":true,\"valueName\":\"search_term_string\"}}],\"inLanguage\":\"de\"}]}<\/script>\n<!-- \/ Yoast SEO plugin. -->","yoast_head_json":{"title":"20 Jahre Chinesische Medizin & dar\u00fcber hinaus - Dr. med. Harald Lemke","robots":{"index":"index","follow":"follow","max-snippet":"max-snippet:-1","max-image-preview":"max-image-preview:large","max-video-preview":"max-video-preview:-1"},"canonical":"https:\/\/xn--praxis-lemke-eckernfrde-rlc.de\/?page_id=971","og_locale":"de_DE","og_type":"article","og_title":"20 Jahre Chinesische Medizin & dar\u00fcber hinaus - Dr. med. Harald Lemke","og_description":"BJ Palmer:&nbsp;&#8222;In der Medizin geht es um Krankheiten und darum, was Menschen dem Tode n\u00e4her bringt &#8211; in der Chiropraktik geht es um das Leben und was Menschen LEBEN l\u00e4sst.&#8220; Cody Dodo:&nbsp;&#8222;Klassische Akupunktur benennt keine Krankheiten wie sie auch keine [&hellip;]","og_url":"https:\/\/xn--praxis-lemke-eckernfrde-rlc.de\/?page_id=971","og_site_name":"Dr. med. Harald Lemke","article_modified_time":"2024-08-10T09:42:56+00:00","twitter_card":"summary_large_image","twitter_misc":{"Gesch\u00e4tzte Lesezeit":"2\u00a0Minuten"},"schema":{"@context":"https:\/\/schema.org","@graph":[{"@type":"WebPage","@id":"https:\/\/xn--praxis-lemke-eckernfrde-rlc.de\/?page_id=971","url":"https:\/\/xn--praxis-lemke-eckernfrde-rlc.de\/?page_id=971","name":"20 Jahre Chinesische Medizin & dar\u00fcber hinaus - Dr. med. Harald Lemke","isPartOf":{"@id":"https:\/\/xn--praxis-lemke-eckernfrde-rlc.de\/#website"},"datePublished":"2020-04-05T11:49:04+00:00","dateModified":"2024-08-10T09:42:56+00:00","breadcrumb":{"@id":"https:\/\/xn--praxis-lemke-eckernfrde-rlc.de\/?page_id=971#breadcrumb"},"inLanguage":"de","potentialAction":[{"@type":"ReadAction","target":["https:\/\/xn--praxis-lemke-eckernfrde-rlc.de\/?page_id=971"]}]},{"@type":"BreadcrumbList","@id":"https:\/\/xn--praxis-lemke-eckernfrde-rlc.de\/?page_id=971#breadcrumb","itemListElement":[{"@type":"ListItem","position":1,"name":"Startseite","item":"https:\/\/xn--praxis-lemke-eckernfrde-rlc.de\/"},{"@type":"ListItem","position":2,"name":"20 Jahre Chinesische Medizin &#038; dar\u00fcber hinaus"}]},{"@type":"WebSite","@id":"https:\/\/xn--praxis-lemke-eckernfrde-rlc.de\/#website","url":"https:\/\/xn--praxis-lemke-eckernfrde-rlc.de\/","name":"https:\/\/xn--praxis-lemke-eckernfrde-rlc.de\/","description":"Praxis f\u00fcr Ostasiatische Heilverfahren &amp; Integrative Medizin","potentialAction":[{"@type":"SearchAction","target":{"@type":"EntryPoint","urlTemplate":"https:\/\/xn--praxis-lemke-eckernfrde-rlc.de\/?s={search_term_string}"},"query-input":{"@type":"PropertyValueSpecification","valueRequired":true,"valueName":"search_term_string"}}],"inLanguage":"de"}]}},"_links":{"self":[{"href":"https:\/\/xn--praxis-lemke-eckernfrde-rlc.de\/index.php?rest_route=\/wp\/v2\/pages\/971"}],"collection":[{"href":"https:\/\/xn--praxis-lemke-eckernfrde-rlc.de\/index.php?rest_route=\/wp\/v2\/pages"}],"about":[{"href":"https:\/\/xn--praxis-lemke-eckernfrde-rlc.de\/index.php?rest_route=\/wp\/v2\/types\/page"}],"author":[{"embeddable":true,"href":"https:\/\/xn--praxis-lemke-eckernfrde-rlc.de\/index.php?rest_route=\/wp\/v2\/users\/1"}],"replies":[{"embeddable":true,"href":"https:\/\/xn--praxis-lemke-eckernfrde-rlc.de\/index.php?rest_route=%2Fwp%2Fv2%2Fcomments&post=971"}],"version-history":[{"count":47,"href":"https:\/\/xn--praxis-lemke-eckernfrde-rlc.de\/index.php?rest_route=\/wp\/v2\/pages\/971\/revisions"}],"predecessor-version":[{"id":1999,"href":"https:\/\/xn--praxis-lemke-eckernfrde-rlc.de\/index.php?rest_route=\/wp\/v2\/pages\/971\/revisions\/1999"}],"wp:attachment":[{"href":"https:\/\/xn--praxis-lemke-eckernfrde-rlc.de\/index.php?rest_route=%2Fwp%2Fv2%2Fmedia&parent=971"}],"curies":[{"name":"wp","href":"https:\/\/api.w.org\/{rel}","templated":true}]}}